{"id":10124,"date":"2025-05-06T11:33:56","date_gmt":"2025-05-06T09:33:56","guid":{"rendered":"https:\/\/www.fourgrandmere.com\/produit\/mobiler-holzbackofen-suzette-ziegelsteine\/"},"modified":"2025-06-03T16:00:39","modified_gmt":"2025-06-03T14:00:39","slug":"suzette-ziegelsteine","status":"publish","type":"product","link":"https:\/\/www.fourgrandmere.com\/de\/produit\/suzette-ziegelsteine\/","title":{"rendered":"Mobiler Holzbackofen Suzette Ziegelsteine"},"content":{"rendered":"<p>Mit seiner 80 cm langen, handgefertigten Gew\u00f6lbe und Boden bietet Ihnen Suzette alle Vorteile eines traditionellen Holzbackofens.<\/p>\n<p>Sie k\u00f6nnen darin Pizzen, Gegrilltes und Spie\u00dfe zubereiten, aber auch Brot und Gerichte, die lange geschmort oder ger\u00e4uchert werden.<\/p>\n<p>Das Innere des Ofens besteht aus Ziegelsteinen, ist gut isoliert und hat ein niedriges Gew\u00f6lbe, das die W\u00e4rme \u00fcber viele Stunden h\u00e4lt.<br \/>\nDer Suzette-Ofen wird als Bausatz geliefert und enth\u00e4lt au\u00dferdem eine Glast\u00fcr, die dank des Venturi-Effekts sehr pflegeleicht ist, eine wei\u00dfe Verkleidung aus Kunstharz sowie einen doppelwandigen Schornstein mit einem h\u00fcbschen Hut auf der Spitze.<\/p>\n<p>Das Ganze ist auf einem stabilen Gestell aus pulverbeschichtetem Metall mit 4 F\u00fc\u00dfen und einer eleganten Ablage aus L\u00e4rchenholz montiert. Dank eines Satzes von 4 Lenkrollen k\u00f6nnen Sie Suzette leicht auf einer Terrasse oder einem anderen harten Boden bewegen.<\/p>\n<p>Dieser traditionelle Holzbackofen aus Ziegelsteinen wird in Frankreich in unserer Werkstatt in den Vogesen hergestellt.<\/p>\n<h4>Garantie und Kundendienst<\/h4>\n<p>Wir gew\u00e4hren eine <strong>Garantie von 20 Jahren<\/strong> auf das Gew\u00f6lbe und die Sohle von Suzette ziegelsteine mit konformer Benutzung und gekauft in L\u00e4ndern der Europ\u00e4ischen Union, in Grossbritannien, in Norwegen oder in der Schweiz. Sollten Sie zu unseren Produkte weitere Fragen haben, so stehen wir oder unsere <a href=\"https:\/\/www.fourgrandmere.com\/de\/revendeurs\/\">Wiederverk\u00e4ufer<\/a> zwecks Kl\u00e4rung jederzeit gern zur Verf\u00fcgung.<\/p>\n<p><iframe title=\"Design, performance, tradition : Accueillons SUZETTE !\" width=\"500\" height=\"281\" src=\"https:\/\/www.youtube.com\/embed\/asT0KgkqKWQ?feature=oembed\" frameborder=\"0\" allow=\"accelerometer; autoplay; clipboard-write; encrypted-media; gyroscope; picture-in-picture; web-share\" referrerpolicy=\"strict-origin-when-cross-origin\" allowfullscreen><\/iframe><\/p>\n","protected":false},"excerpt":{"rendered":"<p>Unter ihrer eleganten, zeitgen\u00f6ssischen Schale aus Kunstharz verbirgt Suzette einen authentischen, traditionellen Holzbackofen aus Ziegelsteinen.<br \/>\nM\u00f6chten Sie einen mobilen Holzofen erwerben? Dank des robusten Metallst\u00e4nders mit 4 Lenkrollen k\u00f6nnen Sie diesen Holzbackofen je nach Jahreszeit ganz einfach von drinnen nach drau\u00dfen transportieren.<br \/>\nIn seiner Gesamtheit \u00a0wird die Ware als montagefertiger Bausatz geliefert.<\/p>\n","protected":false},"featured_media":10037,"comment_status":"open","ping_status":"closed","template":"","meta":{"_acf_changed":false},"product_brand":[],"product_cat":[319],"product_tag":[797],"class_list":{"0":"post-10124","1":"product","2":"type-product","3":"status-publish","4":"has-post-thumbnail","6":"product_cat-klassische-fen","7":"product_tag-four-de","9":"first","10":"outofstock","11":"taxable","12":"shipping-taxable","13":"purchasable","14":"product-type-simple"},"acf":[],"_links":{"self":[{"href":"https:\/\/www.fourgrandmere.com\/de\/wp-json\/wp\/v2\/product\/10124","targetHints":{"allow":["GET"]}}],"collection":[{"href":"https:\/\/www.fourgrandmere.com\/de\/wp-json\/wp\/v2\/product"}],"about":[{"href":"https:\/\/www.fourgrandmere.com\/de\/wp-json\/wp\/v2\/types\/product"}],"replies":[{"embeddable":true,"href":"https:\/\/www.fourgrandmere.com\/de\/wp-json\/wp\/v2\/comments?post=10124"}],"wp:featuredmedia":[{"embeddable":true,"href":"https:\/\/www.fourgrandmere.com\/de\/wp-json\/wp\/v2\/media\/10037"}],"wp:attachment":[{"href":"https:\/\/www.fourgrandmere.com\/de\/wp-json\/wp\/v2\/media?parent=10124"}],"wp:term":[{"taxonomy":"product_brand","embeddable":true,"href":"https:\/\/www.fourgrandmere.com\/de\/wp-json\/wp\/v2\/product_brand?post=10124"},{"taxonomy":"product_cat","embeddable":true,"href":"https:\/\/www.fourgrandmere.com\/de\/wp-json\/wp\/v2\/product_cat?post=10124"},{"taxonomy":"product_tag","embeddable":true,"href":"https:\/\/www.fourgrandmere.com\/de\/wp-json\/wp\/v2\/product_tag?post=10124"}],"curies":[{"name":"wp","href":"https:\/\/api.w.org\/{rel}","templated":true}]}}