{"id":1913,"date":"2012-12-05T13:48:48","date_gmt":"2012-12-05T13:48:48","guid":{"rendered":"https:\/\/www.fourgrandmere.com\/?post_type=product&#038;p=1913"},"modified":"2025-11-25T09:20:45","modified_gmt":"2025-11-25T08:20:45","slug":"marmiton-2","status":"publish","type":"product","link":"https:\/\/www.fourgrandmere.com\/de\/produit\/marmiton-2\/","title":{"rendered":"Holzbackofen Le Marmiton"},"content":{"rendered":"<p><strong>Der kleine holzbefeuerte Ofen, so perfekt wie ein gro\u00dfes Modell !\u00a0<\/strong><\/p>\n<p>Dieser kleinere Backsteinofen ist ideal f\u00fcr ein Essen mit der Familie oder <strong>mit Freunden<\/strong>. Nach dem Aufheizen bleibt diese <strong>ausgemauerte Vorf\u00fchrung<\/strong> \u201e Le Marmiton \u201elange warm, da seine 8 cm dicke Schicht die W\u00e4rme \u00fcber viele Stunden speichert.<\/p>\n<p>Sie k\u00f6nnen die verschiedenen Speisen direkt \u00fcber der Flamme zubereiten wie zum Beispiel Pizza und Flammenkuchen, oder grillen. Der Ofen kann aber auch geschlossen genutzt werden zum Backen von Brot, Kuchen, Zubereitung von Gratins und Schmorgerichten.Die Tr\u00e4gheit dieses Ofens aus Ziegelsteine ist absolut bemerkenswert und erm\u00f6glicht es Ihnen,\u00a0 z. B. nach einem Pizzaabend <strong>48 Stunden lang hintereinander zu backen<\/strong>!<\/p>\n<p>Der Ofen \u00ab\u00a0Le Marmiton\u00a0\u00bb kann sowohl im Haus als auch im Freien installiert werden\u00a0: die verwendeten Materialien sind Frost-und Witterungsbest\u00e4ndig.<\/p>\n<p>Sie bevorzugen das Gleiche, aber gr\u00f6\u00dfer? In der Familie der <strong>Excellence-Back\u00f6fen<\/strong> entdecken Sie seine gro\u00dfen Br\u00fcder: den Campagnard (8 G\u00e4ste) und den Gourmet (12 G\u00e4ste).<\/p>\n<h4>Die Haube : als Sonderausstattung unsere Verkleidung<\/h4>\n<p>Sie k\u00f6nnen den Ofen Le Marmiton nach Ihrem Geschmack verkleiden oder eine ma\u00df gefertigte Verkleidung bestellen. Die Haube ist montagefertig und passt perfekt zu den Massen Ihres Holzofens.<\/p>\n<h4>Garantie und Kundendienst<\/h4>\n<p>Le Marmiton (auch mit einer Erh\u00f6hung) hat eine <strong>20-j\u00e4hrige Garantie<\/strong> f\u00fcr den normalen Hausgebrauch in der gesamten Europ\u00e4ischen Union, Gro\u00dfbritannien, Norwegen und der Schweiz. Wenn Sie Fragen haben oder Ratschl\u00e4ge zur Verwendung ben\u00f6tigen, wenden Sie sich bitte an uns oder einen unserer autorisierten H\u00e4ndler<span style=\"font-weight: 400;\">.<\/span><\/p>\n","protected":false},"excerpt":{"rendered":"<p>Auf seiner Backplatte mit einem Durchmesser von 70 cm k\u00f6nnen Sie gleichzeitig 2 Pizzen oder 2 Flammkuchen von 29 cm, 3 Schmorgerichte, 3 Kilo Brot &#8230; backen.<br \/>\nPizza-, Brot- und Grillofen, und sogar R\u00e4ucherofen und Trockner: Unser kleinster traditioneller Backofen kann alles wie ein Gro\u00dfer !<\/p>\n","protected":false},"featured_media":7712,"comment_status":"open","ping_status":"closed","template":"","meta":{"_acf_changed":false},"product_brand":[],"product_cat":[319,307],"product_tag":[797],"class_list":{"0":"post-1913","1":"product","2":"type-product","3":"status-publish","4":"has-post-thumbnail","6":"product_cat-klassische-fen","7":"product_cat-private-holzbackofen","8":"product_tag-four-de","9":"pa_contenance-specifique-1-pizzas-mit-40-cm-durchmesser","10":"pa_contenance-specifique-2-pizzen-mit-36-cm-durchmesser","11":"pa_contenance-specifique-2-pizzen-mit-40-cm-durchmesser","12":"pa_contenance-specifique-3-kg-brot","13":"pa_contenance-specifique-3-pizzen-mit-28-cm-durchmesser","14":"pa_contenance-specifique-3-pizzen-mit-33-cm-durchmesser","15":"pa_contenance-specifique-3-pizzen-mit-40-cm-durchmesser","16":"pa_contenance-specifique-3-tabletts-mit-36-cm-durchmesser-de","17":"pa_contenance-specifique-3-tabletts-mit-36-cm-durchmesser","18":"pa_contenance-specifique-4-pizzen-mit-33-cm-durchmesser","19":"pa_contenance-specifique-4-pizzen-mit-40-cm-durchmesser","20":"pa_contenance-specifique-4-pizzen-mit-40-cm-durchmesser-de","21":"pa_contenance-specifique-5-pizzen-mit-30-cm-durchmesser","22":"pa_contenance-specifique-5-tabletts-mit-36-cm-durchmesser","23":"pa_contenance-specifique-5-tabletts-mit-47-cm-durchmesser","24":"pa_contenance-specifique-5-tabletts-mit-o-47cm-und-1-tablett-mit-o-32cm","25":"pa_contenance-specifique-6-kg-brot","26":"pa_contenance-specifique-6-tabletts-mit-32-cm-durchmesser","27":"pa_contenance-specifique-6-tabletts-mit-o-32-und-ein-zentrales-tablett-mit-36-cm-lange","28":"pa_contenance-specifique-9-pizzen-mit-33-cm-durchmesser","30":"first","31":"instock","32":"taxable","33":"shipping-taxable","34":"purchasable","35":"product-type-simple"},"acf":[],"_links":{"self":[{"href":"https:\/\/www.fourgrandmere.com\/de\/wp-json\/wp\/v2\/product\/1913","targetHints":{"allow":["GET"]}}],"collection":[{"href":"https:\/\/www.fourgrandmere.com\/de\/wp-json\/wp\/v2\/product"}],"about":[{"href":"https:\/\/www.fourgrandmere.com\/de\/wp-json\/wp\/v2\/types\/product"}],"replies":[{"embeddable":true,"href":"https:\/\/www.fourgrandmere.com\/de\/wp-json\/wp\/v2\/comments?post=1913"}],"wp:featuredmedia":[{"embeddable":true,"href":"https:\/\/www.fourgrandmere.com\/de\/wp-json\/wp\/v2\/media\/7712"}],"wp:attachment":[{"href":"https:\/\/www.fourgrandmere.com\/de\/wp-json\/wp\/v2\/media?parent=1913"}],"wp:term":[{"taxonomy":"product_brand","embeddable":true,"href":"https:\/\/www.fourgrandmere.com\/de\/wp-json\/wp\/v2\/product_brand?post=1913"},{"taxonomy":"product_cat","embeddable":true,"href":"https:\/\/www.fourgrandmere.com\/de\/wp-json\/wp\/v2\/product_cat?post=1913"},{"taxonomy":"product_tag","embeddable":true,"href":"https:\/\/www.fourgrandmere.com\/de\/wp-json\/wp\/v2\/product_tag?post=1913"}],"curies":[{"name":"wp","href":"https:\/\/api.w.org\/{rel}","templated":true}]}}