{"id":1925,"date":"2012-12-05T13:56:28","date_gmt":"2012-12-05T13:56:28","guid":{"rendered":"https:\/\/www.fourgrandmere.com\/?post_type=product&#038;p=1925"},"modified":"2025-05-28T09:42:40","modified_gmt":"2025-05-28T07:42:40","slug":"campagnard-2","status":"publish","type":"product","link":"https:\/\/www.fourgrandmere.com\/de\/produit\/campagnard-2\/","title":{"rendered":"Holzbackofen Le Campagnard"},"content":{"rendered":"<p>Der Campagnard ist ein traditioneller holzbefeuerter Ofen. Er wurde entwickelt um Gaumenfreuden das ganze Jahr \u00fcber zu garantieren. Seine Gr\u00f6\u00dfe ist perfekt f\u00fcr 12 G\u00e4ste.<\/p>\n<p>Nach einer Aufheizzeit von 1h30, ist der Holzofen mehrere Stunden lang einsatzbereit. So k\u00f6nnen die verschiedenen Gerichte nacheinander zubereitet werden : Pizzen, Grillwaren, Brot , Kuchen, Schmorgerichte in der Folie so wie k\u00f6stliche Desserts wie Baisers oder gest\u00fcrzte Creme.<\/p>\n<p>Aufgrund seiner harmonischen Ausma\u00dfe und seiner vielf\u00e4ltigen Einsatzm\u00f6glichkeiten, ist der Campagnard seit Jahrzehnten unser meist verkaufter Ofen f\u00fcr Familien. Und sein Erfolg h\u00e4lt weiterhin an !<\/p>\n<p>Sie bevorzugen den Campagnard in einer mobilen Form um den Ofen im Lauf des Jahres anderweitig platzieren zu k\u00f6nnen ? Dann ist der <a href=\"https:\/\/www.fourgrandmere.com\/de\/20-four-carriole.html\">Ofenwagen<\/a> genau das richtige Model : ein holzbefeuerter Ofen auf einer mobilen Basis, dessen Ausstattung der des Campagnard entspricht.<\/p>\n<h4>Garantie und Kundendienst<\/h4>\n<p>Wir gew\u00e4hren eine Garantie von 10 Jahren auf die Haushalts\u00f6fen Campagnard mit konformer Benutzung und gekauft in L\u00e4ndern der Europ\u00e4ischen Union, in Grossbritannien, in Norwegen oder in der Schweiz. Sollten Sie zu unseren Produkte weitere Fragen haben, so\u00a0<a href=\"https:\/\/www.fourgrandmere.com\/de\/kontakt\">stehen wir<\/a> oder\u00a0<a href=\"https:\/\/www.fourgrandmere.com\/de\/shops\">unsere Wiederverk\u00e4ufer<\/a> zwecks Kl\u00e4rung jederzeit gern zur Verf\u00fcgung.<\/p>\n","protected":false},"excerpt":{"rendered":"<p>Tr\u00e4umen Sie davon, Ihre Familie oder Freunde regelm\u00e4\u00dfig einzuladen, um mit ihnen leckere und authentische Gerichte zu teilen? Mit seiner Backplatte mit einem Durchmesser von 80 cm passt sich dieser traditionelle Holzofen an alle Gegebenheiten an, von einem kleinen Grillabend bis hin zu langen Feinschmeckertagen.<\/p>\n<p>Le Campagnard ist seit Jahrzehnten der Bestseller unter den Grand-M\u00e8re-\u00d6fen. Mit diesem Ofen k\u00f6nnen Sie Pizzen, Brot, Aufl\u00e4ufe, Grillgerichte, regionale Gerichte, Kuchen, Kekse &#8230; backen.<\/p>\n","protected":false},"featured_media":7715,"comment_status":"open","ping_status":"closed","template":"","meta":{"_acf_changed":false},"product_brand":[],"product_cat":[319,307],"product_tag":[797],"class_list":{"0":"post-1925","1":"product","2":"type-product","3":"status-publish","4":"has-post-thumbnail","6":"product_cat-klassische-fen","7":"product_cat-private-holzbackofen","8":"product_tag-four-de","10":"first","11":"outofstock","12":"taxable","13":"shipping-taxable","14":"product-type-simple"},"acf":[],"_links":{"self":[{"href":"https:\/\/www.fourgrandmere.com\/de\/wp-json\/wp\/v2\/product\/1925","targetHints":{"allow":["GET"]}}],"collection":[{"href":"https:\/\/www.fourgrandmere.com\/de\/wp-json\/wp\/v2\/product"}],"about":[{"href":"https:\/\/www.fourgrandmere.com\/de\/wp-json\/wp\/v2\/types\/product"}],"replies":[{"embeddable":true,"href":"https:\/\/www.fourgrandmere.com\/de\/wp-json\/wp\/v2\/comments?post=1925"}],"wp:featuredmedia":[{"embeddable":true,"href":"https:\/\/www.fourgrandmere.com\/de\/wp-json\/wp\/v2\/media\/7715"}],"wp:attachment":[{"href":"https:\/\/www.fourgrandmere.com\/de\/wp-json\/wp\/v2\/media?parent=1925"}],"wp:term":[{"taxonomy":"product_brand","embeddable":true,"href":"https:\/\/www.fourgrandmere.com\/de\/wp-json\/wp\/v2\/product_brand?post=1925"},{"taxonomy":"product_cat","embeddable":true,"href":"https:\/\/www.fourgrandmere.com\/de\/wp-json\/wp\/v2\/product_cat?post=1925"},{"taxonomy":"product_tag","embeddable":true,"href":"https:\/\/www.fourgrandmere.com\/de\/wp-json\/wp\/v2\/product_tag?post=1925"}],"curies":[{"name":"wp","href":"https:\/\/api.w.org\/{rel}","templated":true}]}}