{"id":1984,"date":"2012-12-06T14:26:41","date_gmt":"2012-12-06T13:26:41","guid":{"rendered":"https:\/\/www.fourgrandmere.com\/?post_type=product&#038;p=1984"},"modified":"2025-02-12T11:07:48","modified_gmt":"2025-02-12T10:07:48","slug":"r-mische-holzbackofen-f1350-standard","status":"publish","type":"product","link":"https:\/\/www.fourgrandmere.com\/de\/produit\/r-mische-holzbackofen-f1350-standard\/","title":{"rendered":"Holzbackofen 1350 STANDARD f\u00fcr die Gastronomie"},"content":{"rendered":"<p>Der Holzofen 1350 STANDARD wurde f\u00fcr Profis entwickelt und erf\u00fcllt perfekt die Bed\u00fcrfnisse von Restaurantbesitzern und Pizzab\u00e4ckern. Dieser Ofen, der bis zu 60 Pizzen pro Stunde backen kann, ist ein Modell aus der Reihe der <a href=\"https:\/\/www.fourgrandmere.com\/de\/Produktkategorie\/profi-fen\/pizzeria-und-gasthauser\/unsere-romischen-pizzaofen-fur-den-professionellen-gebrauch\/\">r\u00f6mischen Holzback\u00f6fen f\u00fcr Restaurants und Pizzerien<\/a>.<\/p>\n<p>Mit einem Boden aus Backstein und einem 8 cm dicken Gew\u00f6lbe aus feuerfestem Schamott sorgt dieses Modell f\u00fcr eine gleichm\u00e4\u00dfige W\u00e4rmeverteilung, h\u00e4lt die hohen Temperaturen \u00fcber l\u00e4ngere Zeit aufrecht und garantiert so ein gleichm\u00e4\u00dfiges und schnelles Garen. Ob Sie nun knusprige Pizzen, saftige Grillgerichte oder andere \u00fcberbackene Gerichte zubereiten m\u00f6chten, der Backofen 1350 STANDARD wird Sie bei all Ihren kulinarischen Kreationen begleiten und bei jedem Service ein perfektes Ergebnis liefern.<\/p>\n<p>Sein traditionelles Design wird Ihre Kunden sicherlich begeistern. Seine gusseiserne T\u00fcr und sein ausgemauerter Eingangsbogen erinnern an traditionelle \u00d6fen, bieten aber gleichzeitig die Vorteile einer modernen und leistungsstarken Ausstattung. Der Holzbackofen 1350 STANDARD ist ein leistungsstarkes und \u00e4sthetisches Arbeitsger\u00e4t, mit dem Sie Ihr kulinarisches K\u00f6nnen unterstreichen und Ihre Kunden mit dem unvergleichlichen Geschmack der im Holzbackofen gegarten Gerichte in Staunen versetzen k\u00f6nnen.<\/p>\n<h4>Garantie und Kundenservice.<\/h4>\n<p>In Frankreich in unseren Werkst\u00e4tten hergestellter Ofen. <strong>5 Jahre Teilegarantie (10 Jahre mit der Option mit ausgemauertem Gew\u00f6lbe)<\/strong> in der gesamten Europ\u00e4ischen Union, in Gro\u00dfbritannien, Norwegen und der Schweiz bei intensiver gewerblicher Nutzung.<\/p>\n","protected":false},"excerpt":{"rendered":"<p>Entdecken Sie den <strong>Holzbackofen 1350 STANDARD<\/strong>, der f\u00fcr Gastronomen und Pizzab\u00e4cker entwickelt wurde. Er kann bis zu 60 Pizzen pro Stunde backen und garantiert schnelles und gleichm\u00e4\u00dfiges Garen.<\/p>\n","protected":false},"featured_media":1985,"comment_status":"open","ping_status":"closed","template":"","meta":{"_acf_changed":false},"product_brand":[],"product_cat":[367,334,796,337],"product_tag":[797],"class_list":{"0":"post-1984","1":"product","2":"type-product","3":"status-publish","4":"has-post-thumbnail","6":"product_cat-profi-fen","7":"product_cat-pizzeria-und-gasthauser","8":"product_cat-traditionelle-holzbefeuerte-pizzaoefen-fuer-profis","9":"product_cat-unsere-romischen-pizzaofen-fur-den-professionellen-gebrauch","10":"product_tag-four-de","11":"pa_surface-de-la-sole-0-93-de","13":"first","14":"outofstock","15":"downloadable","16":"purchasable","17":"product-type-simple"},"acf":[],"_links":{"self":[{"href":"https:\/\/www.fourgrandmere.com\/de\/wp-json\/wp\/v2\/product\/1984","targetHints":{"allow":["GET"]}}],"collection":[{"href":"https:\/\/www.fourgrandmere.com\/de\/wp-json\/wp\/v2\/product"}],"about":[{"href":"https:\/\/www.fourgrandmere.com\/de\/wp-json\/wp\/v2\/types\/product"}],"replies":[{"embeddable":true,"href":"https:\/\/www.fourgrandmere.com\/de\/wp-json\/wp\/v2\/comments?post=1984"}],"wp:featuredmedia":[{"embeddable":true,"href":"https:\/\/www.fourgrandmere.com\/de\/wp-json\/wp\/v2\/media\/1985"}],"wp:attachment":[{"href":"https:\/\/www.fourgrandmere.com\/de\/wp-json\/wp\/v2\/media?parent=1984"}],"wp:term":[{"taxonomy":"product_brand","embeddable":true,"href":"https:\/\/www.fourgrandmere.com\/de\/wp-json\/wp\/v2\/product_brand?post=1984"},{"taxonomy":"product_cat","embeddable":true,"href":"https:\/\/www.fourgrandmere.com\/de\/wp-json\/wp\/v2\/product_cat?post=1984"},{"taxonomy":"product_tag","embeddable":true,"href":"https:\/\/www.fourgrandmere.com\/de\/wp-json\/wp\/v2\/product_tag?post=1984"}],"curies":[{"name":"wp","href":"https:\/\/api.w.org\/{rel}","templated":true}]}}