{"id":2014,"date":"2012-12-06T15:13:00","date_gmt":"2012-12-06T14:13:00","guid":{"rendered":"https:\/\/www.fourgrandmere.com\/?post_type=product&#038;p=2014"},"modified":"2025-02-11T14:32:35","modified_gmt":"2025-02-11T13:32:35","slug":"r-mische-holzbackofen-pro-950","status":"publish","type":"product","link":"https:\/\/www.fourgrandmere.com\/de\/produit\/r-mische-holzbackofen-pro-950\/","title":{"rendered":"R\u00f6mischer Holzbackofen PRO 950"},"content":{"rendered":"<p>Der Holzbackofen PRO 950 wurde entwickelt, um den Anforderungen von Restaurant- und Pizzab\u00e4ckern gerecht zu werden, die professionelle Leistung mit \u00c4sthetik verbinden m\u00f6chten. Mit einer Backfl\u00e4che von 0,70 m\u00b2 ist er eines der kleinsten Modelle der <a href=\"https:\/\/www.fourgrandmere.com\/de\/Produktkategorie\/profi-fen\/pizzeria-und-gasthauser\/unsere-romischen-pizzaofen-fur-den-professionellen-gebrauch\/\">r\u00f6mischen Holzback\u00f6fen f\u00fcr Restaurants und Pizzerien.<\/a><\/p>\n<p>Der Holzbackofen PRO 950 verf\u00fcgt \u00fcber einen gemauerten Boden und ein 8 cm dicke Gew\u00f6lbe aus Schamotte, die eine au\u00dfergew\u00f6hnliche W\u00e4rmespeicherung gew\u00e4hrleisten, sodass die Temperaturen konstant hoch gehalten werden k\u00f6nnen. Diese Konstruktion sorgt f\u00fcr schnelles, gleichm\u00e4\u00dfiges und pr\u00e4zises Garen. Egal, ob Sie leckere Pizzen, Gegrilltes oder \u00fcberbackene Gerichte zubereiten m\u00f6chten, dieser Ofen passt sich allen kulinarischen Anforderungen an.<\/p>\n<p>Neben seiner Leistung besticht dieser Ofen auch durch sein traditionelles Design. Sein gemauerter Eingangsbogen und die gusseiserne T\u00fcr erinnern an die Authentizit\u00e4t der \u00d6fen von fr\u00fcher, w\u00e4hrend das Flammenspiel in der Backkammer die G\u00e4ste in Staunen versetzt und f\u00fcr eine gem\u00fctliche Atmosph\u00e4re sorgt. Er ist das perfekte Werkzeug, um Ihren G\u00e4sten ein einzigartiges visuelles und geschmackliches Erlebnis zu bieten und gleichzeitig den unnachahmlichen Geschmack des Kochens auf Holzfeuer zu unterstreichen. Der Holzbackofen PRO 950 ist ideal f\u00fcr alle Restaurants, die gelegentlich Pizza anbieten oder ihre Speisekarte um Gerichte aus dem Holzbackofen erweitern m\u00f6chten.<\/p>\n<p>Den Ofen PRO 950 gibt es auch in einer <a href=\"https:\/\/www.fourgrandmere.com\/de\/Produktkategorie\/profi-fen\/pizzeria-und-gasthauser\/kombinierte-fen-holz-und-gas-mit-dredboden\/\">kombinierten Version (Holz und Gas)<\/a>, die ein schnelleres Aufheizen erm\u00f6glicht, wobei das traditionelle Kochen mit Holzfeuer beibehalten wird.<\/p>\n<h4>Garantie und Kundenservice.<\/h4>\n<p>In Frankreich in unseren Werkst\u00e4tten hergestellter Ofen. <strong>5 Jahre Teilegarantie (10 Jahre mit der Option mit ausgemauertem Gew\u00f6lbe)<\/strong> in der gesamten Europ\u00e4ischen Union, in Gro\u00dfbritannien, Norwegen und der Schweiz bei intensiver gewerblicher Nutzung.<\/p>\n","protected":false},"excerpt":{"rendered":"<p>Entdecken Sie den Holzbackofen <strong>PRO 950 f\u00fcr Restaurants und Pizzerien<\/strong>. Dieser Holzbackofen eignet sich perfekt zum Backen von Pizzen, Flammkuchen, Gegrilltem und sogar Schmorgerichten.<\/p>\n","protected":false},"featured_media":10427,"comment_status":"open","ping_status":"closed","template":"","meta":{"_acf_changed":false},"product_brand":[],"product_cat":[367,334,796,337],"product_tag":[797],"class_list":{"0":"post-2014","1":"product","2":"type-product","3":"status-publish","4":"has-post-thumbnail","6":"product_cat-profi-fen","7":"product_cat-pizzeria-und-gasthauser","8":"product_cat-traditionelle-holzbefeuerte-pizzaoefen-fuer-profis","9":"product_cat-unsere-romischen-pizzaofen-fur-den-professionellen-gebrauch","10":"product_tag-four-de","11":"pa_surface-de-la-sole-0-70-de","13":"first","14":"outofstock","15":"purchasable","16":"product-type-simple"},"acf":[],"_links":{"self":[{"href":"https:\/\/www.fourgrandmere.com\/de\/wp-json\/wp\/v2\/product\/2014","targetHints":{"allow":["GET"]}}],"collection":[{"href":"https:\/\/www.fourgrandmere.com\/de\/wp-json\/wp\/v2\/product"}],"about":[{"href":"https:\/\/www.fourgrandmere.com\/de\/wp-json\/wp\/v2\/types\/product"}],"replies":[{"embeddable":true,"href":"https:\/\/www.fourgrandmere.com\/de\/wp-json\/wp\/v2\/comments?post=2014"}],"wp:featuredmedia":[{"embeddable":true,"href":"https:\/\/www.fourgrandmere.com\/de\/wp-json\/wp\/v2\/media\/10427"}],"wp:attachment":[{"href":"https:\/\/www.fourgrandmere.com\/de\/wp-json\/wp\/v2\/media?parent=2014"}],"wp:term":[{"taxonomy":"product_brand","embeddable":true,"href":"https:\/\/www.fourgrandmere.com\/de\/wp-json\/wp\/v2\/product_brand?post=2014"},{"taxonomy":"product_cat","embeddable":true,"href":"https:\/\/www.fourgrandmere.com\/de\/wp-json\/wp\/v2\/product_cat?post=2014"},{"taxonomy":"product_tag","embeddable":true,"href":"https:\/\/www.fourgrandmere.com\/de\/wp-json\/wp\/v2\/product_tag?post=2014"}],"curies":[{"name":"wp","href":"https:\/\/api.w.org\/{rel}","templated":true}]}}