{"id":2020,"date":"2012-12-06T15:38:29","date_gmt":"2012-12-06T14:38:29","guid":{"rendered":"https:\/\/www.fourgrandmere.com\/?post_type=product&#038;p=2020"},"modified":"2023-06-28T17:02:56","modified_gmt":"2023-06-28T17:02:56","slug":"r-mische-holzbackofen-f1500-langofen","status":"publish","type":"product","link":"https:\/\/www.fourgrandmere.com\/de\/produit\/r-mische-holzbackofen-f1500-langofen\/","title":{"rendered":"R\u00d6MISCHE HOLZBACKOFEN F1500 LANGOFEN"},"content":{"rendered":"<h2>Merkmale<\/h2>\n<p><span lang=\"de\" xml:lang=\"de\">Dicke 8 cm. Man kann alles backen. Die Bodensteine sind zerlegbare Teilen um sie zu \u00e4ndern, wenn sie nach einer intensiven Benutzung gebraucht sind.<br \/><\/span><span lang=\"de\" xml:lang=\"de\">Artikelnummer : FL1500B oder FL1500C <br \/>Innen : feuerfeste Schamotte Gew\u00f6lbe oder ausgemauertes Gew\u00f6lbe, ausgemauerte Eingangsbogen und Boden <\/span><\/p>\n<p>Der Ofen wird mit dem Montagem\u00f6rtel, der Installationsanleitung, dem Benutzer- und Rezeptbuch geliefert.<\/p>\n<p>Technische Daten finden Sie unter &#8222;Anh\u00e4nge&#8220;<\/p>\n<p><span lang=\"de\" xml:lang=\"de\"><span lang=\"de\" xml:lang=\"de\"><\/span><span lang=\"de\" xml:lang=\"de\">Innenmasse :\u00a01.75 m\u00b2<br \/><\/span><\/span><span lang=\"de\" xml:lang=\"de\">Durchmesser des Rohrs : \u00d8 200 mm<br \/><\/span><span lang=\"de\" xml:lang=\"de\">Aussenmasse : <br \/>Breite : 1.17 m <br \/>Tiefe : 2.25 m <br \/>H\u00f6he : 0.44 m\u00a0\u00a0\u00a0\u00a0\u00a0\u00a0 <\/span><\/p>\n<p><span lang=\"de\" xml:lang=\"de\">Gewicht des Ofens ohne Ausr\u00fcstung : 937 kg<\/span>\u00a0<\/p>\n<p><span lang=\"de\" xml:lang=\"de\">Die Option \u201emit Ausr\u00fcstung \u201c (FL1500B+ oder FL1500C+) umfasst : <\/span><\/p>\n<ul>\n<li><span lang=\"de\" xml:lang=\"de\"><strong>Ofen<\/strong>.<\/span><\/li>\n<li><span lang=\"de\" xml:lang=\"de\">Komplette <strong>Isolierung<\/strong>.<\/span><\/li>\n<li><span lang=\"de\" xml:lang=\"de\"><strong>Gusseiserne T\u00fcr<\/strong>.<\/span><\/li>\n<li><span lang=\"de\" xml:lang=\"de\"><strong>Feuerfeste Isoliert\u00fcr<\/strong>.<\/span><\/li>\n<li><span lang=\"de\" xml:lang=\"de\">R<strong>ohranschlusskasten \u00d8 180 mm mit Klappe<\/strong>.<\/span><\/li>\n<li><strong><span lang=\"de\" xml:lang=\"de\">Rauchabzug<\/span><\/strong><span lang=\"de\" xml:lang=\"de\">.<\/span><\/li>\n<\/ul>\n<p><span lang=\"de\" xml:lang=\"de\">Gewicht des Ofensets :\u00a01180 kg<\/span><\/p>\n<p><span lang=\"de\" xml:lang=\"de\">Wir schlagen auch den Ofen mit einer Erh\u00f6hung vor. Innen H\u00f6he : 31.5 cm (fragen Sie uns an)<\/span><\/p>\n<h2 dir=\"ltr\"><span lang=\"de\" xml:lang=\"de\">Garantie<\/span><\/h2>\n<p><strong>Franz\u00f6sische Herstellung.<\/strong><br \/><strong>Eine Garantie von 5 Jahren*.<\/strong><\/p>\n<p>* Die Garantie f\u00fcr Ersatzteile f\u00fcr einen Ofen zum gewerblichen Zweck rechtsg\u00fcltig in L\u00e4ndern der EU, in Grosssbritannien, in Norwegen oder in der Schweiz.<\/p>\n","protected":false},"excerpt":{"rendered":"<p>Der Ofen wird sehr selten f\u00fcr das Backen von Pizzen verwendet sein.<\/p>\n<h3 dir=\"ltr\"><span lang=\"de\" xml:lang=\"de\">Franz\u00f6sisch hergestellt<\/span><\/h3>\n<h3 dir=\"ltr\"><span lang=\"de\" xml:lang=\"de\">5 Jahre Garantie<\/span><\/h3>\n","protected":false},"featured_media":2021,"comment_status":"open","ping_status":"open","template":"","meta":{"_acf_changed":false},"product_brand":[],"product_cat":[337],"product_tag":[],"class_list":{"0":"post-2020","1":"product","2":"type-product","3":"status-publish","4":"has-post-thumbnail","6":"product_cat-unsere-romischen-pizzaofen-fur-den-professionellen-gebrauch","8":"first","9":"onbackorder","10":"purchasable","11":"product-type-simple"},"acf":[],"_links":{"self":[{"href":"https:\/\/www.fourgrandmere.com\/de\/wp-json\/wp\/v2\/product\/2020","targetHints":{"allow":["GET"]}}],"collection":[{"href":"https:\/\/www.fourgrandmere.com\/de\/wp-json\/wp\/v2\/product"}],"about":[{"href":"https:\/\/www.fourgrandmere.com\/de\/wp-json\/wp\/v2\/types\/product"}],"replies":[{"embeddable":true,"href":"https:\/\/www.fourgrandmere.com\/de\/wp-json\/wp\/v2\/comments?post=2020"}],"wp:featuredmedia":[{"embeddable":true,"href":"https:\/\/www.fourgrandmere.com\/de\/wp-json\/wp\/v2\/media\/2021"}],"wp:attachment":[{"href":"https:\/\/www.fourgrandmere.com\/de\/wp-json\/wp\/v2\/media?parent=2020"}],"wp:term":[{"taxonomy":"product_brand","embeddable":true,"href":"https:\/\/www.fourgrandmere.com\/de\/wp-json\/wp\/v2\/product_brand?post=2020"},{"taxonomy":"product_cat","embeddable":true,"href":"https:\/\/www.fourgrandmere.com\/de\/wp-json\/wp\/v2\/product_cat?post=2020"},{"taxonomy":"product_tag","embeddable":true,"href":"https:\/\/www.fourgrandmere.com\/de\/wp-json\/wp\/v2\/product_tag?post=2020"}],"curies":[{"name":"wp","href":"https:\/\/api.w.org\/{rel}","templated":true}]}}