{"id":2068,"date":"2012-12-13T11:17:09","date_gmt":"2012-12-13T10:17:09","guid":{"rendered":"https:\/\/www.fourgrandmere.com\/?post_type=product&#038;p=2068"},"modified":"2025-02-14T10:20:04","modified_gmt":"2025-02-14T09:20:04","slug":"gasofen-f1030bg","status":"publish","type":"product","link":"https:\/\/www.fourgrandmere.com\/de\/produit\/gasofen-f1030bg\/","title":{"rendered":"Pizzabackofen mit gemischter Feuerung von Holz und Gas 1030G f\u00fcr Profis"},"content":{"rendered":"<p>Der Kombiofen 1030 kombiniert das traditionelle Kochen mit Holzbefeuerung mit der Flexibilit\u00e4t der Gasbeheizung und bietet so das Beste aus beiden &#8218;Welten&#8216; f\u00fcr professionelle Pizzab\u00e4cker und Restaurantbesitzer. Er ist einer der leichteren \u00d6fen aus der Reihe der<a href=\"https:\/\/www.fourgrandmere.com\/de\/Produktkategorie\/profi-fen\/pizzeria-und-gasthauser\/unsere-kombioefen-fuer-pizzen-mit-holz-und-gas\/\"> kombinierten Holzback\u00f6fen f\u00fcr Restaurants und Pizzerien<\/a>, die Four Grand-M\u00e8re anbietet.<\/p>\n<p>Dieser Ofen mit einem CERTIGAZ-zertifizierten Fackelbrenner (Verordnung (EU) 2016\/426) erzeugt eine gro\u00dfe Flamme, die mit der eines Holzbackofens vergleichbar ist, und sorgt so f\u00fcr ein hochwertiges Erhitzen und Garen. Der Brenner bietet zwei Geschwindigkeiten f\u00fcr eine pr\u00e4zise Steuerung: eine gro\u00dfe Flamme, um schnell die Kochtemperatur zu erreichen, und eine regulierbare Flamme, um die ideale Hitze zu halten. Der Gasanlauf ist bis zu zweimal t\u00e4glich, 7 Tage die Woche, programmierbar, um maximale Effizienz zu gew\u00e4hrleisten.<\/p>\n<p>Sein Boden und seines Gew\u00f6lbe aus feuerfester Schamotte Ausf\u00fchrung garantieren einen schnellen und gleichm\u00e4\u00dfigen Temperaturanstieg, ideal zum Backen von bis zu 50 Pizzen pro Stunde. Die 43 cm gro\u00dfe Gusseisent\u00fcr mit Ziegel Eingangsbogen setzt einen \u00e4sthetischen Akzent und bietet gleichzeitig einen guten Blick auf das Flammenspektakel, wodurch das authentische visuelle Erlebnis f\u00fcr Ihre Kunden verst\u00e4rkt wird.<\/p>\n<p>Der leichte Ofen 1030 ist auch in einer <a href=\"https:\/\/www.fourgrandmere.com\/de\/produit\/r-mische-holzbackofen-f1030sc\/\">Holzbefeuerung<\/a> Version erh\u00e4ltlich. Er ist perfekt f\u00fcr alle, die auf Gas verzichten und trotzdem die Freuden des Kochens mit Holz genie\u00dfen m\u00f6chten.<\/p>\n<h4>Garantie und Kundenservice.<\/h4>\n<p>In Frankreich in unseren Werkst\u00e4tten hergestellter Ofen.<strong> 5 Jahre Teilegarantie<\/strong> in der gesamten Europ\u00e4ischen Union, Gro\u00dfbritannien, Norwegen und der Schweiz bei intensiver gewerblicher Nutzung.<\/p>\n","protected":false},"excerpt":{"rendered":"<p>Entdecken Sie den<strong> Holz-und Gasofen 1030<\/strong>. Mit seiner schnellen, programmierbaren Aufheizung und dem authentischen Backen ist er <strong>ideal f\u00fcr professionelle Pizzab\u00e4cker<\/strong>.<\/p>\n","protected":false},"featured_media":8247,"comment_status":"open","ping_status":"closed","template":"","meta":{"_acf_changed":false},"product_brand":[],"product_cat":[367,334,1911,1913],"product_tag":[797],"class_list":{"0":"post-2068","1":"product","2":"type-product","3":"status-publish","4":"has-post-thumbnail","6":"product_cat-profi-fen","7":"product_cat-pizzeria-und-gasthauser","8":"product_cat-unsere-kombioefen-fuer-pizzen-mit-holz-und-gas","9":"product_cat-unsere-leichten-roemischen-kombioefen","10":"product_tag-four-de","11":"pa_surface-de-la-sole-0-83-de","13":"first","14":"outofstock","15":"purchasable","16":"product-type-simple"},"acf":[],"_links":{"self":[{"href":"https:\/\/www.fourgrandmere.com\/de\/wp-json\/wp\/v2\/product\/2068","targetHints":{"allow":["GET"]}}],"collection":[{"href":"https:\/\/www.fourgrandmere.com\/de\/wp-json\/wp\/v2\/product"}],"about":[{"href":"https:\/\/www.fourgrandmere.com\/de\/wp-json\/wp\/v2\/types\/product"}],"replies":[{"embeddable":true,"href":"https:\/\/www.fourgrandmere.com\/de\/wp-json\/wp\/v2\/comments?post=2068"}],"wp:featuredmedia":[{"embeddable":true,"href":"https:\/\/www.fourgrandmere.com\/de\/wp-json\/wp\/v2\/media\/8247"}],"wp:attachment":[{"href":"https:\/\/www.fourgrandmere.com\/de\/wp-json\/wp\/v2\/media?parent=2068"}],"wp:term":[{"taxonomy":"product_brand","embeddable":true,"href":"https:\/\/www.fourgrandmere.com\/de\/wp-json\/wp\/v2\/product_brand?post=2068"},{"taxonomy":"product_cat","embeddable":true,"href":"https:\/\/www.fourgrandmere.com\/de\/wp-json\/wp\/v2\/product_cat?post=2068"},{"taxonomy":"product_tag","embeddable":true,"href":"https:\/\/www.fourgrandmere.com\/de\/wp-json\/wp\/v2\/product_tag?post=2068"}],"curies":[{"name":"wp","href":"https:\/\/api.w.org\/{rel}","templated":true}]}}