{"id":2074,"date":"2012-12-13T11:34:33","date_gmt":"2012-12-13T10:34:33","guid":{"rendered":"https:\/\/www.fourgrandmere.com\/?post_type=product&#038;p=2074"},"modified":"2025-02-14T13:48:46","modified_gmt":"2025-02-14T12:48:46","slug":"holz-und-gas-ofen-f1200bg","status":"publish","type":"product","link":"https:\/\/www.fourgrandmere.com\/de\/produit\/holz-und-gas-ofen-f1200bg\/","title":{"rendered":"SUPER PRO 1200 kombinierter Holz-und Gasofen f\u00fcr die Gastronomieprofis"},"content":{"rendered":"<p>Der Ofen SUPER PRO 1200 wurde f\u00fcr die professionelle Gastronomie entwickelt und besteht aus einem Backsteinboden mit einer Fl\u00e4che von 1,13 m\u00b2, auf dem bis zu 6 Pizzen gleichzeitig gebacken werden k\u00f6nnen. Mit seinem Heizsystem mit Gas und oder Holzfeuer ist er eines der Modelle aus der Reihe der <a href=\"https:\/\/www.fourgrandmere.com\/de\/Produktkategorie\/profi-fen\/pizzeria-und-gasthauser\/unsere-kombioefen-fuer-pizzen-mit-holz-und-gas\/\">kombinierten Holz-Gas-Pizza\u00f6fen.<\/a><\/p>\n<p>Der Kombiofen SUPER PRO 1200 wurde entwickelt, um Profis ein Garen zu erm\u00f6glichen, das die Vorteile des Holzfeuers mit der Pr\u00e4zision des Gases verbindet. Sein Fackelbrenner, <strong>zertifiziert nach<\/strong> <strong>CERTIGAZ<\/strong> (Verordnung (EU) 2016\/426), erm\u00f6glicht einen schnellen Start mit einer holz\u00e4hnlichen Flamme, die schnell die ideale Temperatur erreicht. Der Brenner ist zweimal t\u00e4glich an sieben Tagen in der Woche programmierbar und reguliert die Temperatur automatisch \u00fcber eine Sonde. Das Backen mit Holz garantiert die Authentizit\u00e4t und den Geschmack traditioneller Pizzen.<\/p>\n<p>Mit seinen 6 cm dicken Bodensteinen h\u00e4lt er die W\u00e4rme auch bei hohen Temperaturen perfekt. Dank seiner hervorragenden Isolierung sorgt er f\u00fcr ein gleichm\u00e4\u00dfiges und schnelles Garen, was ihn zur idealen Wahl f\u00fcr Restaurants und Pizzerien macht.<\/p>\n<p>Er ist versatil und eignet sich sowohl zum Backen von Pizza, Gegrilltem, \u00fcberbackenen Gerichten als auch von Brot. Die gusseiserne T\u00fcr und der gemauerte Eigangsbogen sind typisch f\u00fcr traditionelle Back\u00f6fen und verleihen Ihrem Lokal einen authentischen Touch.<\/p>\n<p>Das Modell SUPER PRO 1200 ist auch in einer <a href=\"https:\/\/www.fourgrandmere.com\/de\/produit\/holzbackofen-super-pro-1200-copie\/\">Holzversion<\/a> erh\u00e4ltlich, f\u00fcr Pizzab\u00e4cker, die nur die Vorteile des Grillens mit Holzfeuer genie\u00dfen m\u00f6chten.<\/p>\n<h4>Garantie und Kundenservice.<\/h4>\n<p>In Frankreich in unseren Werkst\u00e4tten hergestellter Ofen. <strong>5 Jahre Teilegarantie<\/strong> in der gesamten Europ\u00e4ischen Union, Gro\u00dfbritannien, Norwegen und der Schweiz bei intensiver gewerblicher Nutzung.<\/p>\n","protected":false},"excerpt":{"rendered":"<p>Entdecken Sie den <strong>kombinierten Holz- und Gasofen SUPER PRO 1200<\/strong>. Er ist f\u00fcr Profis gedacht und vereint die Vorteile des Holzfeuers mit der Pr\u00e4zision des Gasbrenners.<\/p>\n","protected":false},"featured_media":2075,"comment_status":"open","ping_status":"closed","template":"","meta":{"_acf_changed":false},"product_brand":[],"product_cat":[367,334,1911,1912],"product_tag":[797],"class_list":{"0":"post-2074","1":"product","2":"type-product","3":"status-publish","4":"has-post-thumbnail","6":"product_cat-profi-fen","7":"product_cat-pizzeria-und-gasthauser","8":"product_cat-unsere-kombioefen-fuer-pizzen-mit-holz-und-gas","9":"product_cat-unsere-pizzaoefen-mit-holz-und-gas-und-fester-backplatte","10":"product_tag-four-de","11":"pa_surface-de-la-sole-113-de","13":"first","14":"outofstock","15":"purchasable","16":"product-type-simple"},"acf":[],"_links":{"self":[{"href":"https:\/\/www.fourgrandmere.com\/de\/wp-json\/wp\/v2\/product\/2074","targetHints":{"allow":["GET"]}}],"collection":[{"href":"https:\/\/www.fourgrandmere.com\/de\/wp-json\/wp\/v2\/product"}],"about":[{"href":"https:\/\/www.fourgrandmere.com\/de\/wp-json\/wp\/v2\/types\/product"}],"replies":[{"embeddable":true,"href":"https:\/\/www.fourgrandmere.com\/de\/wp-json\/wp\/v2\/comments?post=2074"}],"wp:featuredmedia":[{"embeddable":true,"href":"https:\/\/www.fourgrandmere.com\/de\/wp-json\/wp\/v2\/media\/2075"}],"wp:attachment":[{"href":"https:\/\/www.fourgrandmere.com\/de\/wp-json\/wp\/v2\/media?parent=2074"}],"wp:term":[{"taxonomy":"product_brand","embeddable":true,"href":"https:\/\/www.fourgrandmere.com\/de\/wp-json\/wp\/v2\/product_brand?post=2074"},{"taxonomy":"product_cat","embeddable":true,"href":"https:\/\/www.fourgrandmere.com\/de\/wp-json\/wp\/v2\/product_cat?post=2074"},{"taxonomy":"product_tag","embeddable":true,"href":"https:\/\/www.fourgrandmere.com\/de\/wp-json\/wp\/v2\/product_tag?post=2074"}],"curies":[{"name":"wp","href":"https:\/\/api.w.org\/{rel}","templated":true}]}}