{"id":2092,"date":"2012-12-13T11:55:50","date_gmt":"2012-12-13T10:55:50","guid":{"rendered":"https:\/\/www.fourgrandmere.com\/?post_type=product&#038;p=2092"},"modified":"2025-02-13T11:53:18","modified_gmt":"2025-02-13T10:53:18","slug":"pizza-ofen-950r-holzbackofen-3-oder-4-drehteller","status":"publish","type":"product","link":"https:\/\/www.fourgrandmere.com\/de\/produit\/pizza-ofen-950r-holzbackofen-3-oder-4-drehteller\/","title":{"rendered":"Rotierender Pizzaofen mit Drehteller  950R"},"content":{"rendered":"<p>Der Holzbackofen mit Drehboden und Drehteller 950R ist die perfekte L\u00f6sung f\u00fcr Pizzab\u00e4cker und Gastronomen, die nach Leistung und Authentizit\u00e4t suchen. Mit einem Gew\u00f6lbe aus 2\/3 Ziegelsteinen und 1\/3 Schamotte (feuerfeste gemahlene Erde) kombiniert dieser Ofen die Robustheit traditioneller Materialien mit der Modernit\u00e4t eines rotierenden Backsystems.<\/p>\n<p>Der 950R zeichnet sich durch seinen rotierenden Boden aus, der von <strong>4 Drehteller mit \u00d8 32 cm<\/strong> oder <strong>3 Drehteller mit \u00d8 36 cm<\/strong> begleitet wird, und garantiert, dass jede Pizza gleichm\u00e4\u00dfig gebacken wird. Dank dieser Technologie muss der Pizzab\u00e4cker die Pizzen w\u00e4hrend des Backens nicht mehr handhaben. Sobald die Pizza in den Ofen geschoben wird, dreht sie sich um sich vor dem Feuerraum mehrmals und garantiert so ein perfektes Backen. Am Ende des Zyklus kehrt die Pizza zum Ofeneingang zur\u00fcck und h\u00f6rt auf, sich um sich selbst zu drehen, bereit zum Ausbacken und perfekt gebr\u00e4unt.<\/p>\n<p>Die Rotation des Bodens und der Drehteller sorgt daf\u00fcr, dass die Pizzen gleichm\u00e4\u00dfig gebacken werden, und erleichtert das Ein- und Ausschie\u00dfen. Dank der einstellbaren Rotationsgeschwindigkeit haben Sie eine perfekte Kontrolle \u00fcber den Backvorgang. Dieses System hilft Ihnen, mehr Pizzen in k\u00fcrzerer Zeit und mit weniger Aufwand zu produzieren und somit die Bestellungen und die Teigzubereitung effizienter zu verwalten.<\/p>\n<p>Der Holzbackofen 950R vereint das Beste aus Tradition und Innovation. Bieten Sie Ihren Kunden perfekt gebackene Pizzen und das Spektakel des Holzofenbackens, und erleichtern Sie gleichzeitig die Arbeit Ihrer Mitarbeiter (selbst mit geringer Qualifikation).<\/p>\n<p>Der Drehboden- und Drehplatten 950 R Holzbackofen ist auch in einer <a href=\"https:\/\/www.fourgrandmere.com\/de\/produit\/950rbg-gas-holzofen-4-drehteller-oe-32\/\">kombinierten Version (Holz und Gas)<\/a> erh\u00e4ltlich. Er kann z. B. das bequemere Heizen mit Gas kombinieren und gleichzeitig das traditionelle Kochen mit Holzfeuer beibehalten.<\/p>\n<h4>Garantie und Kundenservice.<\/h4>\n<p>In Frankreich in unseren Werkst\u00e4tten hergestellter Ofen. <strong>5 Jahre Teilegarantie<\/strong> in der gesamten Europ\u00e4ischen Union, Gro\u00dfbritannien, Norwegen und der Schweiz bei intensiver gewerblicher Nutzung.<\/p>\n","protected":false},"excerpt":{"rendered":"<p>Entdecken Sie den <strong>Holzbackofen<\/strong> <strong>950R<\/strong>. Mit seinem rotierenden Boden und den Drehteller sorgt er daf\u00fcr, dass die Pizzen der Pizzab\u00e4cker einfach und gleichm\u00e4\u00dfig gebacken werden.<\/p>\n<ul>\n<li><strong>4 Drehteller \u00d8 32\u00a0cm<\/strong><\/li>\n<li><strong>3 Drehteller \u00d8 36 cm<\/strong><\/li>\n<\/ul>\n","protected":false},"featured_media":2093,"comment_status":"open","ping_status":"closed","template":"","meta":{"_acf_changed":false},"product_brand":[],"product_cat":[367,334,1915,1917],"product_tag":[797],"class_list":{"0":"post-2092","1":"product","2":"type-product","3":"status-publish","4":"has-post-thumbnail","6":"product_cat-profi-fen","7":"product_cat-pizzeria-und-gasthauser","8":"product_cat-unsere-pizzaoefen-mit-rotierender-backplatte-und-drehtellern-fuer-den-professionellen-gebrauch","9":"product_cat-unsere-rotierenden-holzbackoefen-mit-drehtellern","10":"product_tag-four-de","12":"first","13":"outofstock","14":"purchasable","15":"product-type-simple"},"acf":[],"_links":{"self":[{"href":"https:\/\/www.fourgrandmere.com\/de\/wp-json\/wp\/v2\/product\/2092","targetHints":{"allow":["GET"]}}],"collection":[{"href":"https:\/\/www.fourgrandmere.com\/de\/wp-json\/wp\/v2\/product"}],"about":[{"href":"https:\/\/www.fourgrandmere.com\/de\/wp-json\/wp\/v2\/types\/product"}],"replies":[{"embeddable":true,"href":"https:\/\/www.fourgrandmere.com\/de\/wp-json\/wp\/v2\/comments?post=2092"}],"wp:featuredmedia":[{"embeddable":true,"href":"https:\/\/www.fourgrandmere.com\/de\/wp-json\/wp\/v2\/media\/2093"}],"wp:attachment":[{"href":"https:\/\/www.fourgrandmere.com\/de\/wp-json\/wp\/v2\/media?parent=2092"}],"wp:term":[{"taxonomy":"product_brand","embeddable":true,"href":"https:\/\/www.fourgrandmere.com\/de\/wp-json\/wp\/v2\/product_brand?post=2092"},{"taxonomy":"product_cat","embeddable":true,"href":"https:\/\/www.fourgrandmere.com\/de\/wp-json\/wp\/v2\/product_cat?post=2092"},{"taxonomy":"product_tag","embeddable":true,"href":"https:\/\/www.fourgrandmere.com\/de\/wp-json\/wp\/v2\/product_tag?post=2092"}],"curies":[{"name":"wp","href":"https:\/\/api.w.org\/{rel}","templated":true}]}}