{"id":2143,"date":"2013-01-29T14:58:22","date_gmt":"2013-01-29T13:58:22","guid":{"rendered":"https:\/\/www.fourgrandmere.com\/?post_type=product&#038;p=2143"},"modified":"2025-04-08T09:50:22","modified_gmt":"2025-04-08T07:50:22","slug":"holzbackofen-super-pro-1400","status":"publish","type":"product","link":"https:\/\/www.fourgrandmere.com\/de\/produit\/holzbackofen-super-pro-1400\/","title":{"rendered":"R\u00f6merofen Super Pro 1400 f\u00fcr B\u00e4ckereien"},"content":{"rendered":"<p>Der Super Pro 1400 wurde f\u00fcr kleine B\u00e4ckereien entwickelt, die ihr Brot mit Holzfeuer backen wollen. Er ist einer der kleinsten \u00d6fen in unserem Sortiment an <strong><a href=\"https:\/\/www.fourgrandmere.com\/categorie-produit\/professionnels\/fours-pour-boulangeries\/fours-a-bois-romains\/\">r\u00f6mischen \u00d6fen f\u00fcr B\u00e4ckereien<\/a>.<\/strong> Er ist f\u00fcr B\u00e4cker bestimmt, die einen traditionellen und leistungsstarken Brotbackofen suchen, und hat die Kapazit\u00e4t, bis zu <strong>21 Baguettes<\/strong> oder 14 Brote von 500 g pro Schub zu backen.<\/p>\n<p>Sie haben die M\u00f6glichkeit, die Ausf\u00fchrung des Gew\u00f6lbes Ihres Super Pro 1400 zu w\u00e4hlen: das Gew\u00f6lbe aus feuerfester Schamotte oder ausgemauertes Gew\u00f6lbe. Der Boden besteht immer aus 6 cm dicken Ziegelsteinen. Dank der Eigenschaften seiner Materialien hat dieser Ofen eine gro\u00dfe Tr\u00e4gheit, die ein traditionelles Backen von Brot erm\u00f6glicht, so dass er auch als \u201eHolzofenbrot\u201c bezeichnet werden kann.<\/p>\n<h4>Garantie und Kundendienst.<\/h4>\n<p>In Frankreich in unseren Werkst\u00e4tten hergestellter Ofen. <strong>Teilegarantie 5 Jahre f\u00fcr die Schamotteversion und 10 Jahre f\u00fcr die Ziegelversion<\/strong> in der gesamten Europ\u00e4ischen Union, in Gro\u00dfbritannien, Norwegen und der Schweiz f\u00fcr intensiven professionellen Gebrauch.<\/p>\n","protected":false},"excerpt":{"rendered":"<p>Entdecken Sie den R\u00f6merofen Super Pro 1400, der sich ideal f\u00fcr kleine B\u00e4ckereien eignet. Und genie\u00dfen Sie das traditionelle Backen mit Holzfeuer f\u00fcr ein authentisches und schmackhaftes Brot.<\/p>\n","protected":false},"featured_media":2144,"comment_status":"open","ping_status":"closed","template":"","meta":{"_acf_changed":false},"product_brand":[],"product_cat":[310,367,382],"product_tag":[797],"class_list":{"0":"post-2143","1":"product","2":"type-product","3":"status-publish","4":"has-post-thumbnail","6":"product_cat-backerei","7":"product_cat-profi-fen","8":"product_cat-roemische-backoefen-fuer-baecker","9":"product_tag-four-de","10":"pa_surface-de-la-sole-1-53-de","12":"first","13":"outofstock","14":"purchasable","15":"product-type-simple"},"acf":[],"_links":{"self":[{"href":"https:\/\/www.fourgrandmere.com\/de\/wp-json\/wp\/v2\/product\/2143","targetHints":{"allow":["GET"]}}],"collection":[{"href":"https:\/\/www.fourgrandmere.com\/de\/wp-json\/wp\/v2\/product"}],"about":[{"href":"https:\/\/www.fourgrandmere.com\/de\/wp-json\/wp\/v2\/types\/product"}],"replies":[{"embeddable":true,"href":"https:\/\/www.fourgrandmere.com\/de\/wp-json\/wp\/v2\/comments?post=2143"}],"wp:featuredmedia":[{"embeddable":true,"href":"https:\/\/www.fourgrandmere.com\/de\/wp-json\/wp\/v2\/media\/2144"}],"wp:attachment":[{"href":"https:\/\/www.fourgrandmere.com\/de\/wp-json\/wp\/v2\/media?parent=2143"}],"wp:term":[{"taxonomy":"product_brand","embeddable":true,"href":"https:\/\/www.fourgrandmere.com\/de\/wp-json\/wp\/v2\/product_brand?post=2143"},{"taxonomy":"product_cat","embeddable":true,"href":"https:\/\/www.fourgrandmere.com\/de\/wp-json\/wp\/v2\/product_cat?post=2143"},{"taxonomy":"product_tag","embeddable":true,"href":"https:\/\/www.fourgrandmere.com\/de\/wp-json\/wp\/v2\/product_tag?post=2143"}],"curies":[{"name":"wp","href":"https:\/\/api.w.org\/{rel}","templated":true}]}}