{"id":2155,"date":"2013-01-29T15:39:51","date_gmt":"2013-01-29T14:39:51","guid":{"rendered":"https:\/\/www.fourgrandmere.com\/?post_type=product&#038;p=2155"},"modified":"2025-04-08T10:04:38","modified_gmt":"2025-04-08T08:04:38","slug":"holzbackofen-super-pro-2100","status":"publish","type":"product","link":"https:\/\/www.fourgrandmere.com\/de\/produit\/holzbackofen-super-pro-2100\/","title":{"rendered":"R\u00f6merofen Super Pro 2100 f\u00fcr B\u00e4ckereien"},"content":{"rendered":"<p>Der Super Pro 2100 ist der tiefste Ofen in unserem Sortiment an <strong><a href=\"https:\/\/www.fourgrandmere.com\/categorie-produit\/professionnels\/fours-pour-boulangeries\/fours-a-bois-romains\/\">r\u00f6mischen B\u00e4ckerei\u00f6fen<\/a><\/strong>. Er ist ideal zum Backen einer gro\u00dfen Menge an Brot und Geb\u00e4ck \u00fcber Holzfeuer und kann bis zu <strong>35 Baguettes oder 23 Brote von 500 g<\/strong> pro Charge backen.<\/p>\n<p>&nbsp;<\/p>\n<p>Der Super Pro 2100 hat wahlweise eine 8 cm dicke feuerfeste gegossenes Gew\u00f6lbe Vorf\u00fchrung oder ein ausgemauertes Gew\u00f6lbe. Der Boden besteht aus 6 cm dicken Ziegelsteinen. Dank der beiden Rauchabz\u00fcgen verteilt sich die Hitze gleichm\u00e4ssig im ganzen Ofen und garantiert ein perfektes Backergebnis mit einer gl\u00e4nzenden Kruste und einem gut aufgegangenen Brot. Die in diesem Ofen verwendeten Materialien verleihen ihm eine starke Tr\u00e4gheit und gew\u00e4hrleisten ein traditionelles Backen mit Holzfeuer, sodass er als \u201eHolzofenbrot\u201c bezeichnet werden kann.<\/p>\n<h4>Garantie und Kundendienst.<\/h4>\n<p>In Frankreich in unseren Werkst\u00e4tten hergestellter Ofen. <strong>Teilegarantie 5 Jahre f\u00fcr die Schamotteversion und 10 Jahre f\u00fcr die Ziegelversion<\/strong> in der gesamten Europ\u00e4ischen Union, in Gro\u00dfbritannien, Norwegen und der Schweiz f\u00fcr intensiven professionellen Gebrauch.<\/p>\n","protected":false},"excerpt":{"rendered":"<p>Der r\u00f6mische Ofen Super Pro 2100 ist f\u00fcr gro\u00dfe B\u00e4ckereien geeignet und erm\u00f6glicht das traditionelle Backen Ihres Brotes \u00fcber dem Holzfeuer!<\/p>\n","protected":false},"featured_media":2156,"comment_status":"open","ping_status":"closed","template":"","meta":{"_acf_changed":false},"product_brand":[],"product_cat":[310,367,382],"product_tag":[797],"class_list":{"0":"post-2155","1":"product","2":"type-product","3":"status-publish","4":"has-post-thumbnail","6":"product_cat-backerei","7":"product_cat-profi-fen","8":"product_cat-roemische-backoefen-fuer-baecker","9":"product_tag-four-de","10":"pa_surface-de-la-sole-2-52-de","12":"first","13":"outofstock","14":"purchasable","15":"product-type-simple"},"acf":[],"_links":{"self":[{"href":"https:\/\/www.fourgrandmere.com\/de\/wp-json\/wp\/v2\/product\/2155","targetHints":{"allow":["GET"]}}],"collection":[{"href":"https:\/\/www.fourgrandmere.com\/de\/wp-json\/wp\/v2\/product"}],"about":[{"href":"https:\/\/www.fourgrandmere.com\/de\/wp-json\/wp\/v2\/types\/product"}],"replies":[{"embeddable":true,"href":"https:\/\/www.fourgrandmere.com\/de\/wp-json\/wp\/v2\/comments?post=2155"}],"wp:featuredmedia":[{"embeddable":true,"href":"https:\/\/www.fourgrandmere.com\/de\/wp-json\/wp\/v2\/media\/2156"}],"wp:attachment":[{"href":"https:\/\/www.fourgrandmere.com\/de\/wp-json\/wp\/v2\/media?parent=2155"}],"wp:term":[{"taxonomy":"product_brand","embeddable":true,"href":"https:\/\/www.fourgrandmere.com\/de\/wp-json\/wp\/v2\/product_brand?post=2155"},{"taxonomy":"product_cat","embeddable":true,"href":"https:\/\/www.fourgrandmere.com\/de\/wp-json\/wp\/v2\/product_cat?post=2155"},{"taxonomy":"product_tag","embeddable":true,"href":"https:\/\/www.fourgrandmere.com\/de\/wp-json\/wp\/v2\/product_tag?post=2155"}],"curies":[{"name":"wp","href":"https:\/\/api.w.org\/{rel}","templated":true}]}}