{"id":2173,"date":"2013-02-05T15:16:10","date_gmt":"2013-02-05T14:16:10","guid":{"rendered":"https:\/\/www.fourgrandmere.com\/?post_type=product&#038;p=2173"},"modified":"2025-02-14T14:25:36","modified_gmt":"2025-02-14T13:25:36","slug":"holz-und-gas-ofen-f1400bg","status":"publish","type":"product","link":"https:\/\/www.fourgrandmere.com\/de\/produit\/holz-und-gas-ofen-f1400bg\/","title":{"rendered":"SUPER PRO 1400 kombinierter Holz-und Gasofen f\u00fcr Pizzerien und Restaurantbetriebe"},"content":{"rendered":"<p>Der Ofen SUPER PRO 1400 wurde speziell f\u00fcr die professionelle Gastronomie entwickelt und verbindet das traditionelle Kochen auf Holzfeuer mit der Flexibilit\u00e4t und Pr\u00e4zision von Gas. Dieses Modell aus der Reihe der<a href=\"https:\/\/www.fourgrandmere.com\/de\/Produktkategorie\/profi-fen\/pizzeria-und-gasthauser\/unsere-kombioefen-fuer-pizzen-mit-holz-und-gas\/\"> Kombinieten \u00d6fen f\u00fcr Restaurants und Pizzerien<\/a> ist ideal f\u00fcr Restaurants mit viel Betrieb und Pizzerien. Mit einer Backkapazit\u00e4t von bis zu 9 Pizzen gleichzeitig garantiert er eine hervorragende Produktivit\u00e4t auch in Zeiten hohen Besucheraufkommens.<\/p>\n<p>Dank seines <strong>CERTIGAZ-zertifizierten<\/strong> Fackelbrenners (Verordnung (EU) 2016\/426) erm\u00f6glicht der Ofen einen schnellen Start mit Gas, mit einer Flamme, die der von Holz nachempfunden ist, und l\u00e4sst den Boden und das Gew\u00f6lbe schnell die ideale Temperatur erreichen. Der Brenner ist 7 Tage die Woche und zweimal t\u00e4glich programmierbar und verf\u00fcgt \u00fcber einen Sensor zur automatischen Temperaturregelung, wodurch eine einfache und effiziente Verwaltung des Ofens gew\u00e4hrleistet wird. Das Backen mit Holz bewahrt die Authentizit\u00e4t der Aromen und bringt den unnachahmlichen Geschmack von Pizzas aus dem Holzbackofen mit sich.<\/p>\n<p>Die Konstruktion des Ofens gew\u00e4hrleistet eine optimale W\u00e4rmespeicherung (Tr\u00e4gheit) dank der feuerfeste 6 cm dicken Schamottesteine f\u00fcr den Boden und der 8 cm dicken Schamottegew\u00f6lbe. Neben Pizzen eignet sich dieser Ofen perfekt zum Backen von Gegrilltem, Flammkuchen, Eintopfgerichten und Brot. Seine verst\u00e4rkte Isolierung sorgt au\u00dferdem f\u00fcr eine hohe W\u00e4rmeeffizienz.<\/p>\n<p>Das Design des SUPER PRO 1400 Ofen ist von traditionellen r\u00f6mischen \u00d6fen inspiriert. Die gusseiserne T\u00fcr und der ausgemauerte Eingangsbogen verleihen Ihrem Lokal einen Hauch von Authentizit\u00e4t.<\/p>\n<p>F\u00fcr diejenigen, die lieber auf die Verwendung von Gas verzichten m\u00f6chten, ist der Ofen auch als reine <a href=\"https:\/\/www.fourgrandmere.com\/de\/produit\/holzbackofen-super-pro-1400-copie\/\">Holzversion<\/a> erh\u00e4ltlich, die den Charme und die Vorteile des Kochens mit Holzfeuer beibeh\u00e4lt.<\/p>\n<p>Der kombinierte SUPER PRO 1400 bietet somit eine Komplettl\u00f6sung, die Leistung, Flexibilit\u00e4t und Tradition vereint, um den Anforderungen von Profis gerecht zu werden.<\/p>\n<h4>Garantie und Kundenservice.<\/h4>\n<p>In Frankreich in unseren Werkst\u00e4tten hergestellter Ofen. <strong>5 Jahre Teilegarantie<\/strong> in der gesamten Europ\u00e4ischen Union, Gro\u00dfbritannien, Norwegen und der Schweiz bei intensiver gewerblicher Nutzung.<\/p>\n","protected":false},"excerpt":{"rendered":"<p>Der <strong>SUPER PRO 1400 ist ein Kombiofen<\/strong>. Er vereint das Kochen mit <strong>Holzbefeuerung und Gasbefeuerung<\/strong> und ist perfekt f\u00fcr den professionellen Gastronomiebetrieb.<\/p>\n","protected":false},"featured_media":2174,"comment_status":"open","ping_status":"closed","template":"","meta":{"_acf_changed":false},"product_brand":[],"product_cat":[367,334,1911,1912],"product_tag":[797],"class_list":{"0":"post-2173","1":"product","2":"type-product","3":"status-publish","4":"has-post-thumbnail","6":"product_cat-profi-fen","7":"product_cat-pizzeria-und-gasthauser","8":"product_cat-unsere-kombioefen-fuer-pizzen-mit-holz-und-gas","9":"product_cat-unsere-pizzaoefen-mit-holz-und-gas-und-fester-backplatte","10":"product_tag-four-de","11":"pa_surface-de-la-sole-1-53-de","13":"first","14":"outofstock","15":"purchasable","16":"product-type-simple"},"acf":[],"_links":{"self":[{"href":"https:\/\/www.fourgrandmere.com\/de\/wp-json\/wp\/v2\/product\/2173","targetHints":{"allow":["GET"]}}],"collection":[{"href":"https:\/\/www.fourgrandmere.com\/de\/wp-json\/wp\/v2\/product"}],"about":[{"href":"https:\/\/www.fourgrandmere.com\/de\/wp-json\/wp\/v2\/types\/product"}],"replies":[{"embeddable":true,"href":"https:\/\/www.fourgrandmere.com\/de\/wp-json\/wp\/v2\/comments?post=2173"}],"wp:featuredmedia":[{"embeddable":true,"href":"https:\/\/www.fourgrandmere.com\/de\/wp-json\/wp\/v2\/media\/2174"}],"wp:attachment":[{"href":"https:\/\/www.fourgrandmere.com\/de\/wp-json\/wp\/v2\/media?parent=2173"}],"wp:term":[{"taxonomy":"product_brand","embeddable":true,"href":"https:\/\/www.fourgrandmere.com\/de\/wp-json\/wp\/v2\/product_brand?post=2173"},{"taxonomy":"product_cat","embeddable":true,"href":"https:\/\/www.fourgrandmere.com\/de\/wp-json\/wp\/v2\/product_cat?post=2173"},{"taxonomy":"product_tag","embeddable":true,"href":"https:\/\/www.fourgrandmere.com\/de\/wp-json\/wp\/v2\/product_tag?post=2173"}],"curies":[{"name":"wp","href":"https:\/\/api.w.org\/{rel}","templated":true}]}}