{"id":2251,"date":"2013-03-29T13:21:46","date_gmt":"2013-03-29T12:21:46","guid":{"rendered":"https:\/\/www.fourgrandmere.com\/?post_type=product&#038;p=2251"},"modified":"2023-02-28T12:32:49","modified_gmt":"2023-02-28T12:32:49","slug":"feuerfeste-isoliertur-50-cm","status":"publish","type":"product","link":"https:\/\/www.fourgrandmere.com\/de\/produit\/feuerfeste-isoliertur-50-cm\/","title":{"rendered":"Feuerfeste Isoliert\u00fcr 50 cm"},"content":{"rendered":"<p><span lang=\"de\" xml:lang=\"de\">Diese T\u00fcr ist unbedingt erforderlich bei lange zu garenden Gerichten bei geschlossenem Ofen mit SUPER PRO \u00d6fen mit der T\u00fcr 50 cm. <br \/>Mit dieser T\u00fcr ist , wenn sie geschlossen ist, jegliches Entweichen der W\u00e4rme aus dem Backraum unm\u00f6glich. <br \/>Es gibt keine Hitzeverlust, weder durch den Abzug, noch durch den Eingang des Ofens.<br \/>Franz\u00f6sische Herstellung.<\/span><\/p>\n","protected":false},"excerpt":{"rendered":"<p>Die feuerfeste Edelstahl T\u00fcr f\u00fcr das Backen \u00fcber einen langen Zeitraum<\/p>\n","protected":false},"featured_media":3805,"comment_status":"open","ping_status":"closed","template":"","meta":{"_acf_changed":false},"product_brand":[],"product_cat":[400,412],"product_tag":[],"class_list":{"0":"post-2251","1":"product","2":"type-product","3":"status-publish","4":"has-post-thumbnail","6":"product_cat-aufbau-ausruestung","7":"product_cat-zubehorteile","8":"product_shipping_class-verpackung","9":"pa_largeur-52-cm-de","11":"first","12":"instock","13":"taxable","14":"shipping-taxable","15":"purchasable","16":"product-type-variable"},"acf":[],"_links":{"self":[{"href":"https:\/\/www.fourgrandmere.com\/de\/wp-json\/wp\/v2\/product\/2251","targetHints":{"allow":["GET"]}}],"collection":[{"href":"https:\/\/www.fourgrandmere.com\/de\/wp-json\/wp\/v2\/product"}],"about":[{"href":"https:\/\/www.fourgrandmere.com\/de\/wp-json\/wp\/v2\/types\/product"}],"replies":[{"embeddable":true,"href":"https:\/\/www.fourgrandmere.com\/de\/wp-json\/wp\/v2\/comments?post=2251"}],"wp:featuredmedia":[{"embeddable":true,"href":"https:\/\/www.fourgrandmere.com\/de\/wp-json\/wp\/v2\/media\/3805"}],"wp:attachment":[{"href":"https:\/\/www.fourgrandmere.com\/de\/wp-json\/wp\/v2\/media?parent=2251"}],"wp:term":[{"taxonomy":"product_brand","embeddable":true,"href":"https:\/\/www.fourgrandmere.com\/de\/wp-json\/wp\/v2\/product_brand?post=2251"},{"taxonomy":"product_cat","embeddable":true,"href":"https:\/\/www.fourgrandmere.com\/de\/wp-json\/wp\/v2\/product_cat?post=2251"},{"taxonomy":"product_tag","embeddable":true,"href":"https:\/\/www.fourgrandmere.com\/de\/wp-json\/wp\/v2\/product_tag?post=2251"}],"curies":[{"name":"wp","href":"https:\/\/api.w.org\/{rel}","templated":true}]}}