{"id":2326,"date":"2024-12-03T11:32:53","date_gmt":"2024-12-03T10:32:53","guid":{"rendered":"https:\/\/www.fourgrandmere.com\/?post_type=product&#038;p=2326"},"modified":"2025-12-22T17:23:12","modified_gmt":"2025-12-22T16:23:12","slug":"trager-des-ofens-aus-stahlbeton","status":"publish","type":"product","link":"https:\/\/www.fourgrandmere.com\/de\/produit\/trager-des-ofens-aus-stahlbeton\/","title":{"rendered":"Tr\u00e4ger des Ofens aus Stahlbeton"},"content":{"rendered":"<p>Mit diesem St\u00e4nder aus Stahlbeton k\u00f6nnen Sie die \u00d6fen F700 (die Modelle Flamme, Alf und <a href=\"https:\/\/www.fourgrandmere.com\/de\/produit\/marmiton-2\/\">Le Marmiton<\/a>) und F800 (<a href=\"https:\/\/www.fourgrandmere.com\/de\/produit\/campagnard-2\/\">Le Campagnard<\/a>) auf die richtige H\u00f6he bringen.<\/p>\n<p>Er l\u00e4sst sich schnell und einfach montieren (in 15 Minuten) und tr\u00e4gt das Gewicht Ihres Holzofens. Er ist ideal f\u00fcr die Montage im Freien. Er besteht aus Beton und kann eventuell lackiert werden, um ihn besser an Ihre Verkleidung anzupassen.<\/p>\n<p>Franz\u00f6sische Herstellung in unseren Werkst\u00e4tten.<\/p>\n","protected":false},"excerpt":{"rendered":"<p>St\u00e4nder aus Stahlbeton f\u00fcr Ihren Ofen Grand-M\u00e8re. Damit k\u00f6nnen Sie Ihren Holzofen im Freien ganz einfach aufstellen.<\/p>\n","protected":false},"featured_media":7990,"comment_status":"open","ping_status":"closed","template":"","meta":{"_acf_changed":false},"product_brand":[],"product_cat":[400,412],"product_tag":[],"class_list":{"0":"post-2326","1":"product","2":"type-product","3":"status-publish","4":"has-post-thumbnail","6":"product_cat-aufbau-ausruestung","7":"product_cat-zubehorteile","9":"first","10":"instock","11":"purchasable","12":"product-type-simple"},"acf":[],"_links":{"self":[{"href":"https:\/\/www.fourgrandmere.com\/de\/wp-json\/wp\/v2\/product\/2326","targetHints":{"allow":["GET"]}}],"collection":[{"href":"https:\/\/www.fourgrandmere.com\/de\/wp-json\/wp\/v2\/product"}],"about":[{"href":"https:\/\/www.fourgrandmere.com\/de\/wp-json\/wp\/v2\/types\/product"}],"replies":[{"embeddable":true,"href":"https:\/\/www.fourgrandmere.com\/de\/wp-json\/wp\/v2\/comments?post=2326"}],"wp:featuredmedia":[{"embeddable":true,"href":"https:\/\/www.fourgrandmere.com\/de\/wp-json\/wp\/v2\/media\/7990"}],"wp:attachment":[{"href":"https:\/\/www.fourgrandmere.com\/de\/wp-json\/wp\/v2\/media?parent=2326"}],"wp:term":[{"taxonomy":"product_brand","embeddable":true,"href":"https:\/\/www.fourgrandmere.com\/de\/wp-json\/wp\/v2\/product_brand?post=2326"},{"taxonomy":"product_cat","embeddable":true,"href":"https:\/\/www.fourgrandmere.com\/de\/wp-json\/wp\/v2\/product_cat?post=2326"},{"taxonomy":"product_tag","embeddable":true,"href":"https:\/\/www.fourgrandmere.com\/de\/wp-json\/wp\/v2\/product_tag?post=2326"}],"curies":[{"name":"wp","href":"https:\/\/api.w.org\/{rel}","templated":true}]}}