{"id":2593,"date":"2013-04-08T16:21:55","date_gmt":"2013-04-08T14:21:55","guid":{"rendered":"https:\/\/www.fourgrandmere.com\/?post_type=product&#038;p=2593"},"modified":"2025-04-29T08:51:04","modified_gmt":"2025-04-29T06:51:04","slug":"maronenpfanne","status":"publish","type":"product","link":"https:\/\/www.fourgrandmere.com\/de\/produit\/maronenpfanne\/","title":{"rendered":"Maronenpfanne"},"content":{"rendered":"<p>Er wird aus Stahl hergestellt, ist perforiert und hat einen gro\u00dfen Griff. Der Durchmesser betr\u00e4gt 28 cm, so dass etwa 15 Kastanien gleichzeitig gekocht werden k\u00f6nnen.<\/p>\n<p>Franz\u00f6sische Herstellung.<\/p>\n","protected":false},"excerpt":{"rendered":"<p>Mit unserer Maronenpfanne k\u00f6nnen Sie Ihre Maronen effizient r\u00f6sten. Da sie aus Stahl gefertigt ist, h\u00e4lt sie hohen Temperaturen perfekt stand und erm\u00f6glicht so ein gleichm\u00e4\u00dfiges und qualitativ hochwertiges Braten.<\/p>\n","protected":false},"featured_media":3790,"comment_status":"open","ping_status":"closed","template":"","meta":{"_acf_changed":false},"product_brand":[],"product_cat":[403,412],"product_tag":[],"class_list":{"0":"post-2593","1":"product","2":"type-product","3":"status-publish","4":"has-post-thumbnail","6":"product_cat-kuchenartikeln","7":"product_cat-zubehorteile","8":"product_shipping_class-verpackung","9":"pa_diametre-interieur-28-cm-4","10":"pa_longueur-90-cm-de","12":"first","13":"instock","14":"taxable","15":"shipping-taxable","16":"purchasable","17":"product-type-simple"},"acf":[],"_links":{"self":[{"href":"https:\/\/www.fourgrandmere.com\/de\/wp-json\/wp\/v2\/product\/2593","targetHints":{"allow":["GET"]}}],"collection":[{"href":"https:\/\/www.fourgrandmere.com\/de\/wp-json\/wp\/v2\/product"}],"about":[{"href":"https:\/\/www.fourgrandmere.com\/de\/wp-json\/wp\/v2\/types\/product"}],"replies":[{"embeddable":true,"href":"https:\/\/www.fourgrandmere.com\/de\/wp-json\/wp\/v2\/comments?post=2593"}],"wp:featuredmedia":[{"embeddable":true,"href":"https:\/\/www.fourgrandmere.com\/de\/wp-json\/wp\/v2\/media\/3790"}],"wp:attachment":[{"href":"https:\/\/www.fourgrandmere.com\/de\/wp-json\/wp\/v2\/media?parent=2593"}],"wp:term":[{"taxonomy":"product_brand","embeddable":true,"href":"https:\/\/www.fourgrandmere.com\/de\/wp-json\/wp\/v2\/product_brand?post=2593"},{"taxonomy":"product_cat","embeddable":true,"href":"https:\/\/www.fourgrandmere.com\/de\/wp-json\/wp\/v2\/product_cat?post=2593"},{"taxonomy":"product_tag","embeddable":true,"href":"https:\/\/www.fourgrandmere.com\/de\/wp-json\/wp\/v2\/product_tag?post=2593"}],"curies":[{"name":"wp","href":"https:\/\/api.w.org\/{rel}","templated":true}]}}