{"id":2635,"date":"2013-04-09T13:16:55","date_gmt":"2013-04-09T13:16:55","guid":{"rendered":"https:\/\/www.fourgrandmere.com\/?post_type=product&#038;p=2635"},"modified":"2026-01-28T16:08:04","modified_gmt":"2026-01-28T15:08:04","slug":"schutzhandschuhe-fuer-ofen","status":"publish","type":"product","link":"https:\/\/www.fourgrandmere.com\/de\/produit\/schutzhandschuhe-fuer-ofen\/","title":{"rendered":"Hitzeschutzhandschuhe f\u00fcr den Ofen"},"content":{"rendered":"<h4>Hochwertiges Design und Materialien<\/h4>\n<p>Diese aus mit <strong>Wolle gef\u00fcttertem Spaltleder gefertigten Thermof\u00e4ustlinge<\/strong> bieten Komfort und Widerstandsf\u00e4higkeit. Kevlar-F\u00e4den garantieren maximale Festigkeit, w\u00e4hrend die Verst\u00e4rkung am Daumen zus\u00e4tzlichen Schutz beim Umgang mit hei\u00dfen Gegenst\u00e4nden bietet.<\/p>\n<h4>Langer und wirksamer Schutz<\/h4>\n<p>Mit einer Gesamtl\u00e4nge von ca. 40 cm, davon 20 cm Stulpen, bedecken diese Handschuhe Ihre H\u00e4nde bis zur Mitte des Arms. Sie sch\u00fctzen<strong> 15 Sekunden lang wirksam vor<\/strong> <strong>Hitze bis zu 250 \u00b0C<\/strong> und bieten so optimale Sicherheit.<\/p>\n","protected":false},"excerpt":{"rendered":"<p>Schutzhandschuhe, mit denen Sie ohne Verbrennungsgefahr mit Geschirr hantieren k\u00f6nnen. Diese F\u00e4ustlinge mit einer Gesamtl\u00e4nge von 40 cm bedecken Sie bis zur Mitte des Arms.<\/p>\n","protected":false},"featured_media":5277,"comment_status":"open","ping_status":"closed","template":"","meta":{"_acf_changed":false},"product_brand":[],"product_cat":[403,412],"product_tag":[],"class_list":{"0":"post-2635","1":"product","2":"type-product","3":"status-publish","4":"has-post-thumbnail","6":"product_cat-kuchenartikeln","7":"product_cat-zubehorteile","8":"product_shipping_class-verpackung","10":"first","11":"outofstock","12":"taxable","13":"shipping-taxable","14":"purchasable","15":"product-type-simple"},"acf":[],"_links":{"self":[{"href":"https:\/\/www.fourgrandmere.com\/de\/wp-json\/wp\/v2\/product\/2635","targetHints":{"allow":["GET"]}}],"collection":[{"href":"https:\/\/www.fourgrandmere.com\/de\/wp-json\/wp\/v2\/product"}],"about":[{"href":"https:\/\/www.fourgrandmere.com\/de\/wp-json\/wp\/v2\/types\/product"}],"replies":[{"embeddable":true,"href":"https:\/\/www.fourgrandmere.com\/de\/wp-json\/wp\/v2\/comments?post=2635"}],"wp:featuredmedia":[{"embeddable":true,"href":"https:\/\/www.fourgrandmere.com\/de\/wp-json\/wp\/v2\/media\/5277"}],"wp:attachment":[{"href":"https:\/\/www.fourgrandmere.com\/de\/wp-json\/wp\/v2\/media?parent=2635"}],"wp:term":[{"taxonomy":"product_brand","embeddable":true,"href":"https:\/\/www.fourgrandmere.com\/de\/wp-json\/wp\/v2\/product_brand?post=2635"},{"taxonomy":"product_cat","embeddable":true,"href":"https:\/\/www.fourgrandmere.com\/de\/wp-json\/wp\/v2\/product_cat?post=2635"},{"taxonomy":"product_tag","embeddable":true,"href":"https:\/\/www.fourgrandmere.com\/de\/wp-json\/wp\/v2\/product_tag?post=2635"}],"curies":[{"name":"wp","href":"https:\/\/api.w.org\/{rel}","templated":true}]}}