{"id":2818,"date":"2015-01-16T14:49:45","date_gmt":"2015-01-16T13:49:45","guid":{"rendered":"https:\/\/www.fourgrandmere.com\/?post_type=product&#038;p=2818"},"modified":"2025-02-13T16:02:18","modified_gmt":"2025-02-13T15:02:18","slug":"pizzaofen-1400r-holzbackofen-6-bis-9-drehteller","status":"publish","type":"product","link":"https:\/\/www.fourgrandmere.com\/de\/produit\/pizzaofen-1400r-holzbackofen-6-bis-9-drehteller\/","title":{"rendered":"Rotierender Holzbackofen mit Drehboden und Drehplatten 1400R f\u00fcr Restaurants und Pizzerien"},"content":{"rendered":"<p>Der Holzbackofen mit Drehboden 1400R wurde entwickelt, um professionellen Anwendern eine leistungsstarke L\u00f6sung f\u00fcr das Kochen mit Holzfeuer zu bieten. Dieser Ofen aus <a href=\"https:\/\/www.fourgrandmere.com\/de\/Produktkategorie\/profi-fen\/pizzeria-und-gasthauser\/unsere-pizzaoefen-mit-rotierender-backplatte-und-drehtellern-fuer-den-professionellen-gebrauch\/\">der Reihe der rotierenden mit Drehteller-Holzback\u00f6fen<\/a> ist wahlweise mit linker oder rechter Feuerstelle erh\u00e4ltlich und zeichnet sich durch sein innovatives Drehteller-System und den Drehboden aus, den Four Grand-M\u00e8re seit Jahren exklusiv anbietet.<\/p>\n<p>Der Ofen 1400R bietet viele verschiedene Kombinationen von Teller, die Sie je nach der \u00fcblichen Gr\u00f6\u00dfe Ihrer Pizzen ausw\u00e4hlen k\u00f6nnen: <strong>7 Teller mit \u00d8 36 cm und 1 mit \u00d8 47 cm<\/strong>\u00a0oder <strong>8 Teller mit \u00d8 32 cm + 1 \u00d8 47 cm<\/strong> oder<strong> 6 Teller mit \u00d8 40 cm + 1 \u00d8 40 cm<\/strong>. Die Pizzen drehen sich um sich selbst und werden dank des rotierenden Bodens und der Drehteller automatisch am Feuer vorbeigef\u00fchrt. Dieses System garantiert ein gleichm\u00e4\u00dfiges Backen, ohne dass der Pizzab\u00e4cker eingreifen muss. Sobald der Zyklus beendet ist, sind die Pizzen perfekt gebacken und k\u00f6nnen aus dem Ofen genommen werden.<\/p>\n<p>Die Geschwindigkeit des rotierenden Bodens ist einstellbar und bietet dem Pizzab\u00e4cker eine genaue Kontrolle \u00fcber das Backen. Der Ofen 1400R optimiert die Arbeit, indem er die Notwendigkeit beseitigt, die Pizzen zu \u00fcberwachen und zu handhaben. Dank der automatischen Drehung und dem Stopp der Drehung der Teller vor der T\u00fcr, wird das Backen, Einschie\u00dfen und Drehung viel einfacher!<\/p>\n<p>Der Ofen mit Drehboden und Drehplatten 1400 R ist in <a href=\"https:\/\/www.fourgrandmere.com\/de\/produit\/f1400rbg-gas-holzofen-8-drehteller-oe-32\/\">einer kombinierten Holz- und Gasversion<\/a> erh\u00e4ltlich, um die Vorteile des Kochens mit Holzfeuer mit der schnellen Aufheizung durch Gas zu verbinden.<\/p>\n<h4>Garantie und Kundenservice.<\/h4>\n<p>In Frankreich in unseren Werkst\u00e4tten hergestellter Ofen. <strong>5 Jahre Teilegarantie<\/strong> in der gesamten Europ\u00e4ischen Union, Gro\u00dfbritannien, Norwegen und der Schweiz bei intensiver gewerblicher Nutzung.<\/p>\n","protected":false},"excerpt":{"rendered":"<p>Entdecken Sie den Ofen mit rotierendem Boden und Drehteller 1400R f\u00fcr Pizzerien und Restaurants.<\/p>\n<ul>\n<li><strong>8 Drehteller \u00d8 32 cm + 1 \u00d8 47 cm<\/strong><\/li>\n<li><strong>Oder 7 Drehteller \u00d8 36 cm und 1 \u00d8 47 cm<\/strong><\/li>\n<li><strong>Oder 6 Drehteller \u00d8 40 cm und 1 \u00d8 40 cm<\/strong><\/li>\n<\/ul>\n","protected":false},"featured_media":2819,"comment_status":"open","ping_status":"closed","template":"","meta":{"_acf_changed":false},"product_brand":[],"product_cat":[367,334,1915,1917],"product_tag":[797],"class_list":{"0":"post-2818","1":"product","2":"type-product","3":"status-publish","4":"has-post-thumbnail","6":"product_cat-profi-fen","7":"product_cat-pizzeria-und-gasthauser","8":"product_cat-unsere-pizzaoefen-mit-rotierender-backplatte-und-drehtellern-fuer-den-professionellen-gebrauch","9":"product_cat-unsere-rotierenden-holzbackoefen-mit-drehtellern","10":"product_tag-four-de","12":"first","13":"outofstock","14":"purchasable","15":"product-type-simple"},"acf":[],"_links":{"self":[{"href":"https:\/\/www.fourgrandmere.com\/de\/wp-json\/wp\/v2\/product\/2818","targetHints":{"allow":["GET"]}}],"collection":[{"href":"https:\/\/www.fourgrandmere.com\/de\/wp-json\/wp\/v2\/product"}],"about":[{"href":"https:\/\/www.fourgrandmere.com\/de\/wp-json\/wp\/v2\/types\/product"}],"replies":[{"embeddable":true,"href":"https:\/\/www.fourgrandmere.com\/de\/wp-json\/wp\/v2\/comments?post=2818"}],"wp:featuredmedia":[{"embeddable":true,"href":"https:\/\/www.fourgrandmere.com\/de\/wp-json\/wp\/v2\/media\/2819"}],"wp:attachment":[{"href":"https:\/\/www.fourgrandmere.com\/de\/wp-json\/wp\/v2\/media?parent=2818"}],"wp:term":[{"taxonomy":"product_brand","embeddable":true,"href":"https:\/\/www.fourgrandmere.com\/de\/wp-json\/wp\/v2\/product_brand?post=2818"},{"taxonomy":"product_cat","embeddable":true,"href":"https:\/\/www.fourgrandmere.com\/de\/wp-json\/wp\/v2\/product_cat?post=2818"},{"taxonomy":"product_tag","embeddable":true,"href":"https:\/\/www.fourgrandmere.com\/de\/wp-json\/wp\/v2\/product_tag?post=2818"}],"curies":[{"name":"wp","href":"https:\/\/api.w.org\/{rel}","templated":true}]}}