{"id":3027,"date":"2016-03-16T11:15:32","date_gmt":"2016-03-16T10:15:32","guid":{"rendered":"https:\/\/www.fourgrandmere.com\/?post_type=product&#038;p=3027"},"modified":"2025-02-21T13:45:28","modified_gmt":"2025-02-21T12:45:28","slug":"holzbackofen-f1200l","status":"publish","type":"product","link":"https:\/\/www.fourgrandmere.com\/de\/produit\/holzbackofen-f1200l\/","title":{"rendered":"Holzofen f\u00fcr Food Trucks 1200L"},"content":{"rendered":"<p>Der 1200L ist ein leichter Ofen, der speziell f\u00fcr <a href=\"https:\/\/www.fourgrandmere.com\/de\/Produktkategorie\/profi-fen\/lastwagen-und-anhaenger\/\">Pizzawagen entwickelt wurde<\/a>.<\/p>\n<p>Der Boden und das Gew\u00f6lbe dieses Holzofens bestehen aus feuerfester Schamotte (gemahlene Tonerde) und der Eingangsbogen ist aus Ziegelstein (T\u00fcr 50 cm). Durch die gro\u00dfe Backfl\u00e4che erreicht der Holzofen einen hohen Wirkungsgrad.<\/p>\n<p>Die Qualit\u00e4t der Pizzen aus dem Holzofen und das Schauspiel der Flammen werden Ihre Kundschaft begeistern, denn nichts ersetzt das Backen in einem traditionellen Ofen. Au\u00dferdem ist er dank seinem niedrigen Gew\u00f6lbe sparsam (30% weniger Holzverbrauch im Vergleich zu einem Ofen mit einem h\u00f6heren Gew\u00f6lbe) und leistungsstark.<\/p>\n<h4>Garantie und Kundenservice.<\/h4>\n<p>Ofen hergestellt in Frankreich , in unseren Werkst\u00e4tten. <strong>5 Jahre Garantie auf den Ofen<\/strong> (*), vorausgesetzt, er wird auf den passenden \u00a0Four Grand M\u00e8re Ofenst\u00e4nder montiert (verst\u00e4rkter Metalltisch).<\/p>\n<p>(*) Garantie f\u00fcr Ersatzteile in der gesamten Europ\u00e4ischen Union, in Gro\u00dfbritannien, Norwegen und der Schweiz bei intensiver gewerblicher Nutzung.<\/p>\n","protected":false},"excerpt":{"rendered":"<p>Pizzabackofen, der f\u00fcr <strong>Food Trucks und Anh\u00e4nger bestimmt ist<\/strong>. <strong>Backen Sie 72 Pizzen<\/strong> pro Stunde in diesem traditionellen Schamotteofen!<\/p>\n","protected":false},"featured_media":7987,"comment_status":"open","ping_status":"closed","template":"","meta":{"_acf_changed":false},"product_brand":[],"product_cat":[388,376,367],"product_tag":[797],"class_list":{"0":"post-3027","1":"product","2":"type-product","3":"status-publish","4":"has-post-thumbnail","6":"product_cat-leichten-ofen-fur-lkws","7":"product_cat-lastwagen-und-anhaenger","8":"product_cat-profi-fen","9":"product_tag-four-de","10":"pa_surface-de-la-sole-113-de","12":"first","13":"outofstock","14":"purchasable","15":"product-type-simple"},"acf":[],"_links":{"self":[{"href":"https:\/\/www.fourgrandmere.com\/de\/wp-json\/wp\/v2\/product\/3027","targetHints":{"allow":["GET"]}}],"collection":[{"href":"https:\/\/www.fourgrandmere.com\/de\/wp-json\/wp\/v2\/product"}],"about":[{"href":"https:\/\/www.fourgrandmere.com\/de\/wp-json\/wp\/v2\/types\/product"}],"replies":[{"embeddable":true,"href":"https:\/\/www.fourgrandmere.com\/de\/wp-json\/wp\/v2\/comments?post=3027"}],"wp:featuredmedia":[{"embeddable":true,"href":"https:\/\/www.fourgrandmere.com\/de\/wp-json\/wp\/v2\/media\/7987"}],"wp:attachment":[{"href":"https:\/\/www.fourgrandmere.com\/de\/wp-json\/wp\/v2\/media?parent=3027"}],"wp:term":[{"taxonomy":"product_brand","embeddable":true,"href":"https:\/\/www.fourgrandmere.com\/de\/wp-json\/wp\/v2\/product_brand?post=3027"},{"taxonomy":"product_cat","embeddable":true,"href":"https:\/\/www.fourgrandmere.com\/de\/wp-json\/wp\/v2\/product_cat?post=3027"},{"taxonomy":"product_tag","embeddable":true,"href":"https:\/\/www.fourgrandmere.com\/de\/wp-json\/wp\/v2\/product_tag?post=3027"}],"curies":[{"name":"wp","href":"https:\/\/api.w.org\/{rel}","templated":true}]}}