{"id":3085,"date":"2018-02-13T09:56:36","date_gmt":"2018-02-13T09:56:36","guid":{"rendered":"https:\/\/www.fourgrandmere.com\/?post_type=product&#038;p=3085"},"modified":"2025-12-11T14:03:23","modified_gmt":"2025-12-11T13:03:23","slug":"alfred-2","status":"publish","type":"product","link":"https:\/\/www.fourgrandmere.com\/de\/produit\/alfred-2\/","title":{"rendered":"holzbefeuerter Designer Ofen Alfred"},"content":{"rendered":"<h4>Freuen Sie sich das ganz Jahr \u00fcber schmackhafte Gerichte aus dem Holzbackofen<\/h4>\n<p>Der Holzbackofen Alfred garantiert ganzj\u00e4hrig gem\u00fctliche Momente mit der Familie oder unter Freunden.<\/p>\n<p>Nach einer Aufheizzeit von 30 bis 45 Minuten, wie f\u00fcr einen Grill, k\u00f6nnen Sie mit Alfred schmackhafte Gerichte zubereiten und gleichzeitig das Schauspiel der Flammen geniessen ! Im Vergleich zu einem einfachen Grill, erm\u00f6glicht dieser Holzofen die Zubereitung vielf\u00e4ltiger Gerichte.<\/p>\n<p>Bei ge\u00f6ffneter T\u00fcr backen Pizzen und Flammkuchen in 2 bis 3 Minuten. Sie lieben scharf angebratenes Fleisch ? In 4 bis 6 Minuten grillen Spie\u00dfe, Steaks oder Andouillettew\u00fcrste.<\/p>\n<p>Alfred befriedigt auch Liebhaber von Schmorgerichten. Bei geschlossener Ofent\u00fcr, backen Gratins oder Lasagne in 30 bis 90 Minuten, ohne Glut oder Flammen. Lammkeule kandiert in 3 bis 6 Stunden, Sie k\u00f6nnen Brot backen und sogar Fleisch oder Fischen r\u00e4uchern\u00a0! Lassen Sie es sich schmecken\u00a0!<\/p>\n<p><span lang=\"de\" xml:lang=\"de\">Wenn die Flammen erl\u00f6scht sind, bleibt Alfred noch stundenlang heiss\u00a0.<\/span><span lang=\"de\" xml:lang=\"de\">\u00a0<\/span><\/p>\n<h4>Ein Designer Ofen auf der Terrasse oder im Garten auf den Sie stolz sein k\u00f6nnen !<\/h4>\n<p>Alfred ist 100% franz\u00f6sischen Ursprungs, erdacht, entwickelt und gebaut in den Vogesen.<\/p>\n<p>Sie wurde zweifach mit Designpreisen ausgezeichnet:<\/p>\n<ul>\n<li>Auf nationaler Ebene von der ACPI, indem sie zu den 100Finalisten des &#8222;<strong>Der Observeur des designs (Label 2019)<\/strong>&#8220; und<\/li>\n<li>auf internationaler Ebene durch des <strong>A&#8216; Design Award &amp; Competition (Silver A&#8217;Design Award in 2019)<\/strong>.<\/li>\n<\/ul>\n<p>Seine schlichten und sehr modernen Linien verbergen einen authentischen Holzofen, gebaut f\u00fcr mindestens mehrere Jahrzehnte\u00a0!<\/p>\n<p>Nach der Lieferung, reicht ein Nachmittag mit zwei Freunden um den Ofen aufzubauen, ganz ohne Maurerarbeit oder komplizierte Installationen. Einmal aufgebaut, kann Alfred im Freien bleiben im Sommer wie im Winter. Stark wie eine Vogesentanne, f\u00fcrchtet der Ofen weder Frost noch Unwetter.<\/p>\n<h4>Wie jeder gro\u00dfe K\u00fcchenchef, legt Alfred Wert auf jedes Detail !<\/h4>\n<p>Alfred ist der perfekteste unserer im Bausatz lieferbaren \u00d6fen zu deren Linie auch die Modelle\u00a0<a href=\"https:\/\/www.fourgrandmere.com\/de\/design-oefen\/232-alf.html\">Alf<\/a> und\u00a0<a href=\"https:\/\/www.fourgrandmere.com\/de\/design-oefen\/231-fred.html\">Fred<\/a> geh\u00f6ren.<\/p>\n<p>Die isolierte Lagerfl\u00e4che direkt unter dem Ofenboden ist perfekt zum Lagern von trockenem Holz oder Zubeh\u00f6rteilen (Laserthermometer, abnehmbares Tablett, \u2026)<\/p>\n<p>Die doppelte Wandung des Rauchabzugs verhindert Brandwunden bei versehentlichem Kontakt. Die Rauchabzugshaube kann abgenommen werden und ist verstellbar.<\/p>\n<p>Damit Sie sofort Ihre besten Rezepte zubereiten k\u00f6nnen, wird Ofen Alfred mit einigen Zubeh\u00f6rteilen geliefert\u00a0: ein Laserthermometer f\u00fcr hohe Temperaturen\u00a0 zur Kontrolle des Kochvorgangs, sowie ein abnehmbares Schneidbrett.\u00a0 Wenn eine Portion fertig ist, befestigen Sie das Brett horizontal\u00a0 an der Frontblende. So k\u00f6nnen die Speisen direkt aus dem Ofen auf das Brett gezogen werden. Dann braucht das Brett nur ausgehakt zu werden um als Serbiertablett zu dienen. Alles ganz einfach\u00a0!<\/p>\n<div style=\"border: none; border-bottom: solid 1.5pt; padding: 0cm 0cm 1pt 0cm;\">\n<h4>Garantie und Kundendienst<\/h4>\n<p><span lang=\"de\" xml:lang=\"de\">Auf das Gew\u00f6lbe und den Boden des Alfred wird eine <strong>Garantie von 10 Jahren<\/strong> gew\u00e4hrt mit konformer Benutzung und gekauft in L\u00e4ndern der Europ\u00e4ischen Union, in Gro\u00dfbritannien, in Norwegen oder in der Schweiz. Sollten Sie zu unseren Produkte weitere Fragen haben, so <a href=\"https:\/\/www.fourgrandmere.com\/de\/kontakt\">stehen wir<\/a> oder\u00a0<a href=\"https:\/\/www.fourgrandmere.com\/de\/shops\">unsere Wiederverk\u00e4ufer<\/a> zwecks Kl\u00e4rung jederzeit gern zur Verf\u00fcgung.\u00a0<\/span><\/p>\n<p><span lang=\"de\" xml:lang=\"de\">\u00a0<\/span><\/p>\n<p>Entdecken Sie <a href=\"https:\/\/www.fourgrandmere.com\/de\/content\/28-rezepte-mit-alfred\">unsere Rezepte mit Alfred<\/a>!<\/p>\n<p><iframe style=\"margin-left: auto; margin-right: auto;\" src=\"https:\/\/cdn.cluster014.hosting.meosis.fr\/videos\/fourgrandmere.com\/German_Vorstellung_von_alfred.mp4\" width=\"560\" height=\"315\" frameborder=\"0\"><\/iframe><\/p>\n<p><iframe style=\"margin-left: auto; margin-right: auto;\" src=\"https:\/\/cdn.cluster014.hosting.meosis.fr\/videos\/fourgrandmere.com\/German_Alfred_macht_Spie%C3%9Fe.mp4\" width=\"560\" height=\"315\" frameborder=\"0\"><\/iframe><\/p>\n<p><iframe style=\"margin-left: auto; margin-right: auto;\" src=\"https:\/\/cdn.cluster014.hosting.meosis.fr\/videos\/fourgrandmere.com\/German_Alfred_ist_der_Chef.mp4\" width=\"560\" height=\"315\" frameborder=\"0\"><\/iframe><\/p>\n<\/div>\n","protected":false},"excerpt":{"rendered":"<p><strong>Das Flaggschiff unserer Design-Serie !<\/strong><br \/>\nZus\u00e4tzlich zu dem massiven Holzstativ und dem Rauchabzug integriert Alfred auch eine clevere Aufbewahrungsschale. Auf der inneren Stahlablage k\u00f6nnen Sie trockene Holzscheite, das Schneidebrett, einen Grillrost f\u00fcr Fleisch &#8230; aufbewahren.<\/p>\n","protected":false},"featured_media":5437,"comment_status":"open","ping_status":"closed","template":"","meta":{"_acf_changed":false},"product_brand":[],"product_cat":[409,307],"product_tag":[797],"class_list":{"0":"post-3085","1":"product","2":"type-product","3":"status-publish","4":"has-post-thumbnail","6":"product_cat-design-fen","7":"product_cat-private-holzbackofen","8":"product_tag-four-de","10":"first","11":"outofstock","12":"taxable","13":"shipping-taxable","14":"product-type-simple"},"acf":[],"_links":{"self":[{"href":"https:\/\/www.fourgrandmere.com\/de\/wp-json\/wp\/v2\/product\/3085","targetHints":{"allow":["GET"]}}],"collection":[{"href":"https:\/\/www.fourgrandmere.com\/de\/wp-json\/wp\/v2\/product"}],"about":[{"href":"https:\/\/www.fourgrandmere.com\/de\/wp-json\/wp\/v2\/types\/product"}],"replies":[{"embeddable":true,"href":"https:\/\/www.fourgrandmere.com\/de\/wp-json\/wp\/v2\/comments?post=3085"}],"wp:featuredmedia":[{"embeddable":true,"href":"https:\/\/www.fourgrandmere.com\/de\/wp-json\/wp\/v2\/media\/5437"}],"wp:attachment":[{"href":"https:\/\/www.fourgrandmere.com\/de\/wp-json\/wp\/v2\/media?parent=3085"}],"wp:term":[{"taxonomy":"product_brand","embeddable":true,"href":"https:\/\/www.fourgrandmere.com\/de\/wp-json\/wp\/v2\/product_brand?post=3085"},{"taxonomy":"product_cat","embeddable":true,"href":"https:\/\/www.fourgrandmere.com\/de\/wp-json\/wp\/v2\/product_cat?post=3085"},{"taxonomy":"product_tag","embeddable":true,"href":"https:\/\/www.fourgrandmere.com\/de\/wp-json\/wp\/v2\/product_tag?post=3085"}],"curies":[{"name":"wp","href":"https:\/\/api.w.org\/{rel}","templated":true}]}}