{"id":3157,"date":"2019-03-05T11:05:39","date_gmt":"2019-03-05T10:05:39","guid":{"rendered":"https:\/\/www.fourgrandmere.com\/?post_type=product&#038;p=3157"},"modified":"2025-02-14T11:27:23","modified_gmt":"2025-02-14T10:27:23","slug":"gasofen-f1200l","status":"publish","type":"product","link":"https:\/\/www.fourgrandmere.com\/de\/produit\/gasofen-f1200l\/","title":{"rendered":"Pizzaofen mit gemischter Feuerung von Holz und Gas 1200LG f\u00fcr Profis"},"content":{"rendered":"<p>Der Ofen 1200LG mit gemischter Feuerung wurde speziell f\u00fcr Gastronomiebetriebe entwickelt, die im Holzofen gebackene Pizzen anbieten und gleichzeitig von der Flexibilit\u00e4t und Kontrolle profitieren m\u00f6chten, die Gas bietet (z. B. zum Aufheizen&#8230;oder zum Aufheizen und Backen). Dieses Modell ist nach der Norm (EU) 2016\/426<strong> CERTIGAZ<\/strong> zertifiziert und verbindet Tradition und Moderne f\u00fcr optimale Leistung.<\/p>\n<p>Mit seinem<strong> ger\u00e4umigen Back Raum<\/strong> kann dieser Ofen bis zu <strong>6 Pizzen gleichzeitig<\/strong> in den Ofen schieben und garantiert so eine schnelle und effiziente Produktion. Dank des<strong> 4 cm dicken Bodens und des Gew\u00f6lbes aus feuerfester Schamotte<\/strong> sorgt er f\u00fcr eine gleichm\u00e4\u00dfige W\u00e4rmeverteilung. Der Gasbrenner an der R\u00fcckseite des Bodens erzeugt eine intensive Flamme, die mit der eines Holzbackofens vergleichbar ist, und erm\u00f6glicht so eine effiziente Erw\u00e4rmung und eine optimale Backqualit\u00e4t.<\/p>\n<p>Dieser Ofen funktioniert mit Propan oder Erdgas (siehe technisches Datenblatt zum Herunterladen) und bietet damit eine energieeffiziente L\u00f6sung f\u00fcr eine intensive Nutzung. Sein bis zu zweimal t\u00e4glich an sieben Tagen pro <strong>Woche programmierbarer Gasanlauf<\/strong> erleichtert den t\u00e4glichen Gebrauch und erm\u00f6glicht eine optimierte Verwaltung der Garzeiten.<\/p>\n<p>Zus\u00e4tzlich zu diesen Funktionen verf\u00fcgt der Ofen \u00fcber eine <strong>T\u00fcr\u00f6ffnung von 50 cm<\/strong> und einen <strong>Ziegelsteineingangsbogen<\/strong>, die einen authentischen und traditionellen Stil hinzuf\u00fcgen. Durch die Verbindung von<strong> Zuverl\u00e4ssigkeit, Leistung und \u00c4sthetik<\/strong> zeichnet sich der Kombiofen 1200L d. h Holz und Gasofen als strategische Wahl f\u00fcr Pizzab\u00e4cker und Gastronomen aus, die bei ihrer Ausstattung auf Qualit\u00e4t und Leistung Wert legen.<\/p>\n<p>Der Ofen 1200LG ist auch als reiner <a href=\"https:\/\/www.fourgrandmere.com\/de\/produit\/r-mische-holzbackofen-f1200l\/\">Holzbackofen<\/a> erh\u00e4ltlich, ideal f\u00fcr alle, die lieber auf die Gasheizung verzichten und die Vorteile des Kochens mit Holzbefeuerung voll aussch\u00f6pfen m\u00f6chten.<\/p>\n<h4>Garantie und Kundenservice.<\/h4>\n<p>In Frankreich in unseren Werkst\u00e4tten hergestellter Ofen. <strong>5 Jahre Teilegarantie<\/strong> in der gesamten Europ\u00e4ischen Union, Gro\u00dfbritannien, Norwegen und der Schweiz bei intensiver gewerblicher Nutzung.<\/p>\n","protected":false},"excerpt":{"rendered":"<p>Entdecken Sie den <strong>Holz- und Gasofen f\u00fcr Restaurants und Pizzerien 1200LG<\/strong>. Mit seinem schnellen und gleichm\u00e4\u00dfigen Garen ist er ideal f\u00fcr Restaurantbesitzer.<\/p>\n","protected":false},"featured_media":3158,"comment_status":"open","ping_status":"closed","template":"","meta":{"_acf_changed":false},"product_brand":[],"product_cat":[367,334,1911,1913],"product_tag":[797],"class_list":{"0":"post-3157","1":"product","2":"type-product","3":"status-publish","4":"has-post-thumbnail","6":"product_cat-profi-fen","7":"product_cat-pizzeria-und-gasthauser","8":"product_cat-unsere-kombioefen-fuer-pizzen-mit-holz-und-gas","9":"product_cat-unsere-leichten-roemischen-kombioefen","10":"product_tag-four-de","11":"pa_surface-de-la-sole-113-de","13":"first","14":"outofstock","15":"purchasable","16":"product-type-simple"},"acf":[],"_links":{"self":[{"href":"https:\/\/www.fourgrandmere.com\/de\/wp-json\/wp\/v2\/product\/3157","targetHints":{"allow":["GET"]}}],"collection":[{"href":"https:\/\/www.fourgrandmere.com\/de\/wp-json\/wp\/v2\/product"}],"about":[{"href":"https:\/\/www.fourgrandmere.com\/de\/wp-json\/wp\/v2\/types\/product"}],"replies":[{"embeddable":true,"href":"https:\/\/www.fourgrandmere.com\/de\/wp-json\/wp\/v2\/comments?post=3157"}],"wp:featuredmedia":[{"embeddable":true,"href":"https:\/\/www.fourgrandmere.com\/de\/wp-json\/wp\/v2\/media\/3158"}],"wp:attachment":[{"href":"https:\/\/www.fourgrandmere.com\/de\/wp-json\/wp\/v2\/media?parent=3157"}],"wp:term":[{"taxonomy":"product_brand","embeddable":true,"href":"https:\/\/www.fourgrandmere.com\/de\/wp-json\/wp\/v2\/product_brand?post=3157"},{"taxonomy":"product_cat","embeddable":true,"href":"https:\/\/www.fourgrandmere.com\/de\/wp-json\/wp\/v2\/product_cat?post=3157"},{"taxonomy":"product_tag","embeddable":true,"href":"https:\/\/www.fourgrandmere.com\/de\/wp-json\/wp\/v2\/product_tag?post=3157"}],"curies":[{"name":"wp","href":"https:\/\/api.w.org\/{rel}","templated":true}]}}