{"id":3190,"date":"2019-12-13T08:36:35","date_gmt":"2019-12-13T07:36:35","guid":{"rendered":"https:\/\/www.fourgrandmere.com\/?post_type=product&#038;p=3190"},"modified":"2025-04-18T15:10:20","modified_gmt":"2025-04-18T13:10:20","slug":"raeucher-und-trockenrost-fuer-holzofen","status":"publish","type":"product","link":"https:\/\/www.fourgrandmere.com\/de\/produit\/raeucher-und-trockenrost-fuer-holzofen\/","title":{"rendered":"R\u00e4ucher und Trockenrost f\u00fcr Holzofen"},"content":{"rendered":"<p>Dieser R\u00e4ucherrost aus Edelstahl besteht aus drei herausnehmbaren Ebenen, auf denen Sie verschiedene Lebensmittel r\u00e4uchern und flach trocknen k\u00f6nnen. Wenn Sie nur die erste Ebene mit Standfu\u00df behalten, erhalten Sie einen gro\u00dfen Rost zum Garen all Ihrer Grillgerichte.<\/p>\n<p>Der gro\u00dfe, abnehmbare Griff sorgt f\u00fcr einen ausgezeichneten Halt in der Hand. Auf diesem Griff aus ge\u00f6ltem Holz sind das Logo und die Marke Four Grand-M\u00e8re per Laser eingraviert.<\/p>\n<p>Dieser modulare, in Frankreich hergestellte Grillrost ist mit allen Grand-M\u00e8re-\u00d6fen kompatibel.<\/p>\n<p>Am Ende eines \u201eBacktages\u201c verwandelt sich Ihr Holzofen gerne in einen R\u00e4ucherofen oder einen Trockenraum. Mit diesem Rost k\u00f6nnen Sie die Restw\u00e4rme des Ofens nutzen, um Obst, Gem\u00fcse und Kr\u00e4uter zu trocknen oder Fleisch- und Fischst\u00fccke zu r\u00e4uchern.<\/p>\n","protected":false},"excerpt":{"rendered":"<p>R\u00e4ucherrost aus Edelstahl auf 3 abnehmbaren Ebenen zum R\u00e4uchern und Trocknen in der Ebene. Verwandeln Sie die 1. Ebene in einen gro\u00dfen Rost, um all Ihr Grillgut zu garen!<\/p>\n","protected":false},"featured_media":5262,"comment_status":"open","ping_status":"closed","template":"","meta":{"_acf_changed":false},"product_brand":[],"product_cat":[403,412],"product_tag":[],"class_list":{"0":"post-3190","1":"product","2":"type-product","3":"status-publish","4":"has-post-thumbnail","6":"product_cat-kuchenartikeln","7":"product_cat-zubehorteile","8":"product_shipping_class-verpackung","9":"pa_hauteur-17-cm-de","10":"pa_largeur-34-cm-de","11":"pa_longueur-44-cm-4","13":"first","14":"instock","15":"featured","16":"taxable","17":"shipping-taxable","18":"purchasable","19":"product-type-simple"},"acf":[],"_links":{"self":[{"href":"https:\/\/www.fourgrandmere.com\/de\/wp-json\/wp\/v2\/product\/3190","targetHints":{"allow":["GET"]}}],"collection":[{"href":"https:\/\/www.fourgrandmere.com\/de\/wp-json\/wp\/v2\/product"}],"about":[{"href":"https:\/\/www.fourgrandmere.com\/de\/wp-json\/wp\/v2\/types\/product"}],"replies":[{"embeddable":true,"href":"https:\/\/www.fourgrandmere.com\/de\/wp-json\/wp\/v2\/comments?post=3190"}],"wp:featuredmedia":[{"embeddable":true,"href":"https:\/\/www.fourgrandmere.com\/de\/wp-json\/wp\/v2\/media\/5262"}],"wp:attachment":[{"href":"https:\/\/www.fourgrandmere.com\/de\/wp-json\/wp\/v2\/media?parent=3190"}],"wp:term":[{"taxonomy":"product_brand","embeddable":true,"href":"https:\/\/www.fourgrandmere.com\/de\/wp-json\/wp\/v2\/product_brand?post=3190"},{"taxonomy":"product_cat","embeddable":true,"href":"https:\/\/www.fourgrandmere.com\/de\/wp-json\/wp\/v2\/product_cat?post=3190"},{"taxonomy":"product_tag","embeddable":true,"href":"https:\/\/www.fourgrandmere.com\/de\/wp-json\/wp\/v2\/product_tag?post=3190"}],"curies":[{"name":"wp","href":"https:\/\/api.w.org\/{rel}","templated":true}]}}