{"id":3214,"date":"2020-09-24T11:45:28","date_gmt":"2020-09-24T09:45:28","guid":{"rendered":"https:\/\/www.fourgrandmere.com\/?post_type=product&#038;p=3214"},"modified":"2025-04-16T16:11:58","modified_gmt":"2025-04-16T14:11:58","slug":"mijote-paket","status":"publish","type":"product","link":"https:\/\/www.fourgrandmere.com\/de\/produit\/mijote-paket\/","title":{"rendered":"Mijote-Paket"},"content":{"rendered":"<p>Verwandeln Sie Ihren Holzofen mit dem Mijote-Paket in ein Ger\u00e4t zum langsamen Garen.<\/p>\n<p>Dieses Paket wurde speziell f\u00fcr die Modelle der<span style=\"color: #ea814c;\"><a style=\"color: #ea814c;\" href=\"https:\/\/www.fourgrandmere.com\/de\/Produktkategorie\/private-holzbackofen\/design-fen\/\"> Design-Reihe<\/a><\/span> oder f\u00fcr alle \u00d6fen mit <span style=\"color: #ea814c;\"><a style=\"color: #ea814c;\" href=\"https:\/\/www.fourgrandmere.com\/de\/produit\/band-an-der-fassade\/\">Band an der Fassade<\/a><\/span> und umfasst einen abnehmbaren <span style=\"color: #ea814c;\"><a style=\"color: #ea814c;\" href=\"https:\/\/www.fourgrandmere.com\/de\/produit\/aschenkasten-3\/\">Aschenbecher<\/a><\/span>, der an der Frontleiste befestigt wird, und eine <span style=\"color: #ea814c;\"><a style=\"color: #ea814c;\" href=\"https:\/\/www.fourgrandmere.com\/de\/produit\/isoliertur-43-cm\/\">isolierende T\u00fcr aus feuerfestem Material<\/a><\/span>.<\/p>\n<p>Dieses Duo erm\u00f6glicht es, Glut und Asche aus dem Ofen zu entfernen und den Garraum vollst\u00e4ndig zu verschlie\u00dfen, um eine ideale Temperatur zu erhalten und lange und kontrollierte Garzeiten zu erzielen<\/p>\n<p>Die in Frankreich hergestellten Ausr\u00fcstungen des Mijote-Pakets sind perfekt, um Brot zu backen, schmackhafte Gerichte zu k\u00f6cheln oder ganz einfach Kuchen zuzubereiten.<\/p>\n","protected":false},"excerpt":{"rendered":"<p>Das Mijote-Paket ist ideal f\u00fcr das langsame Garen in Ihrem Holzofen.<\/p>\n","protected":false},"featured_media":3679,"comment_status":"open","ping_status":"closed","template":"","meta":{"_acf_changed":false},"product_brand":[],"product_cat":[400,1205,412],"product_tag":[1207],"class_list":{"0":"post-3214","1":"product","2":"type-product","3":"status-publish","4":"has-post-thumbnail","6":"product_cat-aufbau-ausruestung","7":"product_cat-design-zubehoer","8":"product_cat-zubehorteile","9":"product_tag-alfred-de","10":"product_shipping_class-verpackung","11":"pa_longueur-0-49-m-de","12":"pa_profondeur-0-34-m-de","14":"first","15":"instock","16":"taxable","17":"shipping-taxable","18":"purchasable","19":"product-type-simple"},"acf":[],"_links":{"self":[{"href":"https:\/\/www.fourgrandmere.com\/de\/wp-json\/wp\/v2\/product\/3214","targetHints":{"allow":["GET"]}}],"collection":[{"href":"https:\/\/www.fourgrandmere.com\/de\/wp-json\/wp\/v2\/product"}],"about":[{"href":"https:\/\/www.fourgrandmere.com\/de\/wp-json\/wp\/v2\/types\/product"}],"replies":[{"embeddable":true,"href":"https:\/\/www.fourgrandmere.com\/de\/wp-json\/wp\/v2\/comments?post=3214"}],"wp:featuredmedia":[{"embeddable":true,"href":"https:\/\/www.fourgrandmere.com\/de\/wp-json\/wp\/v2\/media\/3679"}],"wp:attachment":[{"href":"https:\/\/www.fourgrandmere.com\/de\/wp-json\/wp\/v2\/media?parent=3214"}],"wp:term":[{"taxonomy":"product_brand","embeddable":true,"href":"https:\/\/www.fourgrandmere.com\/de\/wp-json\/wp\/v2\/product_brand?post=3214"},{"taxonomy":"product_cat","embeddable":true,"href":"https:\/\/www.fourgrandmere.com\/de\/wp-json\/wp\/v2\/product_cat?post=3214"},{"taxonomy":"product_tag","embeddable":true,"href":"https:\/\/www.fourgrandmere.com\/de\/wp-json\/wp\/v2\/product_tag?post=3214"}],"curies":[{"name":"wp","href":"https:\/\/api.w.org\/{rel}","templated":true}]}}