{"id":3264,"date":"2020-11-24T11:21:21","date_gmt":"2020-11-24T10:21:21","guid":{"rendered":"https:\/\/www.fourgrandmere.com\/?post_type=product&#038;p=3264"},"modified":"2025-04-16T15:40:41","modified_gmt":"2025-04-16T13:40:41","slug":"alfred-schutzuberzug","status":"publish","type":"product","link":"https:\/\/www.fourgrandmere.com\/de\/produit\/alfred-schutzuberzug\/","title":{"rendered":"Alfred Schutzh\u00fclle"},"content":{"rendered":"<p>Sch\u00fctzen Sie Ihren Design-Holzofen dauerhaft mit dieser Design-Schutzh\u00fclle, die so konzipiert ist, dass sie Wind und Wetter standh\u00e4lt.<\/p>\n<p>Diese Schutzh\u00fclle besteht aus hochwertigem schwarzem Polyester mit dem Siebdrucklogo \u201eHolzofen Grand-M\u00e8re\u201c und vereint Stil und Robustheit.<\/p>\n<p>Sie ist mit den Modellen <span style=\"color: #ea814c;\"><a style=\"color: #ea814c;\" href=\"https:\/\/www.fourgrandmere.com\/de\/produit\/fred-2\/\">Fred<\/a><\/span> und <span style=\"color: #ea814c;\"><a style=\"color: #ea814c;\" href=\"https:\/\/www.fourgrandmere.com\/de\/produit\/alfred-2\/\">Alfred<\/a><\/span> kompatibel und l\u00e4sst sich leicht anbringen, sobald das Rohr entfernt wurde. Da das Rohr abnehmbar ist, ist die Installation schnell und einfach. Die Schutzh\u00fclle wird mit einer Silikonabdeckung geliefert, die das Ganze perfekt vor Regen, Wind und Staub sch\u00fctzt.<\/p>\n","protected":false},"excerpt":{"rendered":"<p>Die Design-Schutzh\u00fclle aus schwarzem Polyester sch\u00fctzt Ihren Design-Holzofen wirksam vor Witterungseinfl\u00fcssen.<\/p>\n","protected":false},"featured_media":3625,"comment_status":"open","ping_status":"closed","template":"","meta":{"_acf_changed":false},"product_brand":[],"product_cat":[400,1205,412],"product_tag":[1207],"class_list":{"0":"post-3264","1":"product","2":"type-product","3":"status-publish","4":"has-post-thumbnail","6":"product_cat-aufbau-ausruestung","7":"product_cat-design-zubehoer","8":"product_cat-zubehorteile","9":"product_tag-alfred-de","10":"product_shipping_class-verpackung","11":"pa_hauteur-0-35-m-de","12":"pa_longueur-0-40-m-de","13":"pa_profondeur-0-04-m-de","15":"first","16":"instock","17":"taxable","18":"shipping-taxable","19":"purchasable","20":"product-type-simple"},"acf":[],"_links":{"self":[{"href":"https:\/\/www.fourgrandmere.com\/de\/wp-json\/wp\/v2\/product\/3264","targetHints":{"allow":["GET"]}}],"collection":[{"href":"https:\/\/www.fourgrandmere.com\/de\/wp-json\/wp\/v2\/product"}],"about":[{"href":"https:\/\/www.fourgrandmere.com\/de\/wp-json\/wp\/v2\/types\/product"}],"replies":[{"embeddable":true,"href":"https:\/\/www.fourgrandmere.com\/de\/wp-json\/wp\/v2\/comments?post=3264"}],"wp:featuredmedia":[{"embeddable":true,"href":"https:\/\/www.fourgrandmere.com\/de\/wp-json\/wp\/v2\/media\/3625"}],"wp:attachment":[{"href":"https:\/\/www.fourgrandmere.com\/de\/wp-json\/wp\/v2\/media?parent=3264"}],"wp:term":[{"taxonomy":"product_brand","embeddable":true,"href":"https:\/\/www.fourgrandmere.com\/de\/wp-json\/wp\/v2\/product_brand?post=3264"},{"taxonomy":"product_cat","embeddable":true,"href":"https:\/\/www.fourgrandmere.com\/de\/wp-json\/wp\/v2\/product_cat?post=3264"},{"taxonomy":"product_tag","embeddable":true,"href":"https:\/\/www.fourgrandmere.com\/de\/wp-json\/wp\/v2\/product_tag?post=3264"}],"curies":[{"name":"wp","href":"https:\/\/api.w.org\/{rel}","templated":true}]}}