{"id":3288,"date":"2022-02-16T08:34:27","date_gmt":"2022-02-16T07:34:27","guid":{"rendered":"https:\/\/www.fourgrandmere.com\/?post_type=product&#038;p=3288"},"modified":"2025-04-16T15:04:21","modified_gmt":"2025-04-16T13:04:21","slug":"band-an-der-fassade","status":"publish","type":"product","link":"https:\/\/www.fourgrandmere.com\/de\/produit\/band-an-der-fassade\/","title":{"rendered":"Band an der Fassade"},"content":{"rendered":"<p>Die Band an der Fassade ist ein wichtiges Zubeh\u00f6rteil, um den Raum unter der T\u00fcr Ihres Holzofens zu gestalten.<\/p>\n<p>Sie bietet Platz f\u00fcr verschiedene Gegenst\u00e4nde und stellt eine praktische und elegante Aufbewahrungsm\u00f6glichkeit dar.<\/p>\n<p>Sie bietet Platz f\u00fcr ein <span style=\"color: #ea814c;\"><a style=\"color: #ea814c;\" href=\"https:\/\/www.fourgrandmere.com\/de\/produit\/schneidbrett-teller\/\">Schneidebrett<\/a><\/span> oder einen <span style=\"color: #ea814c;\"><a style=\"color: #ea814c;\" href=\"https:\/\/www.fourgrandmere.com\/de\/produit\/aschenkasten-3\/\">Aschenbecher<\/a><\/span>, um sie griffbereit zu halten, und l\u00e4sst gleichzeitig die M\u00f6glichkeit, Grillbesteck aufzuh\u00e4ngen.<\/p>\n<p>Dieser St\u00e4nder hilft Ihnen also, Ihren Arbeitsbereich zu organisieren, und verleiht dem Design Ihres Ofens gleichzeitig einen stilvollen Touch.<\/p>\n","protected":false},"excerpt":{"rendered":"<p>Die Band an der Fassade ist ein praktisches und \u00e4sthetisches Zubeh\u00f6r, mit dem Sie verschiedene Dinge unter Ihrem Ofen aufh\u00e4ngen k\u00f6nnen.<\/p>\n","protected":false},"featured_media":3481,"comment_status":"open","ping_status":"closed","template":"","meta":{"_acf_changed":false},"product_brand":[],"product_cat":[400,412],"product_tag":[],"class_list":{"0":"post-3288","1":"product","2":"type-product","3":"status-publish","4":"has-post-thumbnail","6":"product_cat-aufbau-ausruestung","7":"product_cat-zubehorteile","8":"product_shipping_class-verpackung","10":"first","11":"instock","12":"taxable","13":"shipping-taxable","14":"purchasable","15":"product-type-simple"},"acf":[],"_links":{"self":[{"href":"https:\/\/www.fourgrandmere.com\/de\/wp-json\/wp\/v2\/product\/3288","targetHints":{"allow":["GET"]}}],"collection":[{"href":"https:\/\/www.fourgrandmere.com\/de\/wp-json\/wp\/v2\/product"}],"about":[{"href":"https:\/\/www.fourgrandmere.com\/de\/wp-json\/wp\/v2\/types\/product"}],"replies":[{"embeddable":true,"href":"https:\/\/www.fourgrandmere.com\/de\/wp-json\/wp\/v2\/comments?post=3288"}],"wp:featuredmedia":[{"embeddable":true,"href":"https:\/\/www.fourgrandmere.com\/de\/wp-json\/wp\/v2\/media\/3481"}],"wp:attachment":[{"href":"https:\/\/www.fourgrandmere.com\/de\/wp-json\/wp\/v2\/media?parent=3288"}],"wp:term":[{"taxonomy":"product_brand","embeddable":true,"href":"https:\/\/www.fourgrandmere.com\/de\/wp-json\/wp\/v2\/product_brand?post=3288"},{"taxonomy":"product_cat","embeddable":true,"href":"https:\/\/www.fourgrandmere.com\/de\/wp-json\/wp\/v2\/product_cat?post=3288"},{"taxonomy":"product_tag","embeddable":true,"href":"https:\/\/www.fourgrandmere.com\/de\/wp-json\/wp\/v2\/product_tag?post=3288"}],"curies":[{"name":"wp","href":"https:\/\/api.w.org\/{rel}","templated":true}]}}