{"id":3309,"date":"2022-10-04T16:47:32","date_gmt":"2022-10-04T14:47:32","guid":{"rendered":"https:\/\/www.fourgrandmere.com\/?post_type=product&#038;p=3309"},"modified":"2025-01-31T16:13:15","modified_gmt":"2025-01-31T15:13:15","slug":"holzofen-nestor-1030","status":"publish","type":"product","link":"https:\/\/www.fourgrandmere.com\/de\/produit\/holzofen-nestor-1030\/","title":{"rendered":"Design-Holzofen NESTOR 1030 f\u00fcr Profis"},"content":{"rendered":"<p>Nestor, der brandneue Design-Holzofen f\u00fcr den professionellen Einsatz.<\/p>\n<p>Dieser Holzofen, der vom innovativen Design der <a href=\"https:\/\/www.fourgrandmere.com\/de\/Produktkategorie\/private-holzbackofen\/design-fen\/\">Alfred-Reihe<\/a> inspiriert wurde, richtet sich an professionelle Gastronomen.<\/p>\n<p>Nestor wird Ihre Kunden mit <strong>seiner modern gestalteten Harzschale<\/strong> verf\u00fchren, die den von den traditionellen Holz\u00f6fen \u00fcbernommenen ausgemauerter Eingangsbogen betont. Sein sehr zeitgem\u00e4\u00dfes Design, kombiniert mit dem Schauspiel der Flamme, wird Ihrem Lokal einen zus\u00e4tzlichen Reiz verleihen.<\/p>\n<ul>\n<li>Grillen<\/li>\n<li>Lasagne<\/li>\n<li>Flammkuchen<\/li>\n<li>Planchas, usw&#8230;<\/li>\n<\/ul>\n<p>Nestor ist ein mobiler oder statischer Ofen, der schl\u00fcsselfertig geliefert wird und sehr platzsparend ist.<\/p>\n<p>Dank seines Metallgestells mit Rollen k\u00f6nnen Sie ihn nach Lust und Laune im Freien bewegen. Er entspricht daher sehr gut den Bed\u00fcrfnissen von Restaurantbesitzern, Hoteliers oder Caterern, die ihren Kunden ein zus\u00e4tzliches Angebot machen m\u00f6chten: Pizzabacken auf der Terrasse w\u00e4hrend der Saison, Animation von Veranstaltungen, Themenabende etc.<\/p>\n<p>Nestor wurde auf der Grundlage des <a href=\"https:\/\/www.fourgrandmere.com\/de\/produit\/r-mische-holzbackofen-f1030sc\/\">traditionellen Ofens 1030<\/a> entworfen und ist auch eine elegante Schale f\u00fcr das Modell PRO 950 (mit einem hochwertigeren gemauerten Boden und einer gemauerten Gew\u00f6lbe).<\/p>\n<p>Nestor besteht aus einem Boden und einem Gew\u00f6lbe aus Schamotte und verf\u00fcgt \u00fcber einen gro\u00dfen Stauraum aus L\u00e4rchenholz, der sich ideal f\u00fcr die Aufbewahrung von Holz oder Zubeh\u00f6r eignet.<\/p>\n<h4>Garantie und Kundenservice.<\/h4>\n<p>Der Ofen wird in Frankreich in unseren Werkst\u00e4tten hergestellt. Boden und Gew\u00f6lbe haben eine <strong>5-j\u00e4hrige Teilegarantie (10 Jahre mit der Option \u201eAusgemauerte Vorf\u00fchrung\u201c)<\/strong> in der gesamten Europ\u00e4ischen Union, in Gro\u00dfbritannien, Norwegen und der Schweiz f\u00fcr intensiven professionellen Gebrauch.<\/p>\n","protected":false},"excerpt":{"rendered":"<p>Entdecken Sie den Design-Holzofen NESTOR 1030. Dieser statische oder mobile Ofen ist f\u00fcr Restaurants und Pizzerien gedacht und eignet sich perfekt zum Backen von Pizza, Brot, Gegrilltem und sogar Schmorgerichten.<\/p>\n","protected":false},"featured_media":7542,"comment_status":"open","ping_status":"closed","template":"","meta":{"_acf_changed":false},"product_brand":[],"product_cat":[367,334,1908,337],"product_tag":[797],"class_list":{"0":"post-3309","1":"product","2":"type-product","3":"status-publish","4":"has-post-thumbnail","6":"product_cat-profi-fen","7":"product_cat-pizzeria-und-gasthauser","8":"product_cat-unsere-leichten-holzbackoefen","9":"product_cat-unsere-romischen-pizzaofen-fur-den-professionellen-gebrauch","10":"product_tag-four-de","11":"pa_surface-de-la-sole-0-83-de","13":"first","14":"outofstock","15":"taxable","16":"shipping-taxable","17":"purchasable","18":"product-type-simple"},"acf":[],"_links":{"self":[{"href":"https:\/\/www.fourgrandmere.com\/de\/wp-json\/wp\/v2\/product\/3309","targetHints":{"allow":["GET"]}}],"collection":[{"href":"https:\/\/www.fourgrandmere.com\/de\/wp-json\/wp\/v2\/product"}],"about":[{"href":"https:\/\/www.fourgrandmere.com\/de\/wp-json\/wp\/v2\/types\/product"}],"replies":[{"embeddable":true,"href":"https:\/\/www.fourgrandmere.com\/de\/wp-json\/wp\/v2\/comments?post=3309"}],"wp:featuredmedia":[{"embeddable":true,"href":"https:\/\/www.fourgrandmere.com\/de\/wp-json\/wp\/v2\/media\/7542"}],"wp:attachment":[{"href":"https:\/\/www.fourgrandmere.com\/de\/wp-json\/wp\/v2\/media?parent=3309"}],"wp:term":[{"taxonomy":"product_brand","embeddable":true,"href":"https:\/\/www.fourgrandmere.com\/de\/wp-json\/wp\/v2\/product_brand?post=3309"},{"taxonomy":"product_cat","embeddable":true,"href":"https:\/\/www.fourgrandmere.com\/de\/wp-json\/wp\/v2\/product_cat?post=3309"},{"taxonomy":"product_tag","embeddable":true,"href":"https:\/\/www.fourgrandmere.com\/de\/wp-json\/wp\/v2\/product_tag?post=3309"}],"curies":[{"name":"wp","href":"https:\/\/api.w.org\/{rel}","templated":true}]}}