{"id":5349,"date":"2024-11-07T11:34:50","date_gmt":"2024-11-07T10:34:50","guid":{"rendered":"https:\/\/www.fourgrandmere.com\/?post_type=product&#038;p=5349"},"modified":"2025-02-12T11:54:06","modified_gmt":"2025-02-12T10:54:06","slug":"holzbackofen-super-pro-1400-copie","status":"publish","type":"product","link":"https:\/\/www.fourgrandmere.com\/de\/produit\/holzbackofen-super-pro-1400-copie\/","title":{"rendered":"SUPER PRO 1400 Holzbackofen f\u00fcr Restaurant und Pizzerien"},"content":{"rendered":"<p>Der Holzbackofen SUPER PRO 1400 ist ein Modell, das speziell f\u00fcr den professionellen Einsatz in der Gastronomie entwickelt wurde. Dank seiner gro\u00dfen Kapazit\u00e4t kann er bis zu 9 Pizzen gleichzeitig backen, was ihn ideal f\u00fcr Restaurants mit hohem Betrieb und Pizzerien macht. Somit ist er Teil des Sortiments <a href=\"https:\/\/www.fourgrandmere.com\/de\/Produktkategorie\/profi-fen\/pizzeria-und-gasthauser\/unsere-romischen-pizzaofen-fur-den-professionellen-gebrauch\/\">an r\u00f6mischen Holzback\u00f6fen f\u00fcr Restaurants und Pizzerien.<\/a><\/p>\n<p>Sein 6 cm dicker ausgemauerter Boden und sein 8 cm dickes Gew\u00f6lbe aus Schamotte sorgen f\u00fcr eine optimale W\u00e4rmespeicherung, auch bei l\u00e4ngerem Gebrauch bei hohen Temperaturen. Die hochwirksame Isolierung des Ofens garantiert au\u00dferdem ein gleichm\u00e4\u00dfiges Backen, sodass nicht nur Pizzen und Flammkuchen, sondern auch Gegrilltes, Schmorgerichte und Brot zubereitet werden k\u00f6nnen.<\/p>\n<p>&nbsp;<\/p>\n<p>Der Ofen SUPER PRO 1400 mit seiner gusseisernen T\u00fcr und dem gemauerten Eingangsbogen ist von den traditionellen r\u00f6mischen \u00d6fen inspiriert. So verleiht er Ihrer Einrichtung einen Hauch von Authentizit\u00e4t und erf\u00fcllt gleichzeitig Ihre professionellen Leistungsanforderungen.<\/p>\n<p>Der Ofen SUPER PRO 1400 ist auch in einer <a href=\"https:\/\/www.fourgrandmere.com\/de\/produit\/holz-und-gas-ofen-f1400bg\/\">kombinierten Version (Holz und Gas) erh\u00e4ltlich<\/a>. Die Kombination aus Gas und Holz erm\u00f6glicht es, Ihren Ofen schneller und einfacher aufzuheizen und dabei das traditionelle Kochen mit Holzfeuer beizubehalten.<\/p>\n<h4>Garantie und Kundenservice<\/h4>\n<p>In Frankreich in unseren Werkst\u00e4tten hergestellter Ofen. <strong>5 Jahre Teilegarantie (10 Jahre mit der Option mit ausgemauertem Gew\u00f6lbe)<\/strong> in der gesamten Europ\u00e4ischen Union, in Gro\u00dfbritannien, Norwegen und der Schweiz bei intensiver gewerblicher Nutzung.<\/p>\n","protected":false},"excerpt":{"rendered":"<p>Finden Sie den <strong>Holzbackofen SUPER PRO 1400.<\/strong> Perfekt zum Backen von Pizza, Gegrilltem, Eintopfgerichten und Brot.<\/p>\n","protected":false},"featured_media":2144,"comment_status":"open","ping_status":"closed","template":"","meta":{"_acf_changed":false},"product_brand":[],"product_cat":[367,334,364,337],"product_tag":[797],"class_list":{"0":"post-5349","1":"product","2":"type-product","3":"status-publish","4":"has-post-thumbnail","6":"product_cat-profi-fen","7":"product_cat-pizzeria-und-gasthauser","8":"product_cat-holzpizzaoefen-mit-grosser-kapazitaet-super-pro","9":"product_cat-unsere-romischen-pizzaofen-fur-den-professionellen-gebrauch","10":"product_tag-four-de","11":"pa_surface-de-la-sole-1-53-de","13":"first","14":"outofstock","15":"purchasable","16":"product-type-simple"},"acf":[],"_links":{"self":[{"href":"https:\/\/www.fourgrandmere.com\/de\/wp-json\/wp\/v2\/product\/5349","targetHints":{"allow":["GET"]}}],"collection":[{"href":"https:\/\/www.fourgrandmere.com\/de\/wp-json\/wp\/v2\/product"}],"about":[{"href":"https:\/\/www.fourgrandmere.com\/de\/wp-json\/wp\/v2\/types\/product"}],"replies":[{"embeddable":true,"href":"https:\/\/www.fourgrandmere.com\/de\/wp-json\/wp\/v2\/comments?post=5349"}],"wp:featuredmedia":[{"embeddable":true,"href":"https:\/\/www.fourgrandmere.com\/de\/wp-json\/wp\/v2\/media\/2144"}],"wp:attachment":[{"href":"https:\/\/www.fourgrandmere.com\/de\/wp-json\/wp\/v2\/media?parent=5349"}],"wp:term":[{"taxonomy":"product_brand","embeddable":true,"href":"https:\/\/www.fourgrandmere.com\/de\/wp-json\/wp\/v2\/product_brand?post=5349"},{"taxonomy":"product_cat","embeddable":true,"href":"https:\/\/www.fourgrandmere.com\/de\/wp-json\/wp\/v2\/product_cat?post=5349"},{"taxonomy":"product_tag","embeddable":true,"href":"https:\/\/www.fourgrandmere.com\/de\/wp-json\/wp\/v2\/product_tag?post=5349"}],"curies":[{"name":"wp","href":"https:\/\/api.w.org\/{rel}","templated":true}]}}