{"id":7537,"date":"2024-11-12T17:15:46","date_gmt":"2024-11-12T16:15:46","guid":{"rendered":"https:\/\/www.fourgrandmere.com\/produit\/mobiler-holzbackofen-nestor-950-fuer-profis\/"},"modified":"2024-12-05T11:50:21","modified_gmt":"2024-12-05T10:50:21","slug":"mobiler-holzbackofen-nestor-950-fuer-profis","status":"publish","type":"product","link":"https:\/\/www.fourgrandmere.com\/de\/produit\/mobiler-holzbackofen-nestor-950-fuer-profis\/","title":{"rendered":"Mobiler Holzbackofen NESTOR 950 f\u00fcr Profis"},"content":{"rendered":"<p>Der mobile Holzbackofen NESTOR ist das unverzichtbare <strong>schl\u00fcsselfertige<\/strong> Modell f\u00fcr Gastronomieprofis, die Modernit\u00e4t und Tradition miteinander verbinden m\u00f6chten. Der NESTOR 950 ist von der \u00c4sthetik der Produktreihe Design f\u00fcr Privathaushalte inspiriert und zeichnet sich durch sein einzigartiges Design aus: eine durchdachte Schale aus Verbundwerkstoff, eine T\u00fcr, ein Boden und ein Gew\u00f6lbe, die in der reinen Tradition und Authentizit\u00e4t der Holzback\u00f6fen von fr\u00fcher handgefertigt wurden&#8230;<\/p>\n<p>Dieser vielseitige Ofen eignet sich sowohl zum Backen von <strong>Pizza<\/strong> und <strong>Brot<\/strong>, als auch f\u00fcr die Zubereitung von k\u00f6stlichen Gerichten wie <strong>Grillfleisch<\/strong>, <strong>Flammkuchen<\/strong>, <strong>Lasagne<\/strong> und <strong>Brot<\/strong>. Seine F\u00e4higkeit, verschiedene Arten von Gerichten zu backen, macht ihn zu einer idealen Wahl, um Ihre Speisekarte abwechslungsreich zu gestalten und Ihre Kunden zu begeistern.<\/p>\n<p>Der NESTOR 950 ist als <strong>mobile<\/strong> oder station\u00e4re Version erh\u00e4ltlich und kann dank seines Metallst\u00e4nders mit Rollen leicht bewegt werden, wodurch er eine hohe Einsatzflexibilit\u00e4t bietet. Ob f\u00fcr eine Terrassenanimation, eine Veranstaltung im Freien oder einen Themenabend &#8211; er passt sich perfekt an die Bed\u00fcrfnisse von Gastronomen, Hoteliers und Caterern an, die ein einzigartiges Erlebnis bieten m\u00f6chten.<\/p>\n<p>Das Modell NESTOR 950 unterscheidet sich vom <u>NESTOR 1030<\/u> durch eine bessere W\u00e4rmetr\u00e4gheit, da der Boden und das Gew\u00f6lbe aus Ziegelsteinen bestehen und so eine optimale Tr\u00e4gheit garantieren. Als Bonus bietet sein gro\u00dfer Stauraum aus L\u00e4rchenholz einen praktischen Platz zum Aufbewahren von Holz und Zubeh\u00f6r.<\/p>\n<p>&nbsp;<\/p>\n<h4>Garantie und Kundenservice.<\/h4>\n<p>Der Ofen wird in Frankreich in unseren Werkst\u00e4tten hergestellt. In der gesamten Europ\u00e4ischen Union, in Gro\u00dfbritannien, Norwegen und der Schweiz gilt f\u00fcr den professionellen Gebrauch eine <strong>10-j\u00e4hrige Garantie<\/strong> auf den ausgemauerten Boden und Gew\u00f6lbe.<\/p>\n","protected":false},"excerpt":{"rendered":"<p>Entdecken Sie den mobilen NESTOR 950 Holzbackofen f\u00fcr Profis. Dieser Design-Ofen kann mobil oder station\u00e4r sein und hat einen Stauraum, der perfekt den Bed\u00fcrfnissen der Pizzab\u00e4cker entspricht.<\/p>\n","protected":false},"featured_media":6429,"comment_status":"closed","ping_status":"closed","template":"","meta":{"_acf_changed":false},"product_brand":[],"product_cat":[367,334,796,337],"product_tag":[797],"class_list":{"0":"post-7537","1":"product","2":"type-product","3":"status-publish","4":"has-post-thumbnail","6":"product_cat-profi-fen","7":"product_cat-pizzeria-und-gasthauser","8":"product_cat-traditionelle-holzbefeuerte-pizzaoefen-fuer-profis","9":"product_cat-unsere-romischen-pizzaofen-fur-den-professionellen-gebrauch","10":"product_tag-four-de","11":"pa_surface-de-la-sole-0-70-de","13":"first","14":"instock","15":"taxable","16":"shipping-taxable","17":"product-type-simple"},"acf":[],"_links":{"self":[{"href":"https:\/\/www.fourgrandmere.com\/de\/wp-json\/wp\/v2\/product\/7537","targetHints":{"allow":["GET"]}}],"collection":[{"href":"https:\/\/www.fourgrandmere.com\/de\/wp-json\/wp\/v2\/product"}],"about":[{"href":"https:\/\/www.fourgrandmere.com\/de\/wp-json\/wp\/v2\/types\/product"}],"replies":[{"embeddable":true,"href":"https:\/\/www.fourgrandmere.com\/de\/wp-json\/wp\/v2\/comments?post=7537"}],"wp:featuredmedia":[{"embeddable":true,"href":"https:\/\/www.fourgrandmere.com\/de\/wp-json\/wp\/v2\/media\/6429"}],"wp:attachment":[{"href":"https:\/\/www.fourgrandmere.com\/de\/wp-json\/wp\/v2\/media?parent=7537"}],"wp:term":[{"taxonomy":"product_brand","embeddable":true,"href":"https:\/\/www.fourgrandmere.com\/de\/wp-json\/wp\/v2\/product_brand?post=7537"},{"taxonomy":"product_cat","embeddable":true,"href":"https:\/\/www.fourgrandmere.com\/de\/wp-json\/wp\/v2\/product_cat?post=7537"},{"taxonomy":"product_tag","embeddable":true,"href":"https:\/\/www.fourgrandmere.com\/de\/wp-json\/wp\/v2\/product_tag?post=7537"}],"curies":[{"name":"wp","href":"https:\/\/api.w.org\/{rel}","templated":true}]}}