{"id":1878,"date":"2012-12-05T13:08:40","date_gmt":"2012-12-05T13:08:40","guid":{"rendered":"https:\/\/www.fourgrandmere.com\/?post_type=product&#038;p=1878"},"modified":"2026-01-15T16:48:06","modified_gmt":"2026-01-15T15:48:06","slug":"four-a-bois-le-flamme","status":"publish","type":"product","link":"https:\/\/www.fourgrandmere.com\/fr\/produit\/four-a-bois-le-flamme\/","title":{"rendered":"Four \u00e0 pizzas et grillades <br>Le Flamme"},"content":{"rendered":"<h4>Le plus petit et le moins cher des fours \u00e0 pizzas Grand-M\u00e8re !<\/h4>\n<p>&nbsp;<\/p>\n<p>Rapide \u00e0 monter en temp\u00e9rature, Le Flamme est un petit four \u00e0 bois parfait pour r\u00e9aliser de\u00a0<b>belles cuissons \u00e0 la flamme<\/b>, aussi souvent que vous en avez envie\u00a0! Gr\u00e2ce \u00e0 sa sole en chamotte r\u00e9fractaire de 6\u00a0cm d\u2019\u00e9paisseur, comptez seulement 30\u00a0\u00e0 45\u00a0min de pr\u00e9chauffage avant d&rsquo;y enfourner toutes sortes de pizzas et grillades, pour 6\u00a0convives et plus.<\/p>\n<p>En ext\u00e9rieur comme en int\u00e9rieur, Le Flamme est un authentique\u00a0<b>petit four \u00e0 pizzas<\/b><span style=\"font-weight: 400;\">.<\/span> Vous pouvez y cuire en m\u00eame temps 2 pizzas ou 2 tartes flamb\u00e9es de 28-29 cm de diam\u00e8tre. Vous pouvez aussi d\u00e9poser sur la sole de nombreux autres aliments sublim\u00e9s par une\u00a0<b>cuisson rapide \u00e0 la flamme<\/b><span style=\"font-weight: 400;\">\u00a0:<\/span><\/p>\n<ul>\n<li aria-level=\"1\">Viandes saisies \u00e0 feu vif\u00a0: c\u00f4tes de b\u0153uf, de porc, saucisses, brochettes\u2026<\/li>\n<li aria-level=\"1\">Pommes de terre sous la cendre<\/li>\n<li aria-level=\"1\">L\u00e9gumes et poissons en papillotes<\/li>\n<li aria-level=\"1\">Fruits gratin\u00e9s\u2026<\/li>\n<\/ul>\n<p>\u00c0 l\u2019occasion, vous pourrez \u00e9galement y cuire du pain et des plats mijot\u00e9s.<\/p>\n<p>Vous craignez que Le Flamme soit parfois trop petit pour vos nombreux invit\u00e9s\u00a0? D\u00e9couvrez <a href=\"https:\/\/www.fourgrandmere.com\/fr\/produit\/four-a-bois-le-grand-flamme\/\">Le Grand Flamme<\/a>, notre four \u00e0 bois de 80\u00a0cm de diam\u00e8tre, dans lequel vous pourrez cuire 3 pizzas en m\u00eame temps.<\/p>\n<p>&nbsp;<\/p>\n<h4>La Hotte : habillage en option.<\/h4>\n<p>Vous pouvez habiller le four Le Flamme \u00e0 votre go\u00fbt ou commander un habillage sur mesure. Pr\u00eate \u00e0 \u00eatre mont\u00e9e, La Hotte est parfaitement adapt\u00e9e aux dimensions de votre four \u00e0 bois.<\/p>\n<p>&nbsp;<\/p>\n<h4>Garantie et service client.<\/h4>\n<p>Le Flamme est <strong>garanti 10 ans<\/strong> pour un usage domestique normal dans toute l&rsquo;Union europ\u00e9enne, en Grande-Bretagne, en Norv\u00e8ge et en Suisse. Pour toute question ou conseil d&rsquo;utilisation, <a href=\"https:\/\/www.fourgrandmere.com\/fr\/nous-contacter\">contactez-nous<\/a> ou l&rsquo;un de nos <a href=\"https:\/\/www.fourgrandmere.com\/fr\/magasins\">revendeurs agr\u00e9\u00e9s<\/a>.<\/p>\n","protected":false},"excerpt":{"rendered":"<p><strong>Le plus petit et le plus rapide de nos fours \u00e0 pizzas &amp; barbecue !<\/strong><br \/>\nAvec sa sole de 70 cm de diam\u00e8tre, le four Le Flamme permet de cuire 2 pizzas ou 2 tartes flamb\u00e9es de 29 cm en moins de 3 minutes, apr\u00e8s seulement 30 minutes de pr\u00e9chauffage. La recette id\u00e9ale pour profiter de la qualit\u00e9 Four Grand-M\u00e8re \u00e0 un prix tr\u00e8s attractif\u00a0!<\/p>\n","protected":false},"featured_media":7716,"comment_status":"open","ping_status":"closed","template":"","meta":{"_acf_changed":false},"product_brand":[],"product_cat":[314,305],"product_tag":[713],"class_list":{"0":"post-1878","1":"product","2":"type-product","3":"status-publish","4":"has-post-thumbnail","6":"product_cat-fours-a-pizzas-et-grillades","7":"product_cat-particuliers","8":"product_tag-four","9":"pa_contenance-specifique-3-kg-de-pain","11":"first","12":"outofstock","13":"taxable","14":"shipping-taxable","15":"purchasable","16":"product-type-simple"},"acf":[],"_links":{"self":[{"href":"https:\/\/www.fourgrandmere.com\/fr\/wp-json\/wp\/v2\/product\/1878","targetHints":{"allow":["GET"]}}],"collection":[{"href":"https:\/\/www.fourgrandmere.com\/fr\/wp-json\/wp\/v2\/product"}],"about":[{"href":"https:\/\/www.fourgrandmere.com\/fr\/wp-json\/wp\/v2\/types\/product"}],"replies":[{"embeddable":true,"href":"https:\/\/www.fourgrandmere.com\/fr\/wp-json\/wp\/v2\/comments?post=1878"}],"wp:featuredmedia":[{"embeddable":true,"href":"https:\/\/www.fourgrandmere.com\/fr\/wp-json\/wp\/v2\/media\/7716"}],"wp:attachment":[{"href":"https:\/\/www.fourgrandmere.com\/fr\/wp-json\/wp\/v2\/media?parent=1878"}],"wp:term":[{"taxonomy":"product_brand","embeddable":true,"href":"https:\/\/www.fourgrandmere.com\/fr\/wp-json\/wp\/v2\/product_brand?post=1878"},{"taxonomy":"product_cat","embeddable":true,"href":"https:\/\/www.fourgrandmere.com\/fr\/wp-json\/wp\/v2\/product_cat?post=1878"},{"taxonomy":"product_tag","embeddable":true,"href":"https:\/\/www.fourgrandmere.com\/fr\/wp-json\/wp\/v2\/product_tag?post=1878"}],"curies":[{"name":"wp","href":"https:\/\/api.w.org\/{rel}","templated":true}]}}