{"id":2004,"date":"2012-12-06T14:59:18","date_gmt":"2012-12-06T14:59:18","guid":{"rendered":"https:\/\/www.fourgrandmere.com\/?post_type=product&#038;p=2004"},"modified":"2025-06-23T09:52:32","modified_gmt":"2025-06-23T07:52:32","slug":"four-a-bois-romain-f1500-court-22","status":"publish","type":"product","link":"https:\/\/www.fourgrandmere.com\/fr\/produit\/four-a-bois-romain-f1500-court-22\/","title":{"rendered":"Four \u00e0 pizza \u00e0 bois pour professionnels 1500 court 22-33-44"},"content":{"rendered":"<h4>Le choix id\u00e9al pour une cuisson authentique et performante dans votre restaurant ou pizzeria.<\/h4>\n<p>&nbsp;<\/p>\n<p>R\u00e9pondant parfaitement aux besoins des restaurateurs et des pizzaiolos le four \u00e0 bois 1500 STANDARD est un des mod\u00e8les phare de la gamme <a href=\"https:\/\/www.fourgrandmere.com\/categorie-produit\/professionnels\/fours-a-pizzas-professionnels\/fours-romains-pour-pizzerias-et-restaurants\/\">fours \u00e0 bois romain pour restaurants et pizzerias<\/a>.<\/p>\n<p>Avec sa <strong>sole en brique<\/strong> et <strong>sa vo\u00fbte en chamotte r\u00e9fractaire de 8 cm d\u2019\u00e9paisseur<\/strong>, ce four assure une cuisson homog\u00e8ne et optimale \u00e0 chaque utilisation. Id\u00e9al pour les cuissons n\u00e9cessitant des temp\u00e9ratures \u00e9lev\u00e9es et constantes, il permet de r\u00e9aliser des pizzas, des grillades ou encore des plats gratin\u00e9s. Le four \u00e0 bois 1500 STANDARD allie design traditionnel et performance culinaire. Sa porte en fonte et son cintre de porte briquet\u00e9 rappelant les fours romains traditionnels, apportent une touche d\u2019authenticit\u00e9 et de charme \u00e0 votre restaurant.<\/p>\n<p>Ce four \u00e0 bois met en valeur votre savoir-faire culinaire et \u00e9merveille vos clients gr\u00e2ce \u00e0 la saveur incomparable des plats cuits au feu de bois. Offrez \u00e0 vos clients une exp\u00e9rience gustative unique avec le four 1500 STANDARD.<\/p>\n<p>Le four \u00e0 bois 1500 STANDARD se d\u00e9cline en versions compactes : <strong>1500 COURT 22<\/strong>, <strong>1500 COURT 33<\/strong> et <strong>1500 COURT 44<\/strong>, offrant une profondeur et une surface de cuisson ajust\u00e9es. D\u00e9couvrez leurs caract\u00e9ristiques d\u00e9taill\u00e9es ci dessous.<\/p>\n<p>&nbsp;<\/p>\n<h4>Garantie et service client.<\/h4>\n<p>Four fabriqu\u00e9 en France, dans nos ateliers. <strong>Garantie pi\u00e8ces 5 ans (10 ans avec l\u2019option brique)<\/strong> dans toute l\u2019Union europ\u00e9enne, en Grande-Bretagne, en Norv\u00e8ge et en Suisse pour un usage professionnel intensif.<\/p>\n","protected":false},"excerpt":{"rendered":"<p><span style=\"font-weight: 400;\">Retrouvez le four \u00e0 bois professionnel 1500 STANDARD. Destin\u00e9 aux restaurateurs et pizzaiolos, il peut cuire pizzas, grillades, pains et m\u00eame plats mijot\u00e9s.<\/span><\/p>\n","protected":false},"featured_media":2005,"comment_status":"open","ping_status":"closed","template":"","meta":{"_acf_changed":false},"product_brand":[],"product_cat":[16,335,365,332],"product_tag":[713],"class_list":{"0":"post-2004","1":"product","2":"type-product","3":"status-publish","4":"has-post-thumbnail","6":"product_cat-fours-a-pizzas-bois-traditionnels-pro","7":"product_cat-fours-romains-pour-pizzerias-et-restaurants","8":"product_cat-professionnels","9":"product_cat-fours-a-pizzas-professionnels","10":"product_tag-four","11":"pa_surface-de-la-sole-092-a-113","13":"first","14":"outofstock","15":"purchasable","16":"product-type-simple"},"acf":[],"_links":{"self":[{"href":"https:\/\/www.fourgrandmere.com\/fr\/wp-json\/wp\/v2\/product\/2004","targetHints":{"allow":["GET"]}}],"collection":[{"href":"https:\/\/www.fourgrandmere.com\/fr\/wp-json\/wp\/v2\/product"}],"about":[{"href":"https:\/\/www.fourgrandmere.com\/fr\/wp-json\/wp\/v2\/types\/product"}],"replies":[{"embeddable":true,"href":"https:\/\/www.fourgrandmere.com\/fr\/wp-json\/wp\/v2\/comments?post=2004"}],"wp:featuredmedia":[{"embeddable":true,"href":"https:\/\/www.fourgrandmere.com\/fr\/wp-json\/wp\/v2\/media\/2005"}],"wp:attachment":[{"href":"https:\/\/www.fourgrandmere.com\/fr\/wp-json\/wp\/v2\/media?parent=2004"}],"wp:term":[{"taxonomy":"product_brand","embeddable":true,"href":"https:\/\/www.fourgrandmere.com\/fr\/wp-json\/wp\/v2\/product_brand?post=2004"},{"taxonomy":"product_cat","embeddable":true,"href":"https:\/\/www.fourgrandmere.com\/fr\/wp-json\/wp\/v2\/product_cat?post=2004"},{"taxonomy":"product_tag","embeddable":true,"href":"https:\/\/www.fourgrandmere.com\/fr\/wp-json\/wp\/v2\/product_tag?post=2004"}],"curies":[{"name":"wp","href":"https:\/\/api.w.org\/{rel}","templated":true}]}}