{"id":2010,"date":"2012-12-06T15:13:00","date_gmt":"2012-12-06T15:13:00","guid":{"rendered":"https:\/\/www.fourgrandmere.com\/?post_type=product&#038;p=2010"},"modified":"2025-06-23T09:48:25","modified_gmt":"2025-06-23T07:48:25","slug":"four-a-bois-romain-pro-950","status":"publish","type":"product","link":"https:\/\/www.fourgrandmere.com\/fr\/produit\/four-a-bois-romain-pro-950\/","title":{"rendered":"Four \u00e0 bois romain PRO 950"},"content":{"rendered":"<p>Le four \u00e0 bois PRO 950 est con\u00e7u pour r\u00e9pondre aux exigences des restaurateurs et pizzaiolos souhaitant associer performance professionnelle et esth\u00e9tisme. Sa surface de cuisson de 0,70 m\u00b2 en fait un des plus petits mod\u00e8les de la gamme de <a href=\"https:\/\/www.fourgrandmere.com\/categorie-produit\/professionnels\/fours-a-pizzas-professionnels\/fours-romains-pour-pizzerias-et-restaurants\/\">fours \u00e0 bois romain pour restaurants et pizzerias<\/a>.<\/p>\n<p>Gr\u00e2ce \u00e0 <strong>sa sole en brique et sa vo\u00fbte en chamotte r\u00e9fractaire de 8 cm d\u2019\u00e9paisseur<\/strong>, le four \u00e0 bois PRO 950 garantit une r\u00e9tention de chaleur exceptionnelle, permettant de maintenir des temp\u00e9ratures \u00e9lev\u00e9es de mani\u00e8re constante. Cette conception assure des cuissons rapides, homog\u00e8nes et pr\u00e9cises. Que vous souhaitiez pr\u00e9parer des pizzas savoureuses, des grillades ou des plats gratin\u00e9s, ce four s\u2019adapte \u00e0 toutes les exigences culinaires.<\/p>\n<p>Au-del\u00e0 de ses performances, ce four s\u00e9duit par son <strong>design traditionnel<\/strong>. Son cintre de porte briquet\u00e9 et sa porte en fonte \u00e9voquent l\u2019authenticit\u00e9 des fours d\u2019antan, tandis que le spectacle des flammes dans la chambre de cuisson \u00e9merveille les convives et cr\u00e9e une ambiance chaleureuse. C\u2019est l\u2019outil parfait pour offrir \u00e0 vos clients une exp\u00e9rience visuelle et gustative unique, tout en mettant en avant la saveur inimitable de la cuisson au feu de bois. Le four \u00e0 bois PRO 950 est id\u00e9al pour tous les restaurants proposant occasionnellement des pizzas ou souhaitant \u00e9largir leur carte avec des plats cuits au feu de bois.<\/p>\n<p>Le four PRO 950 existe \u00e9galement en <a href=\"https:\/\/www.fourgrandmere.com\/produit\/four-a-pizza-950-mixte-sole-statique-oe-95-cm\/\">version mixte (bois et gaz)<\/a>, ce qui lui permet une c<strong>hauffe plus rapide<\/strong> tout en conservant la<strong> cuisson traditionnelle au feu de bois<\/strong>.<\/p>\n<h4><\/h4>\n<h4>Garantie et service client.<\/h4>\n<p>Four fabriqu\u00e9 en France, dans nos ateliers. <strong>Garantie pi\u00e8ces 5 ans\u00a0(10 ans avec l\u2019option brique) <\/strong>dans toute l\u2019Union europ\u00e9enne, en Grande-Bretagne, en Norv\u00e8ge et en Suisse pour un usage professionnel intensif.<\/p>\n","protected":false},"excerpt":{"rendered":"<p>D\u00e9couvrez le four bois PRO 950 pour restaurants et pizzerias. Ce four \u00e0 bois est <strong>parfait pour la cuisson de pizzas, tartes flamb\u00e9es, grillades et m\u00eame plats mijot\u00e9s. <\/strong><\/p>\n","protected":false},"featured_media":10425,"comment_status":"open","ping_status":"closed","template":"","meta":{"_acf_changed":false},"product_brand":[],"product_cat":[16,335,365,332],"product_tag":[713],"class_list":{"0":"post-2010","1":"product","2":"type-product","3":"status-publish","4":"has-post-thumbnail","6":"product_cat-fours-a-pizzas-bois-traditionnels-pro","7":"product_cat-fours-romains-pour-pizzerias-et-restaurants","8":"product_cat-professionnels","9":"product_cat-fours-a-pizzas-professionnels","10":"product_tag-four","11":"pa_surface-de-la-sole-0-70","13":"first","14":"outofstock","15":"purchasable","16":"product-type-simple"},"acf":[],"_links":{"self":[{"href":"https:\/\/www.fourgrandmere.com\/fr\/wp-json\/wp\/v2\/product\/2010","targetHints":{"allow":["GET"]}}],"collection":[{"href":"https:\/\/www.fourgrandmere.com\/fr\/wp-json\/wp\/v2\/product"}],"about":[{"href":"https:\/\/www.fourgrandmere.com\/fr\/wp-json\/wp\/v2\/types\/product"}],"replies":[{"embeddable":true,"href":"https:\/\/www.fourgrandmere.com\/fr\/wp-json\/wp\/v2\/comments?post=2010"}],"wp:featuredmedia":[{"embeddable":true,"href":"https:\/\/www.fourgrandmere.com\/fr\/wp-json\/wp\/v2\/media\/10425"}],"wp:attachment":[{"href":"https:\/\/www.fourgrandmere.com\/fr\/wp-json\/wp\/v2\/media?parent=2010"}],"wp:term":[{"taxonomy":"product_brand","embeddable":true,"href":"https:\/\/www.fourgrandmere.com\/fr\/wp-json\/wp\/v2\/product_brand?post=2010"},{"taxonomy":"product_cat","embeddable":true,"href":"https:\/\/www.fourgrandmere.com\/fr\/wp-json\/wp\/v2\/product_cat?post=2010"},{"taxonomy":"product_tag","embeddable":true,"href":"https:\/\/www.fourgrandmere.com\/fr\/wp-json\/wp\/v2\/product_tag?post=2010"}],"curies":[{"name":"wp","href":"https:\/\/api.w.org\/{rel}","templated":true}]}}