{"id":2139,"date":"2013-01-29T14:58:22","date_gmt":"2013-01-29T14:58:22","guid":{"rendered":"https:\/\/www.fourgrandmere.com\/?post_type=product&#038;p=2139"},"modified":"2025-04-08T09:54:02","modified_gmt":"2025-04-08T07:54:02","slug":"four-a-bois-professionnel-super-pro-1400","status":"publish","type":"product","link":"https:\/\/www.fourgrandmere.com\/fr\/produit\/four-a-bois-professionnel-super-pro-1400\/","title":{"rendered":"Four romain Super Pro 1400 pour les boulangers"},"content":{"rendered":"<p>Con\u00e7u pour les petites boulangeries qui veulent cuire leurs pains au feu de bois, le Super Pro 1400 est un des plus petits fours de notre gamme de <a href=\"https:\/\/www.fourgrandmere.com\/categorie-produit\/professionnels\/fours-pour-boulangeries\/fours-a-bois-romains\/\"><strong>fours romains pour boulangeries.<\/strong><\/a> Destin\u00e9 aux boulangers cherchant un four \u00e0 pain traditionnel et performant, il a la capacit\u00e9 de cuire jusqu&rsquo;\u00e0 <strong>21 baguettes ou 14 pains de 500 g par fourn\u00e9e.<\/strong><\/p>\n<p>Vous avez la possibilit\u00e9 de choisir la mati\u00e8re de la vo\u00fbte de votre Super Pro 1400. En effet, celle-ci peut \u00eatre en chamotte r\u00e9fractaire, ou tout en brique, de 8 cm d\u2019\u00e9paisseur. Par ailleurs, la sole est toujours en pav\u00e9s de briques de 6 cm d\u2019\u00e9paisseur. Gr\u00e2ce aux caract\u00e9ristiques de ses mat\u00e9riaux, ce four a une grande inertie permettant une cuisson traditionnelle du pain permettant ainsi de l&rsquo;appeler \u00ab\u00a0pain cuit au feu de bois\u00a0\u00bb.<\/p>\n<p>&nbsp;<\/p>\n<h4>Garantie et service client.<\/h4>\n<p>Four fabriqu\u00e9 en France, dans nos ateliers. <strong>Garantie pi\u00e8ces 5 ans (10 ans avec l\u2019option brique)<\/strong> dans toute l\u2019Union europ\u00e9enne, en Grande-Bretagne, en Norv\u00e8ge et en Suisse pour un usage professionnel intensif.<\/p>\n","protected":false},"excerpt":{"rendered":"<p>D\u00e9couvrez le Four Romain Super Pro 1400, id\u00e9al pour les petites boulangeries. Et profitez d&rsquo;une cuisson traditionnelle au feu de bois pour un pain authentique et savoureux.<\/p>\n","protected":false},"featured_media":2140,"comment_status":"open","ping_status":"closed","template":"","meta":{"_acf_changed":false},"product_brand":[],"product_cat":[308,362,365],"product_tag":[713],"class_list":{"0":"post-2139","1":"product","2":"type-product","3":"status-publish","4":"has-post-thumbnail","6":"product_cat-fours-pour-boulangeries","7":"product_cat-fours-a-bois-romains","8":"product_cat-professionnels","9":"product_tag-four","10":"pa_surface-de-la-sole-1-53","12":"first","13":"outofstock","14":"purchasable","15":"product-type-simple"},"acf":[],"_links":{"self":[{"href":"https:\/\/www.fourgrandmere.com\/fr\/wp-json\/wp\/v2\/product\/2139","targetHints":{"allow":["GET"]}}],"collection":[{"href":"https:\/\/www.fourgrandmere.com\/fr\/wp-json\/wp\/v2\/product"}],"about":[{"href":"https:\/\/www.fourgrandmere.com\/fr\/wp-json\/wp\/v2\/types\/product"}],"replies":[{"embeddable":true,"href":"https:\/\/www.fourgrandmere.com\/fr\/wp-json\/wp\/v2\/comments?post=2139"}],"wp:featuredmedia":[{"embeddable":true,"href":"https:\/\/www.fourgrandmere.com\/fr\/wp-json\/wp\/v2\/media\/2140"}],"wp:attachment":[{"href":"https:\/\/www.fourgrandmere.com\/fr\/wp-json\/wp\/v2\/media?parent=2139"}],"wp:term":[{"taxonomy":"product_brand","embeddable":true,"href":"https:\/\/www.fourgrandmere.com\/fr\/wp-json\/wp\/v2\/product_brand?post=2139"},{"taxonomy":"product_cat","embeddable":true,"href":"https:\/\/www.fourgrandmere.com\/fr\/wp-json\/wp\/v2\/product_cat?post=2139"},{"taxonomy":"product_tag","embeddable":true,"href":"https:\/\/www.fourgrandmere.com\/fr\/wp-json\/wp\/v2\/product_tag?post=2139"}],"curies":[{"name":"wp","href":"https:\/\/api.w.org\/{rel}","templated":true}]}}