{"id":2169,"date":"2013-02-05T15:16:10","date_gmt":"2013-02-05T15:16:10","guid":{"rendered":"https:\/\/www.fourgrandmere.com\/?post_type=product&#038;p=2169"},"modified":"2025-02-14T13:56:23","modified_gmt":"2025-02-14T12:56:23","slug":"four-a-pizza-1400-mixte-sole-statique-oe-140-cm","status":"publish","type":"product","link":"https:\/\/www.fourgrandmere.com\/fr\/produit\/four-a-pizza-1400-mixte-sole-statique-oe-140-cm\/","title":{"rendered":"Four SUPER PRO 1400 mixte \u00e0 bois et gaz pour pizzeria et restaurant"},"content":{"rendered":"<p>Le four SUPER PRO 1400 est sp\u00e9cialement con\u00e7u pour les professionnels de la restauration, alliant la cuisson traditionnelle au feu de bois avec la flexibilit\u00e9 et la pr\u00e9cision du gaz. Ce mod\u00e8le de la gamme de fours mixtes pour restaurants et pizzerias est id\u00e9al pour les restaurants \u00e0 forte activit\u00e9 et les pizzerias. Avec une capacit\u00e9 de cuisson pouvant atteindre jusqu&rsquo;\u00e0 9 pizzas simultan\u00e9ment, il garantit une excellente productivit\u00e9, m\u00eame lors des p\u00e9riodes de forte affluence.<\/p>\n<p>Gr\u00e2ce \u00e0 son br\u00fbleur torche <strong>certifi\u00e9 CERTIGAZ<\/strong> (R\u00e8glement (UE) 2016\/426), le four permet un d\u00e9marrage rapide au gaz, avec une flamme qui imite celle du bois, et fait atteindre rapidement la temp\u00e9rature id\u00e9ale de la sole et de la vo\u00fbte. Le br\u00fbleur est programmable 7j\/7 et deux fois par jour, il est \u00e9quip\u00e9 d\u2019une sonde pour r\u00e9guler automatiquement la temp\u00e9rature, assurant une gestion simple et efficace du four. La cuisson au bois, quant \u00e0 elle, pr\u00e9serve l&rsquo;authenticit\u00e9 des saveurs, apportant le go\u00fbt inimitable des pizzas cuites au feu de bois.<\/p>\n<p>La conception du four assure une r\u00e9tention optimale de la chaleur (inertie) gr\u00e2ce \u00e0 <strong>ses briques r\u00e9fractaires de 6 cm pour la sole<\/strong> et <strong>sa vo\u00fbte en chamotte de 8 cm d\u2019\u00e9paisseur<\/strong>. En plus des pizzas, ce four est parfait pour la cuisson de grillades, tartes flamb\u00e9es, plats mijot\u00e9s et pain. Son isolation renforc\u00e9e assure \u00e9galement une efficacit\u00e9 thermique \u00e9lev\u00e9e.<\/p>\n<p>Le design du SUPER PRO 1400 s\u2019inspire des fours traditionnels romains, avec une porte en fonte et un cintre de porte briquet\u00e9, apportant une touche d\u2019authenticit\u00e9 \u00e0 votre \u00e9tablissement.<\/p>\n<p>Pour ceux qui pr\u00e9f\u00e8rent \u00e9viter l\u2019utilisation du gaz, le four est \u00e9galement disponible en <a href=\"https:\/\/www.fourgrandmere.com\/fr\/fours-pour-pizzas-a-sole-statique-mixtes-bois-et-gaz\/60-four-950-gaz-en-statique.html\">version bois uniquement<\/a>, conservant le charme et les avantages de la cuisson au feu de bois.<\/p>\n<p>Le SUPER PRO 1400 mixte offre ainsi une solution compl\u00e8te, combinant performance, flexibilit\u00e9 et tradition pour r\u00e9pondre aux besoins des professionnels.<\/p>\n<h4><\/h4>\n<h4>Garantie et service client<\/h4>\n<p>Four fabriqu\u00e9 en France, dans nos ateliers. <strong>Garantie pi\u00e8ces 5 ans (10 ans avec l\u2019option brique)<\/strong> dans toute l\u2019Union europ\u00e9enne, en Grande-Bretagne, en Norv\u00e8ge et en Suisse pour un usage professionnel intensif.<\/p>\n","protected":false},"excerpt":{"rendered":"<p>Retrouvez le four <strong>SUPER PRO 1400 mixte<\/strong>. Alliant <strong>cuisson au feu de bois et au gaz<\/strong>, il est parfait pour les professionnels de la restauration.<\/p>\n","protected":false},"featured_media":2170,"comment_status":"open","ping_status":"closed","template":"","meta":{"_acf_changed":false},"product_brand":[],"product_cat":[1020,1021,365,332],"product_tag":[713],"class_list":{"0":"post-2169","1":"product","2":"type-product","3":"status-publish","4":"has-post-thumbnail","6":"product_cat-fours-a-pizzas-mixtes-bois-gaz","7":"product_cat-nos-fours-a-pizzas-bois-gaz-a-sole-fixe","8":"product_cat-professionnels","9":"product_cat-fours-a-pizzas-professionnels","10":"product_tag-four","11":"pa_surface-de-la-sole-1-53","13":"first","14":"outofstock","15":"purchasable","16":"product-type-simple"},"acf":[],"_links":{"self":[{"href":"https:\/\/www.fourgrandmere.com\/fr\/wp-json\/wp\/v2\/product\/2169","targetHints":{"allow":["GET"]}}],"collection":[{"href":"https:\/\/www.fourgrandmere.com\/fr\/wp-json\/wp\/v2\/product"}],"about":[{"href":"https:\/\/www.fourgrandmere.com\/fr\/wp-json\/wp\/v2\/types\/product"}],"replies":[{"embeddable":true,"href":"https:\/\/www.fourgrandmere.com\/fr\/wp-json\/wp\/v2\/comments?post=2169"}],"wp:featuredmedia":[{"embeddable":true,"href":"https:\/\/www.fourgrandmere.com\/fr\/wp-json\/wp\/v2\/media\/2170"}],"wp:attachment":[{"href":"https:\/\/www.fourgrandmere.com\/fr\/wp-json\/wp\/v2\/media?parent=2169"}],"wp:term":[{"taxonomy":"product_brand","embeddable":true,"href":"https:\/\/www.fourgrandmere.com\/fr\/wp-json\/wp\/v2\/product_brand?post=2169"},{"taxonomy":"product_cat","embeddable":true,"href":"https:\/\/www.fourgrandmere.com\/fr\/wp-json\/wp\/v2\/product_cat?post=2169"},{"taxonomy":"product_tag","embeddable":true,"href":"https:\/\/www.fourgrandmere.com\/fr\/wp-json\/wp\/v2\/product_tag?post=2169"}],"curies":[{"name":"wp","href":"https:\/\/api.w.org\/{rel}","templated":true}]}}