{"id":2205,"date":"2013-03-28T13:37:28","date_gmt":"2013-03-28T13:37:28","guid":{"rendered":"https:\/\/www.fourgrandmere.com\/?post_type=product&#038;p=2205"},"modified":"2026-01-10T09:59:49","modified_gmt":"2026-01-10T08:59:49","slug":"porte-fonte-ouv-de-43-cm","status":"publish","type":"product","link":"https:\/\/www.fourgrandmere.com\/fr\/produit\/porte-fonte-ouv-de-43-cm\/","title":{"rendered":"Porte fonte Ouv. de 43 cm"},"content":{"rendered":"<p>Cette porte en fonte \u00e0 un vantail se fixe \u00e0 l\u2019avant du four, directement sur le cintre. Elle permet de fermer enti\u00e8rement le four lorsqu\u2019il n\u2019est pas utilis\u00e9. Gr\u00e2ce \u00e0 l\u2019\u0153illeton int\u00e9gr\u00e9, vous pouvez surveiller la cuisson sans ouvrir la porte. Elle peut \u00eatre combin\u00e9e \u00e0 une <a href=\"https:\/\/www.fourgrandmere.com\/fr\/produit\/porte-isolante-ouv-43-cm\/\">porte isolante<\/a> pour renforcer l\u2019inertie thermique du four. D\u2019une ouverture de 43 cm, elle incarne la robustesse et la qualit\u00e9 d\u2019une fabrication fran\u00e7aise, dans le respect des savoir-faire traditionnels.<\/p>\n","protected":false},"excerpt":{"rendered":"<p>Porte traditionnelle en fonte \u00e0 un vantail avec ouverture de 43 cm, con\u00e7ue pour fermer totalement le four et limiter les pertes de chaleur.<\/p>\n","protected":false},"featured_media":3518,"comment_status":"open","ping_status":"closed","template":"","meta":{"_acf_changed":false},"product_brand":[],"product_cat":[410,398],"product_tag":[],"class_list":{"0":"post-2205","1":"product","2":"type-product","3":"status-publish","4":"has-post-thumbnail","6":"product_cat-accessoires","7":"product_cat-equipements-de-pose","8":"product_shipping_class-emballage","9":"pa_hauteur-rehaussee","10":"pa_hauteur-standard","11":"pa_largeur-43-6-cm","13":"first","14":"instock","15":"taxable","16":"shipping-taxable","17":"purchasable","18":"product-type-variable"},"acf":[],"_links":{"self":[{"href":"https:\/\/www.fourgrandmere.com\/fr\/wp-json\/wp\/v2\/product\/2205","targetHints":{"allow":["GET"]}}],"collection":[{"href":"https:\/\/www.fourgrandmere.com\/fr\/wp-json\/wp\/v2\/product"}],"about":[{"href":"https:\/\/www.fourgrandmere.com\/fr\/wp-json\/wp\/v2\/types\/product"}],"replies":[{"embeddable":true,"href":"https:\/\/www.fourgrandmere.com\/fr\/wp-json\/wp\/v2\/comments?post=2205"}],"wp:featuredmedia":[{"embeddable":true,"href":"https:\/\/www.fourgrandmere.com\/fr\/wp-json\/wp\/v2\/media\/3518"}],"wp:attachment":[{"href":"https:\/\/www.fourgrandmere.com\/fr\/wp-json\/wp\/v2\/media?parent=2205"}],"wp:term":[{"taxonomy":"product_brand","embeddable":true,"href":"https:\/\/www.fourgrandmere.com\/fr\/wp-json\/wp\/v2\/product_brand?post=2205"},{"taxonomy":"product_cat","embeddable":true,"href":"https:\/\/www.fourgrandmere.com\/fr\/wp-json\/wp\/v2\/product_cat?post=2205"},{"taxonomy":"product_tag","embeddable":true,"href":"https:\/\/www.fourgrandmere.com\/fr\/wp-json\/wp\/v2\/product_tag?post=2205"}],"curies":[{"name":"wp","href":"https:\/\/api.w.org\/{rel}","templated":true}]}}