{"id":2223,"date":"2013-03-29T11:54:52","date_gmt":"2013-03-29T11:54:52","guid":{"rendered":"https:\/\/www.fourgrandmere.com\/?post_type=product&#038;p=2223"},"modified":"2025-04-15T11:58:45","modified_gmt":"2025-04-15T09:58:45","slug":"porte-fonte-ouv-de-50-cm","status":"publish","type":"product","link":"https:\/\/www.fourgrandmere.com\/fr\/produit\/porte-fonte-ouv-de-50-cm\/","title":{"rendered":"Porte fonte Ouv. de 50 cm"},"content":{"rendered":"<p>Cette porte en fonte avec une ouverture de 50 cm est dot\u00e9e de deux vantaux, elle se fixe \u00e0 l\u2019avant du four sur le cintre. Adapt\u00e9e aux mod\u00e8les Super Pro, elle ferme totalement le four lorsqu\u2019il n\u2019est pas utilis\u00e9, limitant ainsi les pertes de chaleur. Son \u0153illeton permet un contr\u00f4le visuel de la cuisson sans avoir \u00e0 ouvrir la porte. Associ\u00e9e \u00e0 une <a href=\"https:\/\/www.fourgrandmere.com\/fr\/produit\/porte-isolante-ouv-50-cm\/\">porte isolante<\/a>, elle renforce encore davantage l\u2019isolation du four, garantissant une meilleure conservation de la chaleur.<br \/>\nFabrication fran\u00e7aise.<\/p>\n<p>&nbsp;<\/p>\n","protected":false},"excerpt":{"rendered":"<p>Porte fonte \u00e0 deux vantaux avec une ouverture de 50 cm, con\u00e7ue pour les fours \u00e0 bois Super Pro.<\/p>\n","protected":false},"featured_media":3515,"comment_status":"open","ping_status":"closed","template":"","meta":{"_acf_changed":false},"product_brand":[],"product_cat":[410,398],"product_tag":[],"class_list":{"0":"post-2223","1":"product","2":"type-product","3":"status-publish","4":"has-post-thumbnail","6":"product_cat-accessoires","7":"product_cat-equipements-de-pose","8":"product_shipping_class-emballage","9":"pa_hauteur-rehaussee","10":"pa_hauteur-standard","11":"pa_largeur-53-8-cm","13":"first","14":"instock","15":"taxable","16":"shipping-taxable","17":"purchasable","18":"product-type-variable"},"acf":[],"_links":{"self":[{"href":"https:\/\/www.fourgrandmere.com\/fr\/wp-json\/wp\/v2\/product\/2223","targetHints":{"allow":["GET"]}}],"collection":[{"href":"https:\/\/www.fourgrandmere.com\/fr\/wp-json\/wp\/v2\/product"}],"about":[{"href":"https:\/\/www.fourgrandmere.com\/fr\/wp-json\/wp\/v2\/types\/product"}],"replies":[{"embeddable":true,"href":"https:\/\/www.fourgrandmere.com\/fr\/wp-json\/wp\/v2\/comments?post=2223"}],"wp:featuredmedia":[{"embeddable":true,"href":"https:\/\/www.fourgrandmere.com\/fr\/wp-json\/wp\/v2\/media\/3515"}],"wp:attachment":[{"href":"https:\/\/www.fourgrandmere.com\/fr\/wp-json\/wp\/v2\/media?parent=2223"}],"wp:term":[{"taxonomy":"product_brand","embeddable":true,"href":"https:\/\/www.fourgrandmere.com\/fr\/wp-json\/wp\/v2\/product_brand?post=2223"},{"taxonomy":"product_cat","embeddable":true,"href":"https:\/\/www.fourgrandmere.com\/fr\/wp-json\/wp\/v2\/product_cat?post=2223"},{"taxonomy":"product_tag","embeddable":true,"href":"https:\/\/www.fourgrandmere.com\/fr\/wp-json\/wp\/v2\/product_tag?post=2223"}],"curies":[{"name":"wp","href":"https:\/\/api.w.org\/{rel}","templated":true}]}}