{"id":2259,"date":"2013-04-02T13:30:00","date_gmt":"2013-04-02T13:30:00","guid":{"rendered":"https:\/\/www.fourgrandmere.com\/?post_type=product&#038;p=2259"},"modified":"2025-06-24T10:50:57","modified_gmt":"2025-06-24T08:50:57","slug":"accelerateur-de-tirage","status":"publish","type":"product","link":"https:\/\/www.fourgrandmere.com\/fr\/produit\/accelerateur-de-tirage\/","title":{"rendered":"Acc\u00e9l\u00e9rateur de tirage pour chemin\u00e9e"},"content":{"rendered":"<p>Plac\u00e9 en souche de chemin\u00e9e, cet acc\u00e9l\u00e9rateur de tirage en inox r\u00e9sout la quasi\u2011totalit\u00e9 des probl\u00e8mes de tirage de votre four \u00e0 bois.<\/p>\n<p>Nous vous proposons 2 mod\u00e8les, enti\u00e8rement con\u00e7us par Four Grand-M\u00e8re, qui s\u2019adaptent \u00e0 des conduits de diam\u00e8tre 160\u00a0\u00e0 300.<br \/>\nL\u2019Aspiflam s\u2019installe sur des conduits en inox comme sur des conduits ma\u00e7onn\u00e9s.<\/p>\n<p>&nbsp;<\/p>\n<h3>Pr\u00e9sentation de l\u2019aspire-fum\u00e9e<\/h3>\n<p>&nbsp;<\/p>\n<h4>Fonctionnement<\/h4>\n<p>Plac\u00e9 sur la partie terminale ext\u00e9rieure du conduit, cet acc\u00e9l\u00e9rateur de tirage facilite l\u2019\u00e9vacuation des fum\u00e9es et optimise la combustion de votre four.<\/p>\n<p>Il utilise pour cela l\u2019effet Venturi. Un ventilateur centrifuge \u00e9lectrique fix\u00e9 sur le c\u00f4t\u00e9 du conduit envoie de l\u2019air frais \u00e0 l\u2019int\u00e9rieur du syst\u00e8me. Ce flux, dirig\u00e9 \u00e0 grande vitesse le long des parois, cr\u00e9e une d\u00e9pression au centre qui aspire les fum\u00e9es vers le haut par tous les temps, m\u00eame en l\u2019absence de vent.<\/p>\n<p>L\u2019Aspiflam peut \u00e9vacuer des gaz jusqu\u2019\u00e0 700\u00a0\u00b0C avec une aspiration de 400\u00a0m<sup>3<\/sup>\/heure sous une d\u00e9pression d\u2019environ 30 pascals. Un variateur de vitesse permet de r\u00e9gler la puissance selon les besoins, et la commande peut \u00eatre plac\u00e9e \u00e0 port\u00e9e de main de l\u2019op\u00e9rateur.<\/p>\n<p>&nbsp;<\/p>\n<h4>Installation<\/h4>\n<p>L\u2019Aspiflam se fixe sur le conduit de chemin\u00e9e gr\u00e2ce \u00e0 de petites \u00e9querres \u00e0 riveter fournies par nos soins.<\/p>\n<p>Le plus souvent, il suffit de tirer un fil \u00e9lectrique haute temp\u00e9rature le long du conduit et de positionner le variateur de puissance fourni \u00e0 proximit\u00e9 du four, lui-m\u00eame \u00e0 relier \u00e0 une prise 230\u00a0V standard.<\/p>\n<p>&nbsp;<\/p>\n<p>Puissance \u00e9lectrique du ventilateur : 156\u00a0W.<\/p>\n<p>Bruit g\u00e9n\u00e9r\u00e9 maximum : 73.5\u00a0dB (A).<\/p>\n<p>&nbsp;<\/p>\n<h4>Maintenance<\/h4>\n<p>Comme le ventilateur est install\u00e9 \u00e0 l\u2019ext\u00e9rieur, le passage dans le conduit reste libre et total, m\u00eame en cas d\u2019arr\u00eat du syst\u00e8me ou de coupure d\u2019\u00e9lectricit\u00e9. Vous pouvez nettoyer le conduit avec un simple h\u00e9risson de ramonage, sans avoir \u00e0 le d\u00e9monter.<\/p>\n<p>Ce mode d\u2019installation \u00e9vite aussi l\u2019encrassement du syst\u00e8me et du ventilateur.<\/p>\n<p>Cet aspire-fum\u00e9es ne n\u00e9cessite donc aucun entretien.<\/p>\n<p>&nbsp;<\/p>\n<h4>Nos r\u00e9f\u00e9rences d\u2019acc\u00e9l\u00e9rateurs de tirage<\/h4>\n<p>Aspiflam <strong>ACAS 160\/230<\/strong>\u00a0pour conduits de <strong>\u00d8 160, 180, 200<\/strong> et <strong>230.<\/strong><\/p>\n<p>Aspiflam <strong>ACAS 250\/300<\/strong> pour conduits de <strong>\u00d8 250, 280<\/strong> et <strong>300.<\/strong><\/p>\n<p>Ces 2 mod\u00e8les sont assembl\u00e9s dans nos ateliers en France.<\/p>\n<p>&nbsp;<\/p>\n","protected":false},"excerpt":{"rendered":"<p>Cet acc\u00e9l\u00e9rateur de tirage r\u00e9sout la quasi-totalit\u00e9 des probl\u00e8mes de tirage de votre four \u00e0 bois. Mod\u00e8les adapt\u00e9s \u00e0 des conduits de \u00d8 160 \u00e0 300.<\/p>\n","protected":false},"featured_media":3389,"comment_status":"open","ping_status":"closed","template":"","meta":{"_acf_changed":false},"product_brand":[],"product_cat":[398,410],"product_tag":[],"class_list":{"0":"post-2259","1":"product","2":"type-product","3":"status-publish","4":"has-post-thumbnail","6":"product_cat-equipements-de-pose","7":"product_cat-accessoires","8":"product_shipping_class-emballage","9":"pa_hauteur-65-cm-hors-tout","10":"pa_largeur-28-cm","11":"pa_profondeur-39-cm","13":"first","14":"instock","15":"taxable","16":"shipping-taxable","17":"purchasable","18":"product-type-variable","19":"has-default-attributes"},"acf":[],"_links":{"self":[{"href":"https:\/\/www.fourgrandmere.com\/fr\/wp-json\/wp\/v2\/product\/2259","targetHints":{"allow":["GET"]}}],"collection":[{"href":"https:\/\/www.fourgrandmere.com\/fr\/wp-json\/wp\/v2\/product"}],"about":[{"href":"https:\/\/www.fourgrandmere.com\/fr\/wp-json\/wp\/v2\/types\/product"}],"replies":[{"embeddable":true,"href":"https:\/\/www.fourgrandmere.com\/fr\/wp-json\/wp\/v2\/comments?post=2259"}],"wp:featuredmedia":[{"embeddable":true,"href":"https:\/\/www.fourgrandmere.com\/fr\/wp-json\/wp\/v2\/media\/3389"}],"wp:attachment":[{"href":"https:\/\/www.fourgrandmere.com\/fr\/wp-json\/wp\/v2\/media?parent=2259"}],"wp:term":[{"taxonomy":"product_brand","embeddable":true,"href":"https:\/\/www.fourgrandmere.com\/fr\/wp-json\/wp\/v2\/product_brand?post=2259"},{"taxonomy":"product_cat","embeddable":true,"href":"https:\/\/www.fourgrandmere.com\/fr\/wp-json\/wp\/v2\/product_cat?post=2259"},{"taxonomy":"product_tag","embeddable":true,"href":"https:\/\/www.fourgrandmere.com\/fr\/wp-json\/wp\/v2\/product_tag?post=2259"}],"curies":[{"name":"wp","href":"https:\/\/api.w.org\/{rel}","templated":true}]}}