{"id":2277,"date":"2013-04-02T14:20:24","date_gmt":"2013-04-02T14:20:24","guid":{"rendered":"https:\/\/www.fourgrandmere.com\/?post_type=product&#038;p=2277"},"modified":"2025-12-10T09:44:01","modified_gmt":"2025-12-10T08:44:01","slug":"thermometre-de-voute","status":"publish","type":"product","link":"https:\/\/www.fourgrandmere.com\/fr\/produit\/thermometre-de-voute\/","title":{"rendered":"Thermom\u00e8tre de vo\u00fbte"},"content":{"rendered":"<p data-start=\"278\" data-end=\"625\">Ce thermom\u00e8tre de vo\u00fbte est con\u00e7u pour \u00eatre install\u00e9 directement lors de la pose du four. Sa sonde de 40 cm permet de mesurer la temp\u00e9rature en profondeur, au c\u0153ur du r\u00e9fractaire de la vo\u00fbte. Il offre une lecture fiable et pr\u00e9cise de la mont\u00e9e en temp\u00e9rature du four.<br \/>\nTemp\u00e9rature maximale : 500 \u00b0C.<br \/>\nFabrication europ\u00e9enne.<\/p>\n","protected":false},"excerpt":{"rendered":"<p>Thermom\u00e8tre de vo\u00fbte avec sonde de 40 cm, install\u00e9 lors de la pose du four.<\/p>\n","protected":false},"featured_media":3863,"comment_status":"open","ping_status":"closed","template":"","meta":{"_acf_changed":false},"product_brand":[],"product_cat":[410,398],"product_tag":[],"class_list":{"0":"post-2277","1":"product","2":"type-product","3":"status-publish","4":"has-post-thumbnail","6":"product_cat-accessoires","7":"product_cat-equipements-de-pose","8":"product_shipping_class-emballage","10":"first","11":"instock","12":"taxable","13":"shipping-taxable","14":"purchasable","15":"product-type-simple"},"acf":[],"_links":{"self":[{"href":"https:\/\/www.fourgrandmere.com\/fr\/wp-json\/wp\/v2\/product\/2277","targetHints":{"allow":["GET"]}}],"collection":[{"href":"https:\/\/www.fourgrandmere.com\/fr\/wp-json\/wp\/v2\/product"}],"about":[{"href":"https:\/\/www.fourgrandmere.com\/fr\/wp-json\/wp\/v2\/types\/product"}],"replies":[{"embeddable":true,"href":"https:\/\/www.fourgrandmere.com\/fr\/wp-json\/wp\/v2\/comments?post=2277"}],"wp:featuredmedia":[{"embeddable":true,"href":"https:\/\/www.fourgrandmere.com\/fr\/wp-json\/wp\/v2\/media\/3863"}],"wp:attachment":[{"href":"https:\/\/www.fourgrandmere.com\/fr\/wp-json\/wp\/v2\/media?parent=2277"}],"wp:term":[{"taxonomy":"product_brand","embeddable":true,"href":"https:\/\/www.fourgrandmere.com\/fr\/wp-json\/wp\/v2\/product_brand?post=2277"},{"taxonomy":"product_cat","embeddable":true,"href":"https:\/\/www.fourgrandmere.com\/fr\/wp-json\/wp\/v2\/product_cat?post=2277"},{"taxonomy":"product_tag","embeddable":true,"href":"https:\/\/www.fourgrandmere.com\/fr\/wp-json\/wp\/v2\/product_tag?post=2277"}],"curies":[{"name":"wp","href":"https:\/\/api.w.org\/{rel}","templated":true}]}}