{"id":2292,"date":"2013-04-02T15:43:49","date_gmt":"2013-04-02T15:43:49","guid":{"rendered":"https:\/\/www.fourgrandmere.com\/?post_type=product&#038;p=2292"},"modified":"2026-03-23T17:29:34","modified_gmt":"2026-03-23T16:29:34","slug":"thermometre-laser","status":"publish","type":"product","link":"https:\/\/www.fourgrandmere.com\/fr\/produit\/thermometre-laser\/","title":{"rendered":"Thermom\u00e8tre laser"},"content":{"rendered":"<p data-start=\"586\" data-end=\"838\">Ce thermom\u00e8tre laser est \u00e9quip\u00e9 d\u2019un capteur infrarouge permettant de relever la temp\u00e9rature <strong>en tout point de la chambre de cuisson<\/strong>. Il suffit de viser la surface ou zone souhait\u00e9e pour obtenir une lecture imm\u00e9diate, fiable et sans contact de la temp\u00e9rature.<\/p>\n<p data-start=\"840\" data-end=\"975\">Il est essentiel pour contr\u00f4ler et mesurer le degr\u00e9 de chaleur de la sole, de la vo\u00fbte ou des parois du four. C&rsquo;est un outil ind\u00e9niable pour <strong>adapter ses cuissons avec pr\u00e9cision<\/strong>.<\/p>\n","protected":false},"excerpt":{"rendered":"<p>Ma\u00eetrisez parfaitement la cuisson au feu de bois gr\u00e2ce \u00e0 ce thermom\u00e8tre laser infrarouge, con\u00e7u pour mesurer instantan\u00e9ment la temp\u00e9rature \u00e0 l\u2019int\u00e9rieur de votre four, sans contact et avec une grande pr\u00e9cision.<\/p>\n","protected":false},"featured_media":3866,"comment_status":"open","ping_status":"closed","template":"","meta":{"_acf_changed":false},"product_brand":[],"product_cat":[410,302,963,401],"product_tag":[],"class_list":{"0":"post-2292","1":"product","2":"type-product","3":"status-publish","4":"has-post-thumbnail","6":"product_cat-accessoires","7":"product_cat-accessoires-de-cuisson","8":"product_cat-accessoires-design","9":"product_cat-articles-de-cuisine","10":"product_shipping_class-emballage","12":"first","13":"instock","14":"taxable","15":"shipping-taxable","16":"purchasable","17":"product-type-simple"},"acf":[],"_links":{"self":[{"href":"https:\/\/www.fourgrandmere.com\/fr\/wp-json\/wp\/v2\/product\/2292","targetHints":{"allow":["GET"]}}],"collection":[{"href":"https:\/\/www.fourgrandmere.com\/fr\/wp-json\/wp\/v2\/product"}],"about":[{"href":"https:\/\/www.fourgrandmere.com\/fr\/wp-json\/wp\/v2\/types\/product"}],"replies":[{"embeddable":true,"href":"https:\/\/www.fourgrandmere.com\/fr\/wp-json\/wp\/v2\/comments?post=2292"}],"wp:featuredmedia":[{"embeddable":true,"href":"https:\/\/www.fourgrandmere.com\/fr\/wp-json\/wp\/v2\/media\/3866"}],"wp:attachment":[{"href":"https:\/\/www.fourgrandmere.com\/fr\/wp-json\/wp\/v2\/media?parent=2292"}],"wp:term":[{"taxonomy":"product_brand","embeddable":true,"href":"https:\/\/www.fourgrandmere.com\/fr\/wp-json\/wp\/v2\/product_brand?post=2292"},{"taxonomy":"product_cat","embeddable":true,"href":"https:\/\/www.fourgrandmere.com\/fr\/wp-json\/wp\/v2\/product_cat?post=2292"},{"taxonomy":"product_tag","embeddable":true,"href":"https:\/\/www.fourgrandmere.com\/fr\/wp-json\/wp\/v2\/product_tag?post=2292"}],"curies":[{"name":"wp","href":"https:\/\/api.w.org\/{rel}","templated":true}]}}