{"id":2301,"date":"2024-12-03T11:32:51","date_gmt":"2024-12-03T10:32:51","guid":{"rendered":"https:\/\/www.fourgrandmere.com\/?post_type=product&#038;p=2301"},"modified":"2025-10-31T15:12:28","modified_gmt":"2025-10-31T14:12:28","slug":"hotte-d-habillage-pour-four","status":"publish","type":"product","link":"https:\/\/www.fourgrandmere.com\/fr\/produit\/hotte-d-habillage-pour-four\/","title":{"rendered":"Hotte d&rsquo;habillage pour four \u00e0 bois"},"content":{"rendered":"<p>Cette hotte d&rsquo;habillage permet de donner rapidement une finition esth\u00e9tique \u00e0 votre four \u00e0 bois. Elle est r\u00e9alis\u00e9e en r\u00e9sine Epoxy arm\u00e9e de fibre de verre.<br \/>\nRev\u00eatue d&rsquo;un enduit acrylique, elle peut tr\u00e8s bien \u00eatre utilis\u00e9e \u00e0 l&rsquo;ext\u00e9rieur.<br \/>\nCet habillage permet de terminer rapidement\u00a0 l&rsquo;installation d&rsquo;un four \u00e0 la maison, sur la terrasse, dans une pizz\u00e9ria, dans un v\u00e9hicule-magasin o\u00f9 sa l\u00e9g\u00e8ret\u00e9 est tr\u00e8s appr\u00e9ci\u00e9e.<\/p>\n<p>Nota : Une isolation est \u00e0 pr\u00e9voir entre le four et la hotte.<\/p>\n<p>Le conduit de fum\u00e9e doit \u00eatre en double-isol\u00e9.<\/p>\n<p>Fabrication fran\u00e7aise dans nos ateliers.<\/p>\n<p>Existe pour les mod\u00e8les :<br \/>\nF800 (<a href=\"https:\/\/www.fourgrandmere.com\/fr\/fours-a-bois-tradition\/14-campagnard.html\">Campagnard<\/a>) &#8211; R\u00e9f : AC103<br \/>\nF950 (<a href=\"https:\/\/www.fourgrandmere.com\/fr\/produit\/four-a-bois-le-gourmet\/\">Gourmet<\/a> ou <a href=\"https:\/\/www.fourgrandmere.com\/fr\/fours-a-bois-standards\/27-pro-950.html\">Pro 950<\/a>) &#8211; R\u00e9f : AC104<br \/>\n<a href=\"https:\/\/www.fourgrandmere.com\/fr\/camions-pizza-food-trucks\/37-f1030c-pour-camion.html\">F1030C <\/a>&#8211; R\u00e9f : AC110<\/p>\n","protected":false},"excerpt":{"rendered":"<p>Hotte d&rsquo;habillage traditionnelle pour four \u00e0 bois Grand-M\u00e8re.<\/p>\n<p>Merci de nous contacter pour un devis.<\/p>\n","protected":false},"featured_media":3617,"comment_status":"open","ping_status":"closed","template":"","meta":{"_acf_changed":false},"product_brand":[],"product_cat":[410,398],"product_tag":[],"class_list":{"0":"post-2301","1":"product","2":"type-product","3":"status-publish","4":"has-post-thumbnail","6":"product_cat-accessoires","7":"product_cat-equipements-de-pose","9":"first","10":"instock","11":"downloadable","12":"purchasable","13":"product-type-simple"},"acf":[],"_links":{"self":[{"href":"https:\/\/www.fourgrandmere.com\/fr\/wp-json\/wp\/v2\/product\/2301","targetHints":{"allow":["GET"]}}],"collection":[{"href":"https:\/\/www.fourgrandmere.com\/fr\/wp-json\/wp\/v2\/product"}],"about":[{"href":"https:\/\/www.fourgrandmere.com\/fr\/wp-json\/wp\/v2\/types\/product"}],"replies":[{"embeddable":true,"href":"https:\/\/www.fourgrandmere.com\/fr\/wp-json\/wp\/v2\/comments?post=2301"}],"wp:featuredmedia":[{"embeddable":true,"href":"https:\/\/www.fourgrandmere.com\/fr\/wp-json\/wp\/v2\/media\/3617"}],"wp:attachment":[{"href":"https:\/\/www.fourgrandmere.com\/fr\/wp-json\/wp\/v2\/media?parent=2301"}],"wp:term":[{"taxonomy":"product_brand","embeddable":true,"href":"https:\/\/www.fourgrandmere.com\/fr\/wp-json\/wp\/v2\/product_brand?post=2301"},{"taxonomy":"product_cat","embeddable":true,"href":"https:\/\/www.fourgrandmere.com\/fr\/wp-json\/wp\/v2\/product_cat?post=2301"},{"taxonomy":"product_tag","embeddable":true,"href":"https:\/\/www.fourgrandmere.com\/fr\/wp-json\/wp\/v2\/product_tag?post=2301"}],"curies":[{"name":"wp","href":"https:\/\/api.w.org\/{rel}","templated":true}]}}