{"id":2316,"date":"2013-04-03T13:06:34","date_gmt":"2013-04-03T13:06:34","guid":{"rendered":"https:\/\/www.fourgrandmere.com\/?post_type=product&#038;p=2316"},"modified":"2025-04-15T09:10:51","modified_gmt":"2025-04-15T07:10:51","slug":"isolation-complete-pour-four-a-bois","status":"publish","type":"product","link":"https:\/\/www.fourgrandmere.com\/fr\/produit\/isolation-complete-pour-four-a-bois\/","title":{"rendered":"Isolation pour four \u00e0 bois"},"content":{"rendered":"<p>Une isolation performante est essentielle pour profiter pleinement de votre four \u00e0 bois, pour des cuissons \u00e0 foyer ferm\u00e9 (pain, plats mijot\u00e9s\u2026) comme pour des cuissons \u00e0 la flamme (pizzas, grillades\u2026).<\/p>\n<p>Gr\u00e2ce \u00e0 ce kit d\u2019isolation pour four \u00e0 bois tr\u00e8s complet, votre four b\u00e9n\u00e9ficie d\u2019une excellente inertie et se maintient \u00e0 une temp\u00e9rature quasi constante durant plusieurs heures, tout en consommant un minimum de bois.<\/p>\n<p>Une isolation efficace contribue aussi \u00e0 prolonger la dur\u00e9e de vie de votre four en le prot\u00e9geant des chocs thermiques.<\/p>\n<h4><\/h4>\n<p>&nbsp;<\/p>\n<h4>Isolation sup\u00e9rieure<\/h4>\n<p>Elle est indispensable pour conserver la chaleur qui s\u2019accumule dans le r\u00e9fractaire de la vo\u00fbte.<br \/>\nL\u2019isolation sup\u00e9rieure de ce kit se compose de 2 couches de fibre min\u00e9rale haute performance fabriqu\u00e9e en France.<br \/>\nLa fibre min\u00e9rale est un mat\u00e9riau isolant moderne extr\u00eamement performant, dont la conductivit\u00e9 thermique est 10 fois inf\u00e9rieure \u00e0 celle du sable. Incombustible, elle r\u00e9siste \u00e0 une temp\u00e9rature de 1200\u00a0\u00b0C. Cet isolant est aussi biosoluble, c\u2019est-\u00e0-dire qu\u2019il est exon\u00e9r\u00e9 de toute classification canc\u00e9rog\u00e8ne en raison de sa faible persistance biologique.<\/p>\n<p>Notre kit contient la quantit\u00e9 n\u00e9cessaire adapt\u00e9e \u00e0 votre four pour\u00a0:<\/p>\n<ul>\n<li>Une couche de 38\u00a0mm d\u2019\u00e9paisseur, densit\u00e9 96\u00a0kg\/m3.<\/li>\n<li>Une couche de 25\u00a0mm d\u2019\u00e9paisseur, densit\u00e9 64\u00a0kg\/m3, rev\u00eatue d\u2019un pare\u2011vapeur en aluminium sur une face.<\/li>\n<li>Un rouleau de ruban de papier aluminium adh\u00e9sif large pour fixer l&rsquo;ensemble.<\/li>\n<\/ul>\n<p>&nbsp;<\/p>\n<h4>Isolation inf\u00e9rieure<\/h4>\n<p>L\u2019isolation inf\u00e9rieure est souvent n\u00e9glig\u00e9e alors qu\u2019elle est primordiale pour une cuisson r\u00e9ussie\u00a0! Elle vous permet notamment de conserver une sole bien chaude sans que cette chaleur se transmette au support de votre four.<\/p>\n<p>L\u2019isolation de la sole inf\u00e9rieure est constitu\u00e9e d&rsquo;un socle rigide de 80\u00a0mm d\u2019\u00e9paisseur. Ce socle se pr\u00e9sente sous forme de plaques \u00e9paisses, compos\u00e9es d\u2019un m\u00e9lange de vermiculite et de ciment fondu.<\/p>\n<p>Il vous suffit de poser cette dalle sous la sole du four, sans aucun travail sp\u00e9cifique de pr\u00e9paration ou de coffrage.<\/p>\n<p>La vermiculite est un mat\u00e9riau isolant naturel proche de la famille des micas. Elle est incombustible, r\u00e9sistante aux insectes, aux rongeurs, et tr\u00e8s stable dans la dur\u00e9e.<\/p>\n<p>Comme l\u2019ensemble des mat\u00e9riaux utilis\u00e9s par Four Grand-M\u00e8re, la vermiculite et le ciment inclus dans ce kit sont fabriqu\u00e9s en France.<\/p>\n<p>&nbsp;<\/p>\n<p>\ud83d\udca1 Nos kits isolation sont pr\u00e9par\u00e9s sur mesure dans nos ateliers, suivant la taille et les caract\u00e9ristiques sp\u00e9cifiques de votre four \u00e0 bois.<br \/>\nCe service s\u2019adresse notamment aux propri\u00e9taires d\u2019un four d\u2019occasion ou \u00e0 ceux qui souhaitent restaurer un vieux four d\u00e9couvert dans leur maison. Un changement complet de l\u2019isolation est aussi recommand\u00e9 \u00e0 la suite d\u2019infiltrations, d\u2019une inondation, d\u2019un d\u00e9montage, etc.<\/p>\n<p>&nbsp;<\/p>\n","protected":false},"excerpt":{"rendered":"<p>Gr\u00e2ce \u00e0 ce kit d\u2019isolation pour four \u00e0 bois tr\u00e8s complet, votre four b\u00e9n\u00e9ficie d\u2019une excellente inertie avec une isolation sup\u00e9rieure et inf\u00e9rieure haute performance.<\/p>\n","protected":false},"featured_media":9760,"comment_status":"open","ping_status":"closed","template":"","meta":{"_acf_changed":false},"product_brand":[],"product_cat":[410,398],"product_tag":[713],"class_list":{"0":"post-2316","1":"product","2":"type-product","3":"status-publish","4":"has-post-thumbnail","6":"product_cat-accessoires","7":"product_cat-equipements-de-pose","8":"product_tag-four","9":"product_shipping_class-emballage","11":"first","12":"instock","13":"purchasable","14":"product-type-simple"},"acf":[],"_links":{"self":[{"href":"https:\/\/www.fourgrandmere.com\/fr\/wp-json\/wp\/v2\/product\/2316","targetHints":{"allow":["GET"]}}],"collection":[{"href":"https:\/\/www.fourgrandmere.com\/fr\/wp-json\/wp\/v2\/product"}],"about":[{"href":"https:\/\/www.fourgrandmere.com\/fr\/wp-json\/wp\/v2\/types\/product"}],"replies":[{"embeddable":true,"href":"https:\/\/www.fourgrandmere.com\/fr\/wp-json\/wp\/v2\/comments?post=2316"}],"wp:featuredmedia":[{"embeddable":true,"href":"https:\/\/www.fourgrandmere.com\/fr\/wp-json\/wp\/v2\/media\/9760"}],"wp:attachment":[{"href":"https:\/\/www.fourgrandmere.com\/fr\/wp-json\/wp\/v2\/media?parent=2316"}],"wp:term":[{"taxonomy":"product_brand","embeddable":true,"href":"https:\/\/www.fourgrandmere.com\/fr\/wp-json\/wp\/v2\/product_brand?post=2316"},{"taxonomy":"product_cat","embeddable":true,"href":"https:\/\/www.fourgrandmere.com\/fr\/wp-json\/wp\/v2\/product_cat?post=2316"},{"taxonomy":"product_tag","embeddable":true,"href":"https:\/\/www.fourgrandmere.com\/fr\/wp-json\/wp\/v2\/product_tag?post=2316"}],"curies":[{"name":"wp","href":"https:\/\/api.w.org\/{rel}","templated":true}]}}