{"id":2352,"date":"2013-04-03T15:39:01","date_gmt":"2013-04-03T15:39:01","guid":{"rendered":"https:\/\/www.fourgrandmere.com\/?post_type=product&#038;p=2352"},"modified":"2025-04-11T15:06:42","modified_gmt":"2025-04-11T13:06:42","slug":"ensemble-accessoires-pour-particuliers-kit-gourmet","status":"publish","type":"product","link":"https:\/\/www.fourgrandmere.com\/fr\/produit\/ensemble-accessoires-pour-particuliers-kit-gourmet\/","title":{"rendered":"Ensemble Accessoires pour particuliers- Kit Gourmet"},"content":{"rendered":"<p data-start=\"206\" data-end=\"336\">Pens\u00e9 pour vous accompagner dans l\u2019utilisation quotidienne de votre four \u00e0 bois, ce kit rassemble les accessoires indispensables :<\/p>\n<ul data-start=\"338\" data-end=\"603\">\n<li data-start=\"338\" data-end=\"436\">\n<p data-start=\"340\" data-end=\"436\"><a href=\"https:\/\/www.fourgrandmere.com\/fr\/produit\/serviteur-5-articles-long-1-20-m\/\">Un serviteur complet 5 pi\u00e8ces<\/a> (R\u00e9f : ACM40) pour manipuler et entretenir le feu facilement<\/p>\n<\/li>\n<li data-start=\"437\" data-end=\"507\">\n<p data-start=\"439\" data-end=\"507\"><a href=\"https:\/\/www.fourgrandmere.com\/fr\/produit\/cendrier-en-facade-du-four\/\">Un cendrier<\/a> (R\u00e9f : AC2) pour simplifier le retrait des cendres<\/p>\n<\/li>\n<li data-start=\"508\" data-end=\"603\">\n<p data-start=\"510\" data-end=\"603\"><a href=\"https:\/\/www.fourgrandmere.com\/fr\/produit\/pelle-bois-boulangere\/\">Une pelle \u00e0 bois<\/a> \u00d8 30 cm (R\u00e9f : AC5) id\u00e9ale pour g\u00e9rer les braises ou d\u00e9placer les b\u00fbches<\/p>\n<\/li>\n<\/ul>\n<p data-start=\"510\" data-end=\"603\">Un ensemble pratique et fonctionnel, parfait pour un usage familial.<\/p>\n<p data-start=\"510\" data-end=\"603\">Fabrication europ\u00e9enne, qualit\u00e9 robuste et finitions soign\u00e9es.<br data-start=\"671\" data-end=\"674\" \/><\/p>\n","protected":false},"excerpt":{"rendered":"<p>Le Kit Gourmet rassemble les accessoires essentiels pour votre four familial : un serviteur 5 pi\u00e8ces, un cendrier et une pelle \u00e0 bois \u00d8 30 cm.<\/p>\n","protected":false},"featured_media":7841,"comment_status":"open","ping_status":"closed","template":"","meta":{"_acf_changed":false},"product_brand":[],"product_cat":[410,302],"product_tag":[],"class_list":{"0":"post-2352","1":"product","2":"type-product","3":"status-publish","4":"has-post-thumbnail","6":"product_cat-accessoires","7":"product_cat-accessoires-de-cuisson","8":"product_shipping_class-emballage","9":"pa_longueur-120-cm","11":"first","12":"instock","13":"taxable","14":"shipping-taxable","15":"purchasable","16":"product-type-simple"},"acf":[],"_links":{"self":[{"href":"https:\/\/www.fourgrandmere.com\/fr\/wp-json\/wp\/v2\/product\/2352","targetHints":{"allow":["GET"]}}],"collection":[{"href":"https:\/\/www.fourgrandmere.com\/fr\/wp-json\/wp\/v2\/product"}],"about":[{"href":"https:\/\/www.fourgrandmere.com\/fr\/wp-json\/wp\/v2\/types\/product"}],"replies":[{"embeddable":true,"href":"https:\/\/www.fourgrandmere.com\/fr\/wp-json\/wp\/v2\/comments?post=2352"}],"wp:featuredmedia":[{"embeddable":true,"href":"https:\/\/www.fourgrandmere.com\/fr\/wp-json\/wp\/v2\/media\/7841"}],"wp:attachment":[{"href":"https:\/\/www.fourgrandmere.com\/fr\/wp-json\/wp\/v2\/media?parent=2352"}],"wp:term":[{"taxonomy":"product_brand","embeddable":true,"href":"https:\/\/www.fourgrandmere.com\/fr\/wp-json\/wp\/v2\/product_brand?post=2352"},{"taxonomy":"product_cat","embeddable":true,"href":"https:\/\/www.fourgrandmere.com\/fr\/wp-json\/wp\/v2\/product_cat?post=2352"},{"taxonomy":"product_tag","embeddable":true,"href":"https:\/\/www.fourgrandmere.com\/fr\/wp-json\/wp\/v2\/product_tag?post=2352"}],"curies":[{"name":"wp","href":"https:\/\/api.w.org\/{rel}","templated":true}]}}