{"id":2358,"date":"2013-04-03T16:07:12","date_gmt":"2013-04-03T16:07:12","guid":{"rendered":"https:\/\/www.fourgrandmere.com\/?post_type=product&#038;p=2358"},"modified":"2025-04-11T14:49:13","modified_gmt":"2025-04-11T12:49:13","slug":"ensemble-accessoires-pour-pro-kit-pro","status":"publish","type":"product","link":"https:\/\/www.fourgrandmere.com\/fr\/produit\/ensemble-accessoires-pour-pro-kit-pro\/","title":{"rendered":"Ensemble Accessoires pour Pro &#8211; Kit Pro"},"content":{"rendered":"<p data-start=\"215\" data-end=\"308\">Ce Kit Pro inclut tout l&rsquo;\u00e9quipement n\u00e9cessaire pour un usage professionnel :<\/p>\n<ul data-start=\"309\" data-end=\"748\">\n<li data-start=\"309\" data-end=\"401\">\n<p data-start=\"311\" data-end=\"401\"><a href=\"https:\/\/www.fourgrandmere.com\/fr\/produit\/ensemble-pizzaiolo-long-1-70-m\/\">1 ensemble pizzaiolo pro<\/a> (R\u00e9f : AC59), parfait pour la gestion et la cuisson des pizzas.<\/p>\n<\/li>\n<li data-start=\"402\" data-end=\"478\">\n<p data-start=\"404\" data-end=\"478\"><a href=\"https:\/\/www.fourgrandmere.com\/fr\/produit\/cendrier-en-facade-gamme-alfred\/\">1 cendrier<\/a> (R\u00e9f : AC2) pour une gestion pratique des braises et cendres.<\/p>\n<\/li>\n<li data-start=\"479\" data-end=\"748\">\n<p data-start=\"481\" data-end=\"748\"><a href=\"https:\/\/www.fourgrandmere.com\/fr\/produit\/thermometre-laser\/\">1 thermom\u00e8tre \u00e0 vis\u00e9e laser<\/a> (R\u00e9f : AC22), id\u00e9al pour surveiller la temp\u00e9rature de cuisson avec pr\u00e9cision.<\/p>\n<\/li>\n<\/ul>\n<p data-start=\"481\" data-end=\"748\">Un ensemble complet d&rsquo;accessoires sp\u00e9cialement con\u00e7u pour les professionnels de la restauration, offrant une solution pratique et performante pour vos fours.<\/p>\n","protected":false},"excerpt":{"rendered":"<p>Ensemble d&rsquo;accessoires con\u00e7us pour les fours professionnels.<\/p>\n","protected":false},"featured_media":7868,"comment_status":"open","ping_status":"closed","template":"","meta":{"_acf_changed":false},"product_brand":[],"product_cat":[410,302],"product_tag":[],"class_list":{"0":"post-2358","1":"product","2":"type-product","3":"status-publish","4":"has-post-thumbnail","6":"product_cat-accessoires","7":"product_cat-accessoires-de-cuisson","8":"product_shipping_class-emballage","9":"pa_longueur-170-cm","11":"first","12":"instock","13":"taxable","14":"shipping-taxable","15":"purchasable","16":"product-type-simple"},"acf":[],"_links":{"self":[{"href":"https:\/\/www.fourgrandmere.com\/fr\/wp-json\/wp\/v2\/product\/2358","targetHints":{"allow":["GET"]}}],"collection":[{"href":"https:\/\/www.fourgrandmere.com\/fr\/wp-json\/wp\/v2\/product"}],"about":[{"href":"https:\/\/www.fourgrandmere.com\/fr\/wp-json\/wp\/v2\/types\/product"}],"replies":[{"embeddable":true,"href":"https:\/\/www.fourgrandmere.com\/fr\/wp-json\/wp\/v2\/comments?post=2358"}],"wp:featuredmedia":[{"embeddable":true,"href":"https:\/\/www.fourgrandmere.com\/fr\/wp-json\/wp\/v2\/media\/7868"}],"wp:attachment":[{"href":"https:\/\/www.fourgrandmere.com\/fr\/wp-json\/wp\/v2\/media?parent=2358"}],"wp:term":[{"taxonomy":"product_brand","embeddable":true,"href":"https:\/\/www.fourgrandmere.com\/fr\/wp-json\/wp\/v2\/product_brand?post=2358"},{"taxonomy":"product_cat","embeddable":true,"href":"https:\/\/www.fourgrandmere.com\/fr\/wp-json\/wp\/v2\/product_cat?post=2358"},{"taxonomy":"product_tag","embeddable":true,"href":"https:\/\/www.fourgrandmere.com\/fr\/wp-json\/wp\/v2\/product_tag?post=2358"}],"curies":[{"name":"wp","href":"https:\/\/api.w.org\/{rel}","templated":true}]}}