{"id":2394,"date":"2013-04-04T13:37:27","date_gmt":"2013-04-04T13:37:27","guid":{"rendered":"https:\/\/www.fourgrandmere.com\/?post_type=product&#038;p=2394"},"modified":"2025-04-11T14:09:53","modified_gmt":"2025-04-11T12:09:53","slug":"support-mural-sans-accessoires","status":"publish","type":"product","link":"https:\/\/www.fourgrandmere.com\/fr\/produit\/support-mural-sans-accessoires\/","title":{"rendered":"Support mural (sans accessoires)"},"content":{"rendered":"<p>Ce support mural en inox est con\u00e7u pour accueillir jusqu\u2019\u00e0 5 accessoires \u00e0 manche en bois (embout). Facile \u00e0 fixer au mur, il permet un rangement pratique et s\u00e9curis\u00e9 de vos outils de cuisine, optimisant ainsi l\u2019espace de travail. Id\u00e9al pour garder vos accessoires \u00e0 port\u00e9e de main tout en les pr\u00e9servant.<br data-start=\"498\" data-end=\"501\" data-is-only-node=\"\" \/>Fabrication europ\u00e9enne.<\/p>\n","protected":false},"excerpt":{"rendered":"<p>Support mural en inox pour 5 accessoires, \u00e0 fixer au mur. Con\u00e7u pour les accessoires avec un manche en bois.<\/p>\n","protected":false},"featured_media":4377,"comment_status":"open","ping_status":"closed","template":"","meta":{"_acf_changed":false},"product_brand":[],"product_cat":[410,302],"product_tag":[],"class_list":{"0":"post-2394","1":"product","2":"type-product","3":"status-publish","4":"has-post-thumbnail","6":"product_cat-accessoires","7":"product_cat-accessoires-de-cuisson","8":"product_shipping_class-emballage","9":"pa_longueur-46-cm","11":"first","12":"instock","13":"taxable","14":"shipping-taxable","15":"purchasable","16":"product-type-simple"},"acf":[],"_links":{"self":[{"href":"https:\/\/www.fourgrandmere.com\/fr\/wp-json\/wp\/v2\/product\/2394","targetHints":{"allow":["GET"]}}],"collection":[{"href":"https:\/\/www.fourgrandmere.com\/fr\/wp-json\/wp\/v2\/product"}],"about":[{"href":"https:\/\/www.fourgrandmere.com\/fr\/wp-json\/wp\/v2\/types\/product"}],"replies":[{"embeddable":true,"href":"https:\/\/www.fourgrandmere.com\/fr\/wp-json\/wp\/v2\/comments?post=2394"}],"wp:featuredmedia":[{"embeddable":true,"href":"https:\/\/www.fourgrandmere.com\/fr\/wp-json\/wp\/v2\/media\/4377"}],"wp:attachment":[{"href":"https:\/\/www.fourgrandmere.com\/fr\/wp-json\/wp\/v2\/media?parent=2394"}],"wp:term":[{"taxonomy":"product_brand","embeddable":true,"href":"https:\/\/www.fourgrandmere.com\/fr\/wp-json\/wp\/v2\/product_brand?post=2394"},{"taxonomy":"product_cat","embeddable":true,"href":"https:\/\/www.fourgrandmere.com\/fr\/wp-json\/wp\/v2\/product_cat?post=2394"},{"taxonomy":"product_tag","embeddable":true,"href":"https:\/\/www.fourgrandmere.com\/fr\/wp-json\/wp\/v2\/product_tag?post=2394"}],"curies":[{"name":"wp","href":"https:\/\/api.w.org\/{rel}","templated":true}]}}