{"id":2418,"date":"2013-04-05T09:25:49","date_gmt":"2013-04-05T09:25:49","guid":{"rendered":"https:\/\/www.fourgrandmere.com\/?post_type=product&#038;p=2418"},"modified":"2026-03-23T17:29:34","modified_gmt":"2026-03-23T16:29:34","slug":"brosse-de-rechange","status":"publish","type":"product","link":"https:\/\/www.fourgrandmere.com\/fr\/produit\/brosse-de-rechange\/","title":{"rendered":"Brosse de rechange"},"content":{"rendered":"<p>Cette brosse seule de rechange, \u00e0 poils en laiton, s\u2019adapte parfaitement aux manches des brosses R\u00e9f : <a href=\"https:\/\/www.fourgrandmere.com\/fr\/produit\/brosse\/\">AC45<\/a>, <a href=\"https:\/\/www.fourgrandmere.com\/fr\/produit\/brosse\/\">AC43<\/a> et <a href=\"https:\/\/www.fourgrandmere.com\/fr\/produit\/brosse\/\">AC44<\/a>. Utilis\u00e9e l\u00e9g\u00e8rement humidifi\u00e9e, elle permet un nettoyage efficace de la sole du four avant d\u2019y enfourner les aliments.<br data-start=\"463\" data-end=\"466\" \/>Solide et bien pens\u00e9e pour un usage r\u00e9gulier, elle contribue \u00e0 maintenir la propret\u00e9 de votre four \u00e0 bois.<\/p>\n<p>Fabrication europ\u00e9enne.<\/p>\n","protected":false},"excerpt":{"rendered":"<p>Brosse de rechange en laiton, parfaite pour nettoyer la sole du four avant l\u2019enfournement.<\/p>\n","protected":false},"featured_media":3422,"comment_status":"open","ping_status":"closed","template":"","meta":{"_acf_changed":false},"product_brand":[],"product_cat":[410,302],"product_tag":[],"class_list":{"0":"post-2418","1":"product","2":"type-product","3":"status-publish","4":"has-post-thumbnail","6":"product_cat-accessoires","7":"product_cat-accessoires-de-cuisson","8":"product_shipping_class-emballage","9":"pa_largeur-5-5-cm","10":"pa_longueur-16-cm","12":"first","13":"instock","14":"taxable","15":"shipping-taxable","16":"purchasable","17":"product-type-simple"},"acf":[],"_links":{"self":[{"href":"https:\/\/www.fourgrandmere.com\/fr\/wp-json\/wp\/v2\/product\/2418","targetHints":{"allow":["GET"]}}],"collection":[{"href":"https:\/\/www.fourgrandmere.com\/fr\/wp-json\/wp\/v2\/product"}],"about":[{"href":"https:\/\/www.fourgrandmere.com\/fr\/wp-json\/wp\/v2\/types\/product"}],"replies":[{"embeddable":true,"href":"https:\/\/www.fourgrandmere.com\/fr\/wp-json\/wp\/v2\/comments?post=2418"}],"wp:featuredmedia":[{"embeddable":true,"href":"https:\/\/www.fourgrandmere.com\/fr\/wp-json\/wp\/v2\/media\/3422"}],"wp:attachment":[{"href":"https:\/\/www.fourgrandmere.com\/fr\/wp-json\/wp\/v2\/media?parent=2418"}],"wp:term":[{"taxonomy":"product_brand","embeddable":true,"href":"https:\/\/www.fourgrandmere.com\/fr\/wp-json\/wp\/v2\/product_brand?post=2418"},{"taxonomy":"product_cat","embeddable":true,"href":"https:\/\/www.fourgrandmere.com\/fr\/wp-json\/wp\/v2\/product_cat?post=2418"},{"taxonomy":"product_tag","embeddable":true,"href":"https:\/\/www.fourgrandmere.com\/fr\/wp-json\/wp\/v2\/product_tag?post=2418"}],"curies":[{"name":"wp","href":"https:\/\/api.w.org\/{rel}","templated":true}]}}