{"id":2424,"date":"2013-04-05T09:41:16","date_gmt":"2013-04-05T09:41:16","guid":{"rendered":"https:\/\/www.fourgrandmere.com\/?post_type=product&#038;p=2424"},"modified":"2025-09-18T11:29:32","modified_gmt":"2025-09-18T09:29:32","slug":"pelle-a-garnir-en-bois-31-cm","status":"publish","type":"product","link":"https:\/\/www.fourgrandmere.com\/fr\/produit\/pelle-a-garnir-en-bois-31-cm\/","title":{"rendered":"Pelle \u00e0 garnir en bois \u00d8 31"},"content":{"rendered":"<article dir=\"auto\" data-testid=\"conversation-turn-94\" data-scroll-anchor=\"true\">\n<div tabindex=\"-1\">\n<div dir=\"auto\" data-message-author-role=\"assistant\" data-message-id=\"a8f3dbcc-cd02-4c72-89fe-b253d4cd206d\" data-message-model-slug=\"gpt-4o\">\n<div>\n<div>\n<p data-start=\"274\" data-end=\"824\">Pens\u00e9e pour la pr\u00e9paration des pizzas avant la cuisson, cette pelle en bois de 31 cm offre une bonne adh\u00e9rence de la farine, limitant ainsi les risques de collage de la p\u00e2te.<br data-start=\"473\" data-end=\"476\" \/>Sa surface naturellement moins lisse que celle des pelles m\u00e9talliques en fait un outil agr\u00e9able \u00e0 utiliser pour garnir vos pizzas avec pr\u00e9cision.<br data-start=\"621\" data-end=\"624\" \/>Elle peut \u00e9galement servir pour la d\u00e9coupe des tartes flamb\u00e9es ou pizzas, id\u00e9ale pour un service convivial et efficace \u00e0 table. Une solution simple et polyvalente pour les amateurs de cuisine au four. Disponible en <a href=\"https:\/\/www.fourgrandmere.com\/fr\/produit\/pelle-a-garnir-en-bois-40-cm\/\">40 cm<\/a> pour un format plus large.<\/p>\n<p data-start=\"274\" data-end=\"824\">Fabriqu\u00e9e en France.<\/p>\n<\/div>\n<\/div>\n<\/div>\n<\/div>\n<\/article>\n","protected":false},"excerpt":{"rendered":"<p>Pelle \u00e0 garnir en bois de 31 cm de diam\u00e8tre. De taille standard, elle est parfaite pour pr\u00e9parer vos pizzas avant la cuisson.<\/p>\n","protected":false},"featured_media":3707,"comment_status":"open","ping_status":"closed","template":"","meta":{"_acf_changed":false},"product_brand":[],"product_cat":[410,302,401],"product_tag":[],"class_list":{"0":"post-2424","1":"product","2":"type-product","3":"status-publish","4":"has-post-thumbnail","6":"product_cat-accessoires","7":"product_cat-accessoires-de-cuisson","8":"product_cat-articles-de-cuisine","9":"product_shipping_class-emballage","10":"pa_diametre-interieur-30-cm","11":"pa_longueur-46-cm","13":"first","14":"instock","15":"taxable","16":"shipping-taxable","17":"purchasable","18":"product-type-variable"},"acf":[],"_links":{"self":[{"href":"https:\/\/www.fourgrandmere.com\/fr\/wp-json\/wp\/v2\/product\/2424","targetHints":{"allow":["GET"]}}],"collection":[{"href":"https:\/\/www.fourgrandmere.com\/fr\/wp-json\/wp\/v2\/product"}],"about":[{"href":"https:\/\/www.fourgrandmere.com\/fr\/wp-json\/wp\/v2\/types\/product"}],"replies":[{"embeddable":true,"href":"https:\/\/www.fourgrandmere.com\/fr\/wp-json\/wp\/v2\/comments?post=2424"}],"wp:featuredmedia":[{"embeddable":true,"href":"https:\/\/www.fourgrandmere.com\/fr\/wp-json\/wp\/v2\/media\/3707"}],"wp:attachment":[{"href":"https:\/\/www.fourgrandmere.com\/fr\/wp-json\/wp\/v2\/media?parent=2424"}],"wp:term":[{"taxonomy":"product_brand","embeddable":true,"href":"https:\/\/www.fourgrandmere.com\/fr\/wp-json\/wp\/v2\/product_brand?post=2424"},{"taxonomy":"product_cat","embeddable":true,"href":"https:\/\/www.fourgrandmere.com\/fr\/wp-json\/wp\/v2\/product_cat?post=2424"},{"taxonomy":"product_tag","embeddable":true,"href":"https:\/\/www.fourgrandmere.com\/fr\/wp-json\/wp\/v2\/product_tag?post=2424"}],"curies":[{"name":"wp","href":"https:\/\/api.w.org\/{rel}","templated":true}]}}