{"id":2436,"date":"2013-04-05T09:52:07","date_gmt":"2013-04-05T09:52:07","guid":{"rendered":"https:\/\/www.fourgrandmere.com\/?post_type=product&#038;p=2436"},"modified":"2025-04-11T13:55:46","modified_gmt":"2025-04-11T11:55:46","slug":"pelle-a-garnir-en-bois-40-cm","status":"publish","type":"product","link":"https:\/\/www.fourgrandmere.com\/fr\/produit\/pelle-a-garnir-en-bois-40-cm\/","title":{"rendered":"Pelle \u00e0 garnir en bois \u00d8 40"},"content":{"rendered":"<p>Cette pelle \u00e0 garnir en bois de 40 cm de diam\u00e8tre a \u00e9t\u00e9 \u00e9labor\u00e9e pour faciliter la pr\u00e9paration des pizzas avant de les cuire.\u00a0Moins lisse que les pelles m\u00e9talliques, elle retient naturellement la farine, r\u00e9duisant ainsi l\u2019adh\u00e9rence de la p\u00e2te.<br data-start=\"495\" data-end=\"498\" \/>Pratique et polyvalente, elle peut \u00e9galement \u00eatre utilis\u00e9e pour couper les tartes flamb\u00e9es ou pizzas, id\u00e9ale pour partager des moments conviviaux en famille ou entre amis. Un outil \u00e0 la fois fonctionnel et convivial pour vos repas. Elle est \u00e9galement disponible en <a href=\"https:\/\/www.fourgrandmere.com\/fr\/produit\/pelle-a-garnir-en-bois-31-cm\/\">\u00d8 31<\/a>.<\/p>\n<p>Fabriqu\u00e9e en France.<\/p>\n","protected":false},"excerpt":{"rendered":"<p>Pelle \u00e0 garnir en bois de 40 cm de diam\u00e8tre, parfaite pour pr\u00e9parer vos pizzas avant cuisson. Elle retient naturellement la farine et peut \u00e9galement servir \u00e0 couper les tartes flamb\u00e9es ou pizzas.<\/p>\n","protected":false},"featured_media":3707,"comment_status":"open","ping_status":"closed","template":"","meta":{"_acf_changed":false},"product_brand":[],"product_cat":[410,302,401],"product_tag":[],"class_list":{"0":"post-2436","1":"product","2":"type-product","3":"status-publish","4":"has-post-thumbnail","6":"product_cat-accessoires","7":"product_cat-accessoires-de-cuisson","8":"product_cat-articles-de-cuisine","9":"product_shipping_class-emballage","10":"pa_diametre-interieur-40-cm","11":"pa_longueur-56-cm","13":"first","14":"instock","15":"taxable","16":"shipping-taxable","17":"purchasable","18":"product-type-variable"},"acf":[],"_links":{"self":[{"href":"https:\/\/www.fourgrandmere.com\/fr\/wp-json\/wp\/v2\/product\/2436","targetHints":{"allow":["GET"]}}],"collection":[{"href":"https:\/\/www.fourgrandmere.com\/fr\/wp-json\/wp\/v2\/product"}],"about":[{"href":"https:\/\/www.fourgrandmere.com\/fr\/wp-json\/wp\/v2\/types\/product"}],"replies":[{"embeddable":true,"href":"https:\/\/www.fourgrandmere.com\/fr\/wp-json\/wp\/v2\/comments?post=2436"}],"wp:featuredmedia":[{"embeddable":true,"href":"https:\/\/www.fourgrandmere.com\/fr\/wp-json\/wp\/v2\/media\/3707"}],"wp:attachment":[{"href":"https:\/\/www.fourgrandmere.com\/fr\/wp-json\/wp\/v2\/media?parent=2436"}],"wp:term":[{"taxonomy":"product_brand","embeddable":true,"href":"https:\/\/www.fourgrandmere.com\/fr\/wp-json\/wp\/v2\/product_brand?post=2436"},{"taxonomy":"product_cat","embeddable":true,"href":"https:\/\/www.fourgrandmere.com\/fr\/wp-json\/wp\/v2\/product_cat?post=2436"},{"taxonomy":"product_tag","embeddable":true,"href":"https:\/\/www.fourgrandmere.com\/fr\/wp-json\/wp\/v2\/product_tag?post=2436"}],"curies":[{"name":"wp","href":"https:\/\/api.w.org\/{rel}","templated":true}]}}