{"id":2463,"date":"2013-04-05T10:58:27","date_gmt":"2013-04-05T10:58:27","guid":{"rendered":"https:\/\/www.fourgrandmere.com\/?post_type=product&#038;p=2463"},"modified":"2025-04-11T13:48:56","modified_gmt":"2025-04-11T11:48:56","slug":"pelle-perforee-en-aluminium-oe-33-cm","status":"publish","type":"product","link":"https:\/\/www.fourgrandmere.com\/fr\/produit\/pelle-perforee-en-aluminium-oe-33-cm\/","title":{"rendered":"Pelle perfor\u00e9e en Aluminium \u00d8 33 cm"},"content":{"rendered":"<p>\u00c9labor\u00e9e pour les professionnels de la pizza, la pelle \u00e0 pizza sole mio est fabriqu\u00e9e en aluminium l\u00e9ger et perfor\u00e9 avec une longueur de 1,70 m, optimale pour la cuisson de vos pizzas. Son diam\u00e8tre de 33\u00a0cm est adapt\u00e9 aux tailles standard de pizzas. Fabriqu\u00e9e en Europe, elle garantit qualit\u00e9 et durabilit\u00e9.<\/p>\n<p>Pour la manipulation des pizzas pendant la cuisson, nous vous conseillons nos pelles en :<\/p>\n<ul>\n<li><a href=\"https:\/\/www.fourgrandmere.com\/fr\/produit\/pelle-inox-18-cm\/\">18 cm<\/a><\/li>\n<li><a href=\"https:\/\/www.fourgrandmere.com\/fr\/produit\/pelle-tout-inox-oe-31-cm\/\">31 cm<\/a><\/li>\n<\/ul>\n","protected":false},"excerpt":{"rendered":"<p>Pelle perfor\u00e9e en aluminium de 33 cm de diam\u00e8tre et 1,70 m de longueur facilite l&rsquo;enfournement et le retrait des pizzas.<\/p>\n","protected":false},"featured_media":3743,"comment_status":"open","ping_status":"closed","template":"","meta":{"_acf_changed":false},"product_brand":[],"product_cat":[410,302],"product_tag":[],"class_list":{"0":"post-2463","1":"product","2":"type-product","3":"status-publish","4":"has-post-thumbnail","6":"product_cat-accessoires","7":"product_cat-accessoires-de-cuisson","8":"product_shipping_class-emballage","9":"pa_longueur-170-cm","11":"first","12":"instock","13":"taxable","14":"shipping-taxable","15":"purchasable","16":"product-type-simple"},"acf":[],"_links":{"self":[{"href":"https:\/\/www.fourgrandmere.com\/fr\/wp-json\/wp\/v2\/product\/2463","targetHints":{"allow":["GET"]}}],"collection":[{"href":"https:\/\/www.fourgrandmere.com\/fr\/wp-json\/wp\/v2\/product"}],"about":[{"href":"https:\/\/www.fourgrandmere.com\/fr\/wp-json\/wp\/v2\/types\/product"}],"replies":[{"embeddable":true,"href":"https:\/\/www.fourgrandmere.com\/fr\/wp-json\/wp\/v2\/comments?post=2463"}],"wp:featuredmedia":[{"embeddable":true,"href":"https:\/\/www.fourgrandmere.com\/fr\/wp-json\/wp\/v2\/media\/3743"}],"wp:attachment":[{"href":"https:\/\/www.fourgrandmere.com\/fr\/wp-json\/wp\/v2\/media?parent=2463"}],"wp:term":[{"taxonomy":"product_brand","embeddable":true,"href":"https:\/\/www.fourgrandmere.com\/fr\/wp-json\/wp\/v2\/product_brand?post=2463"},{"taxonomy":"product_cat","embeddable":true,"href":"https:\/\/www.fourgrandmere.com\/fr\/wp-json\/wp\/v2\/product_cat?post=2463"},{"taxonomy":"product_tag","embeddable":true,"href":"https:\/\/www.fourgrandmere.com\/fr\/wp-json\/wp\/v2\/product_tag?post=2463"}],"curies":[{"name":"wp","href":"https:\/\/api.w.org\/{rel}","templated":true}]}}