{"id":2523,"date":"2013-04-05T14:34:41","date_gmt":"2013-04-05T14:34:41","guid":{"rendered":"https:\/\/www.fourgrandmere.com\/?post_type=product&#038;p=2523"},"modified":"2026-03-23T17:29:35","modified_gmt":"2026-03-23T16:29:35","slug":"pelle-inox-30-cm","status":"publish","type":"product","link":"https:\/\/www.fourgrandmere.com\/fr\/produit\/pelle-inox-30-cm\/","title":{"rendered":"Pelle Inox \u00d8 30 cm"},"content":{"rendered":"<p>Con\u00e7ue pour les professionnels de la pizza, cette pelle \u00e0 pizza en acier inoxydable avec un embout en bois offre une robustesse et une durabilit\u00e9 exceptionnelle. Son diam\u00e8tre de 30 cm permet de manipuler ais\u00e9ment des pizzas de taille standard, facilitant ainsi les op\u00e9rations d&rsquo;enfournement et de d\u00e9fournement. Disponible en deux longueurs, 1,50 m et 2,20 m, elle s&rsquo;adapte aux diff\u00e9rents types de fours et aux pr\u00e9f\u00e9rences des utilisateurs. On peut \u00e9galement retrouver la pelle en 1,20 m avec un<a href=\"https:\/\/www.fourgrandmere.com\/fr\/produit\/pelle-inox-oe-26-cm-long-1-20-m\/\"> diam\u00e8tre de 26 cm<\/a>. Fabriqu\u00e9e en Europe, cette pelle garantit une qualit\u00e9 de fabrication r\u00e9pondant aux normes professionnelles les plus exigeantes.\u200b<\/p>\n<p>Pour la manipulation des pizzas pendant la cuisson, nous vous conseillons nos pelles en :<\/p>\n<ul>\n<li data-start=\"481\" data-end=\"748\"><a href=\"https:\/\/www.fourgrandmere.com\/fr\/produit\/pelle-inox-18-cm\/\">18 cm<\/a><\/li>\n<li><a href=\"https:\/\/www.fourgrandmere.com\/fr\/produit\/pelle-tout-inox-oe-31-cm\/\">31 cm<\/a><\/li>\n<\/ul>\n<p>Compatible avec le <a href=\"https:\/\/www.fourgrandmere.com\/fr\/produit\/support-mural-sans-accessoires\/\">support mural<\/a> R\u00e9f : ACM50.<\/p>\n","protected":false},"excerpt":{"rendered":"<p>Avec un diam\u00e8tre de 30 cm, cette pelle inox est id\u00e9ale pour enfourner et d\u00e9fourner vos pizzas. Disponible en longueur 1,50 m et 2,20 m.<\/p>\n","protected":false},"featured_media":3485,"comment_status":"open","ping_status":"closed","template":"","meta":{"_acf_changed":false},"product_brand":[],"product_cat":[302,410],"product_tag":[],"class_list":{"0":"post-2523","1":"product","2":"type-product","3":"status-publish","4":"has-post-thumbnail","6":"product_cat-accessoires-de-cuisson","7":"product_cat-accessoires","8":"product_shipping_class-emballage","9":"pa_diametre-interieur-30-cm","10":"pa_longueur-150-cm","11":"pa_longueur-220-cm","13":"first","14":"instock","15":"taxable","16":"shipping-taxable","17":"purchasable","18":"product-type-variable"},"acf":[],"_links":{"self":[{"href":"https:\/\/www.fourgrandmere.com\/fr\/wp-json\/wp\/v2\/product\/2523","targetHints":{"allow":["GET"]}}],"collection":[{"href":"https:\/\/www.fourgrandmere.com\/fr\/wp-json\/wp\/v2\/product"}],"about":[{"href":"https:\/\/www.fourgrandmere.com\/fr\/wp-json\/wp\/v2\/types\/product"}],"replies":[{"embeddable":true,"href":"https:\/\/www.fourgrandmere.com\/fr\/wp-json\/wp\/v2\/comments?post=2523"}],"wp:featuredmedia":[{"embeddable":true,"href":"https:\/\/www.fourgrandmere.com\/fr\/wp-json\/wp\/v2\/media\/3485"}],"wp:attachment":[{"href":"https:\/\/www.fourgrandmere.com\/fr\/wp-json\/wp\/v2\/media?parent=2523"}],"wp:term":[{"taxonomy":"product_brand","embeddable":true,"href":"https:\/\/www.fourgrandmere.com\/fr\/wp-json\/wp\/v2\/product_brand?post=2523"},{"taxonomy":"product_cat","embeddable":true,"href":"https:\/\/www.fourgrandmere.com\/fr\/wp-json\/wp\/v2\/product_cat?post=2523"},{"taxonomy":"product_tag","embeddable":true,"href":"https:\/\/www.fourgrandmere.com\/fr\/wp-json\/wp\/v2\/product_tag?post=2523"}],"curies":[{"name":"wp","href":"https:\/\/api.w.org\/{rel}","templated":true}]}}