{"id":2529,"date":"2013-04-05T15:03:07","date_gmt":"2013-04-05T15:03:07","guid":{"rendered":"https:\/\/www.fourgrandmere.com\/?post_type=product&#038;p=2529"},"modified":"2026-03-23T17:29:35","modified_gmt":"2026-03-23T16:29:35","slug":"pelle-a-braises","status":"publish","type":"product","link":"https:\/\/www.fourgrandmere.com\/fr\/produit\/pelle-a-braises\/","title":{"rendered":"Pelle \u00e0 Braises"},"content":{"rendered":"<p>Son manche en inox assure une prise en main solide et durable, tandis que l\u2019embout en bois offre une touche chaleureuse et prot\u00e8ge de la chaleur du feu et des braises. Disponible en trois longueurs (120 cm, 150 cm et 220 cm),\u00a0 elle s\u2019adapte \u00e0 toutes les configurations et \u00e0 vos besoins sp\u00e9cifiques, garantissant une manipulation pr\u00e9cise et s\u00e9curis\u00e9e des braises.<br \/>\nElle est compatible avec le <a href=\"https:\/\/www.fourgrandmere.com\/fr\/produit\/support-mural-sans-accessoires\/\">support mural<\/a> R\u00e9f : ACM50, facilitant ainsi son rangement et contribuant \u00e0 un espace de travail organis\u00e9.<\/p>\n","protected":false},"excerpt":{"rendered":"<p>Cette pelle \u00e0 braises dot\u00e9e d\u2019un manche en inox et d\u2019un embout en bois, est disponible en 120 cm, 150 cm et 220 cm. Elle permet de manipuler ais\u00e9ment les braises et les cendres pr\u00e9sentes dans le four.<\/p>\n","protected":false},"featured_media":3695,"comment_status":"open","ping_status":"closed","template":"","meta":{"_acf_changed":false},"product_brand":[],"product_cat":[302,410],"product_tag":[],"class_list":{"0":"post-2529","1":"product","2":"type-product","3":"status-publish","4":"has-post-thumbnail","6":"product_cat-accessoires-de-cuisson","7":"product_cat-accessoires","8":"product_shipping_class-emballage","9":"pa_longueur-120-cm","10":"pa_longueur-150-cm","11":"pa_longueur-220-cm","13":"first","14":"instock","15":"taxable","16":"shipping-taxable","17":"purchasable","18":"product-type-variable"},"acf":[],"_links":{"self":[{"href":"https:\/\/www.fourgrandmere.com\/fr\/wp-json\/wp\/v2\/product\/2529","targetHints":{"allow":["GET"]}}],"collection":[{"href":"https:\/\/www.fourgrandmere.com\/fr\/wp-json\/wp\/v2\/product"}],"about":[{"href":"https:\/\/www.fourgrandmere.com\/fr\/wp-json\/wp\/v2\/types\/product"}],"replies":[{"embeddable":true,"href":"https:\/\/www.fourgrandmere.com\/fr\/wp-json\/wp\/v2\/comments?post=2529"}],"wp:featuredmedia":[{"embeddable":true,"href":"https:\/\/www.fourgrandmere.com\/fr\/wp-json\/wp\/v2\/media\/3695"}],"wp:attachment":[{"href":"https:\/\/www.fourgrandmere.com\/fr\/wp-json\/wp\/v2\/media?parent=2529"}],"wp:term":[{"taxonomy":"product_brand","embeddable":true,"href":"https:\/\/www.fourgrandmere.com\/fr\/wp-json\/wp\/v2\/product_brand?post=2529"},{"taxonomy":"product_cat","embeddable":true,"href":"https:\/\/www.fourgrandmere.com\/fr\/wp-json\/wp\/v2\/product_cat?post=2529"},{"taxonomy":"product_tag","embeddable":true,"href":"https:\/\/www.fourgrandmere.com\/fr\/wp-json\/wp\/v2\/product_tag?post=2529"}],"curies":[{"name":"wp","href":"https:\/\/api.w.org\/{rel}","templated":true}]}}