{"id":2541,"date":"2024-12-03T11:32:54","date_gmt":"2024-12-03T10:32:54","guid":{"rendered":"https:\/\/www.fourgrandmere.com\/?post_type=product&#038;p=2541"},"modified":"2025-04-11T09:51:15","modified_gmt":"2025-04-11T07:51:15","slug":"support-metallique","status":"publish","type":"product","link":"https:\/\/www.fourgrandmere.com\/fr\/produit\/support-metallique\/","title":{"rendered":"Support m\u00e9tallique"},"content":{"rendered":"<p>Il permet une pose rapide du four sans ma\u00e7onnerie. Ce support\u00a0 m\u00e9tallique m\u00e9canosoud\u00e9 est fabriqu\u00e9 en acier peint. Il est disponible, en plusieurs tailles,\u00a0 pour les diff\u00e9rents mod\u00e8les pour lesquels il est sp\u00e9cialement con\u00e7u. La hauteur du pi\u00e9tement est r\u00e9alis\u00e9e au choix du client, ce support est , par ailleurs,\u00a0 d\u00e9montable si besoin. Il est con\u00e7u pour un usage int\u00e9rieur mais peut \u00eatre utilis\u00e9 aussi \u00e0 l&rsquo;ext\u00e9rieur sous abri.<\/p>\n<p>Fabrication fran\u00e7aise, dans nos ateliers.<\/p>\n","protected":false},"excerpt":{"rendered":"<p>Support m\u00e9tallique pour poser votre four Grand-M\u00e8re.<\/p>\n<p>Chaque mod\u00e8le de support \u00e9tant adapt\u00e9 \u00e0 un mod\u00e8le de four \u00e0 bois, merci de nous consulter pour un devis.<\/p>\n","protected":false},"featured_media":7976,"comment_status":"open","ping_status":"closed","template":"","meta":{"_acf_changed":false},"product_brand":[],"product_cat":[410,398],"product_tag":[],"class_list":{"0":"post-2541","1":"product","2":"type-product","3":"status-publish","4":"has-post-thumbnail","6":"product_cat-accessoires","7":"product_cat-equipements-de-pose","9":"first","10":"instock","11":"purchasable","12":"product-type-simple"},"acf":[],"_links":{"self":[{"href":"https:\/\/www.fourgrandmere.com\/fr\/wp-json\/wp\/v2\/product\/2541","targetHints":{"allow":["GET"]}}],"collection":[{"href":"https:\/\/www.fourgrandmere.com\/fr\/wp-json\/wp\/v2\/product"}],"about":[{"href":"https:\/\/www.fourgrandmere.com\/fr\/wp-json\/wp\/v2\/types\/product"}],"replies":[{"embeddable":true,"href":"https:\/\/www.fourgrandmere.com\/fr\/wp-json\/wp\/v2\/comments?post=2541"}],"wp:featuredmedia":[{"embeddable":true,"href":"https:\/\/www.fourgrandmere.com\/fr\/wp-json\/wp\/v2\/media\/7976"}],"wp:attachment":[{"href":"https:\/\/www.fourgrandmere.com\/fr\/wp-json\/wp\/v2\/media?parent=2541"}],"wp:term":[{"taxonomy":"product_brand","embeddable":true,"href":"https:\/\/www.fourgrandmere.com\/fr\/wp-json\/wp\/v2\/product_brand?post=2541"},{"taxonomy":"product_cat","embeddable":true,"href":"https:\/\/www.fourgrandmere.com\/fr\/wp-json\/wp\/v2\/product_cat?post=2541"},{"taxonomy":"product_tag","embeddable":true,"href":"https:\/\/www.fourgrandmere.com\/fr\/wp-json\/wp\/v2\/product_tag?post=2541"}],"curies":[{"name":"wp","href":"https:\/\/api.w.org\/{rel}","templated":true}]}}