{"id":2550,"date":"2013-04-08T13:45:31","date_gmt":"2013-04-08T13:45:31","guid":{"rendered":"https:\/\/www.fourgrandmere.com\/?post_type=product&#038;p=2550"},"modified":"2026-03-26T09:47:46","modified_gmt":"2026-03-26T08:47:46","slug":"raclette-a-braises","status":"publish","type":"product","link":"https:\/\/www.fourgrandmere.com\/fr\/produit\/raclette-a-braises\/","title":{"rendered":"Raclette \u00e0 braises"},"content":{"rendered":"<p>Cette raclette \u00e0 braises, disponible en trois longueurs (1,20 m, 1,50 m et 2,20 m), est un accessoire essentiel pour une gestion optimale de votre four.<br \/>\nGr\u00e2ce \u00e0 ses dimensions adapt\u00e9es, elle assure une manipulation ais\u00e9e des braises et une meilleure \u00e9vacuation des r\u00e9sidus, ce qui contribue \u00e0 maintenir un environnement de cuisson s\u00fbr et propre. De plus, fabriqu\u00e9e en Europe, elle garantit une qualit\u00e9 et une robustesse \u00e0 la hauteur des exigences des professionnels.<\/p>\n<p>Compatible avec notre <a href=\"https:\/\/www.fourgrandmere.com\/fr\/produit\/support-mural-sans-accessoires\/\">support mural<\/a>, R\u00e9f : ACM 50.<\/p>\n","protected":false},"excerpt":{"rendered":"<p>Cette raclette \u00e0 braises est parfaite pour organiser les b\u00fbches dans le four et retirer les cendres et braises vers le cendrier. Disponible en 1,20 m, 1,50 m et 2,20 m, elle garantit une manipulation efficace des braises et des buches.<\/p>\n","protected":false},"featured_media":3824,"comment_status":"open","ping_status":"closed","template":"","meta":{"_acf_changed":false},"product_brand":[],"product_cat":[302,410],"product_tag":[],"class_list":{"0":"post-2550","1":"product","2":"type-product","3":"status-publish","4":"has-post-thumbnail","6":"product_cat-accessoires-de-cuisson","7":"product_cat-accessoires","8":"product_shipping_class-emballage","9":"pa_longueur-120-cm","10":"pa_longueur-150-cm","11":"pa_longueur-220-cm","13":"first","14":"instock","15":"taxable","16":"shipping-taxable","17":"purchasable","18":"product-type-variable"},"acf":[],"_links":{"self":[{"href":"https:\/\/www.fourgrandmere.com\/fr\/wp-json\/wp\/v2\/product\/2550","targetHints":{"allow":["GET"]}}],"collection":[{"href":"https:\/\/www.fourgrandmere.com\/fr\/wp-json\/wp\/v2\/product"}],"about":[{"href":"https:\/\/www.fourgrandmere.com\/fr\/wp-json\/wp\/v2\/types\/product"}],"replies":[{"embeddable":true,"href":"https:\/\/www.fourgrandmere.com\/fr\/wp-json\/wp\/v2\/comments?post=2550"}],"wp:featuredmedia":[{"embeddable":true,"href":"https:\/\/www.fourgrandmere.com\/fr\/wp-json\/wp\/v2\/media\/3824"}],"wp:attachment":[{"href":"https:\/\/www.fourgrandmere.com\/fr\/wp-json\/wp\/v2\/media?parent=2550"}],"wp:term":[{"taxonomy":"product_brand","embeddable":true,"href":"https:\/\/www.fourgrandmere.com\/fr\/wp-json\/wp\/v2\/product_brand?post=2550"},{"taxonomy":"product_cat","embeddable":true,"href":"https:\/\/www.fourgrandmere.com\/fr\/wp-json\/wp\/v2\/product_cat?post=2550"},{"taxonomy":"product_tag","embeddable":true,"href":"https:\/\/www.fourgrandmere.com\/fr\/wp-json\/wp\/v2\/product_tag?post=2550"}],"curies":[{"name":"wp","href":"https:\/\/api.w.org\/{rel}","templated":true}]}}